{"id":2015,"date":"2018-02-20T16:10:13","date_gmt":"2018-02-20T16:10:13","guid":{"rendered":"http:\/\/www.chroma-web.com\/bridgetolosa\/visa-txartela-eskuratu\/"},"modified":"2018-04-23T10:47:34","modified_gmt":"2018-04-23T10:47:34","slug":"consigue-tarjeta-visa","status":"publish","type":"page","link":"https:\/\/tolosandco.org\/es\/consigue-tarjeta-visa\/","title":{"rendered":"CONS\u00cdGUELA Y BENEF\u00cdCIATE"},"content":{"rendered":"<div class=\"wpb-content-wrapper\"><p>[vc_row css_animation=\u00bb\u00bb row_type=\u00bbrow\u00bb use_row_as_full_screen_section=\u00bbno\u00bb type=\u00bbgrid\u00bb angled_section=\u00bbno\u00bb text_align=\u00bbleft\u00bb background_image_as_pattern=\u00bbwithout_pattern\u00bb css=\u00bb.vc_custom_1520598912265{padding-bottom: 70px !important;}\u00bb z_index=\u00bb\u00bb][vc_column][qode_elements_holder number_of_columns=\u00bbone_column\u00bb][qode_elements_holder_item item_padding=\u00bb0px 43% 0px 0px\u00bb advanced_animations=\u00bbno\u00bb item_padding_1024_1280=\u00bb0px 38% 0px 0px\u00bb item_padding_768_1024=\u00bb0px 28% 0px 0px\u00bb item_padding_600_768=\u00bb0px 20% 0px 0px\u00bb item_padding_480_600=\u00bb0px 0% 0px 0px\u00bb item_padding_480=\u00bb0px 0% 0px 0px\u00bb][vc_column_text]<\/p>\n<h2>UN MONT\u00d3N DE BENEFICIOS EN TAN SOLO UNA TARJETA<\/h2>\n<p>[\/vc_column_text][\/qode_elements_holder_item][\/qode_elements_holder][vc_empty_space height=\u00bb65px\u00bb][vc_column_text]Si te gustar\u00eda beneficiarte de<strong> m\u00faltiples promociones, descuentos acumulados, regalos y cheques de compras\u00a0<\/strong> y obtener todas las ventajas de la tarjeta VISA de Tolosa&amp;Co, lo tienes muy f\u00e1cil: h\u00e1ztela. S\u00f3lo tienes que <strong>rellenar este formulario de inscripci\u00f3n<\/strong> o solicitarlo en cualquier comercio y\/o establecimiento miembro de la asociaci\u00f3n Tolosa&amp;Co, o en la sucursal de Caja Rural de Navarra situada en la Avenida de Navarra de Tolosa.[\/vc_column_text][\/vc_column][\/vc_row][vc_row css_animation=\u00bb\u00bb row_type=\u00bbrow\u00bb use_row_as_full_screen_section=\u00bbno\u00bb type=\u00bbgrid\u00bb angled_section=\u00bbno\u00bb text_align=\u00bbleft\u00bb background_image_as_pattern=\u00bbwithout_pattern\u00bb z_index=\u00bb\u00bb][vc_column]\n<div class=\"wpcf7 no-js\" id=\"wpcf7-f2458-o1\" lang=\"en-US\" dir=\"ltr\">\n<div class=\"screen-reader-response\"><p role=\"status\" aria-live=\"polite\" aria-atomic=\"true\"><\/p> <ul><\/ul><\/div>\n<form action=\"\/es\/wp-json\/wp\/v2\/pages\/2015#wpcf7-f2458-o1\" method=\"post\" class=\"wpcf7-form init default\" aria-label=\"Contact form\" enctype=\"multipart\/form-data\" novalidate=\"novalidate\" data-status=\"init\">\n<div style=\"display: none;\">\n<input type=\"hidden\" name=\"_wpcf7\" value=\"2458\" \/>\n<input type=\"hidden\" name=\"_wpcf7_version\" value=\"5.9.8\" \/>\n<input type=\"hidden\" name=\"_wpcf7_locale\" value=\"en_US\" \/>\n<input type=\"hidden\" name=\"_wpcf7_unit_tag\" value=\"wpcf7-f2458-o1\" \/>\n<input type=\"hidden\" name=\"_wpcf7_container_post\" value=\"0\" \/>\n<input type=\"hidden\" name=\"_wpcf7_posted_data_hash\" value=\"\" \/>\n<input type=\"hidden\" name=\"_wpcf7_recaptcha_response\" value=\"\" \/>\n<\/div>\n<div class=\"formulario\">\n\t<div>\n\t\t<p><strong class=\"kolore\"> Informaci\u00f3n general <\/strong>\n\t\t<\/p>\n\t\t<p><label> Nombre y apellidos <strong class=\"kolore\">*<\/strong><br \/>\n<span class=\"wpcf7-form-control-wrap\" data-name=\"text-saltokia\"><input size=\"40\" maxlength=\"400\" class=\"wpcf7-form-control wpcf7-text wpcf7-validates-as-required\" aria-required=\"true\" aria-invalid=\"false\" placeholder=\"Escribe aqu\u00ed tu nombre y apellidos\" value=\"\" type=\"text\" name=\"text-saltokia\" \/><\/span> <\/label>\n\t\t<\/p>\n\t\t<p><label> Direcci\u00f3n<strong class=\"kolore\">*<\/strong><br \/>\n<span class=\"wpcf7-form-control-wrap\" data-name=\"helbidea\"><input size=\"40\" maxlength=\"400\" class=\"wpcf7-form-control wpcf7-text wpcf7-validates-as-required\" aria-required=\"true\" aria-invalid=\"false\" placeholder=\"Escribe aqu\u00ed tu direcci\u00f3n\" value=\"\" type=\"text\" name=\"helbidea\" \/><\/span> <\/label>\n\t\t<\/p>\n\t\t<p><label> Poblaci\u00f3n<strong class=\"kolore\">*<\/strong><br \/>\n<span class=\"wpcf7-form-control-wrap\" data-name=\"pueblo\"><input size=\"40\" maxlength=\"400\" class=\"wpcf7-form-control wpcf7-text wpcf7-validates-as-required\" aria-required=\"true\" aria-invalid=\"false\" placeholder=\"Escribe aqu\u00ed tu pueblo\" value=\"\" type=\"text\" name=\"pueblo\" \/><\/span> <\/label>\n\t\t<\/p>\n\t\t<p><label> E-mail<strong class=\"kolore\">*<\/strong><br \/>\n<span class=\"wpcf7-form-control-wrap\" data-name=\"emaila\"><input size=\"40\" maxlength=\"400\" class=\"wpcf7-form-control wpcf7-email wpcf7-validates-as-required wpcf7-text wpcf7-validates-as-email\" aria-required=\"true\" aria-invalid=\"false\" placeholder=\"Escribe aqu\u00ed tu direcci\u00f3n electr\u00f3nica\" value=\"\" type=\"email\" name=\"emaila\" \/><\/span> <\/label><br \/>\n<label> DNI<strong class=\"kolore\">* (es necesario escanear las dos caras del DNI)<\/strong><br \/>\n<span class=\"wpcf7-form-control-wrap\" data-name=\"file-211\"><input size=\"40\" class=\"wpcf7-form-control wpcf7-file wpcf7-validates-as-required\" accept=\"audio\/*,video\/*,image\/*\" aria-required=\"true\" aria-invalid=\"false\" type=\"file\" name=\"file-211\" \/><\/span><\/label>\n\t\t<\/p>\n\t<\/div>\n\t<div>\n\t\t<p><strong class=\"kolore\"> Datos bancarios <\/strong>\n\t\t<\/p>\n\t\t<p><label> Titular de la cuenta<br \/>\n<span class=\"wpcf7-form-control-wrap\" data-name=\"text-titular\"><input size=\"40\" maxlength=\"400\" class=\"wpcf7-form-control wpcf7-text\" aria-invalid=\"false\" placeholder=\"Escribe aqu\u00ed el nombre del titular\" value=\"\" type=\"text\" name=\"text-titular\" \/><\/span> <\/label>\n\t\t<\/p>\n\t\t<p><label> N\u00famero de cuenta (IBAN)<strong class=\"kolore\">*<\/strong><br \/>\n<span class=\"wpcf7-form-control-wrap\" data-name=\"iban\"><input size=\"40\" maxlength=\"400\" class=\"wpcf7-form-control wpcf7-text wpcf7-validates-as-required\" aria-required=\"true\" aria-invalid=\"false\" placeholder=\"Escribe aqu\u00ed tu n\u00famero de cuenta IBAN\" value=\"\" type=\"text\" name=\"iban\" \/><\/span> <\/label>\n\t\t<\/p>\n\t\t<p><label> N.I.F. <strong class=\"kolore\">*<\/strong><br \/>\n<span class=\"wpcf7-form-control-wrap\" data-name=\"text-nan\"><input size=\"40\" maxlength=\"400\" class=\"wpcf7-form-control wpcf7-text wpcf7-validates-as-required\" aria-required=\"true\" aria-invalid=\"false\" placeholder=\"Escribe aqu\u00ed el NIF\" value=\"\" type=\"text\" name=\"text-nan\" \/><\/span> <\/label>\n\t\t<\/p>\n\t\t<p><label> Tel\u00e9fono<strong class=\"kolore\">*<\/strong><br \/>\n<span class=\"wpcf7-form-control-wrap\" data-name=\"telefonoa\"><input size=\"40\" maxlength=\"400\" class=\"wpcf7-form-control wpcf7-tel wpcf7-validates-as-required wpcf7-text wpcf7-validates-as-tel\" aria-required=\"true\" aria-invalid=\"false\" placeholder=\"Escribe aqu\u00ed tu n\u00famero de tel\u00e9fono\" value=\"\" type=\"tel\" name=\"telefonoa\" \/><\/span> <\/label>\n\t\t<\/p>\n\t\t<p><span class=\"kolore\">*Campos obligatorios<\/span>\n\t\t<\/p>\n\t\t<p><span class=\"wpcf7-form-control-wrap\" data-name=\"acepta-rgdp\"><span class=\"wpcf7-form-control wpcf7-acceptance\"><span class=\"wpcf7-list-item\"><label><input type=\"checkbox\" name=\"acepta-rgdp\" value=\"1\" aria-invalid=\"false\" \/><span class=\"wpcf7-list-item-label\">He le\u00eddo y acepto la <a href=\"http:\/\/tolosandco.org\/es\/aviso-legal\/\">pol\u00edtica de privacidad<\/a>.<\/span><\/label><\/span><\/span><\/span>\n\t\t<\/p>\n\t\t<p><!-- Mailchimp for WordPress v4.9.17 - https:\/\/www.mc4wp.com\/ --><input type=\"hidden\" name=\"_mc4wp_subscribe_contact-form-7\" value=\"0\" \/><span class=\"mc4wp-checkbox mc4wp-checkbox-contact-form-7 \" ><label><input type=\"checkbox\" name=\"_mc4wp_subscribe_contact-form-7\" value=\"1\"  \/><span>Quiero recibir informaci\u00f3n sobre las promociones, eventos y sorteos.<\/span><\/label><\/span><!-- \/ Mailchimp for WordPress -->\n\t\t<\/p>\n\t\t<p><input class=\"wpcf7-form-control wpcf7-submit has-spinner\" type=\"submit\" value=\"Enviar\" \/>\n\t\t<\/p>\n\t<\/div>\n\t<div class=\"textoleyenda\">\n\t\t<p><span class=\"espacio\"><\/span>\n\t\t<\/p>\n\t\t<p class=\"textito\">Responsable de uso y gesti\u00f3n de los datos: Tolosa&Co (NIF: G75029116 \/ Pedro de Tolosa 2, Tolosa). En nombre de la empresa tratamos la informaci\u00f3n que nos facilita con el fin de prestarles el servicio solicitado, realizar la facturaci\u00f3n del mismo. Los datos proporcionados se conservar\u00e1n mientras se mantenga la relaci\u00f3n comercial o durante los a\u00f1os necesarios para cumplir con las obligaciones legales. Los datos no se ceder\u00e1n a terceros salvo en los casos en que exista una obligaci\u00f3n legal. Usted tiene derecho a obtener confirmaci\u00f3n sobre si en Tolosa&Co estamos tratando sus datos personales por tanto tiene derecho a acceder a sus datos personales, rectificar los datos inexactos o solicitar su supresi\u00f3n cuando los datos ya no sean necesarios.\n\t\t<\/p>\n\t<\/div>\n<\/div><div class=\"wpcf7-response-output\" aria-hidden=\"true\"><\/div>\n<\/form>\n<\/div>\n[vc_empty_space height=\u00bb50px\u00bb][\/vc_column][\/vc_row]<\/p>\n<\/div>","protected":false},"excerpt":{"rendered":"<p>[vc_row css_animation=\u00bb\u00bb row_type=\u00bbrow\u00bb use_row_as_full_screen_section=\u00bbno\u00bb type=\u00bbgrid\u00bb angled_section=\u00bbno\u00bb text_align=\u00bbleft\u00bb background_image_as_pattern=\u00bbwithout_pattern\u00bb css=\u00bb.vc_custom_1520598912265{padding-bottom: 70px !important;}\u00bb z_index=\u00bb\u00bb][vc_column][qode_elements_holder number_of_columns=\u00bbone_column\u00bb][qode_elements_holder_item item_padding=\u00bb0px 43% 0px 0px\u00bb advanced_animations=\u00bbno\u00bb item_padding_1024_1280=\u00bb0px 38% 0px 0px\u00bb item_padding_768_1024=\u00bb0px 28% 0px 0px\u00bb item_padding_600_768=\u00bb0px 20% 0px 0px\u00bb item_padding_480_600=\u00bb0px 0% 0px 0px\u00bb item_padding_480=\u00bb0px 0% 0px 0px\u00bb][vc_column_text] UN MONT\u00d3N DE BENEFICIOS EN TAN SOLO&#8230;<\/p>\n","protected":false},"author":1,"featured_media":0,"parent":0,"menu_order":0,"comment_status":"closed","ping_status":"closed","template":"full_width.php","meta":{"inline_featured_image":false,"footnotes":""},"yoast_head":"<!-- This site is optimized with the Yoast SEO plugin v23.6 - https:\/\/yoast.com\/wordpress\/plugins\/seo\/ -->\n<title>Tarjeta VISA de Tolosa&amp;Co: \u00bfquieres conseguirla y beneficiarte?<\/title>\n<meta name=\"description\" content=\"Un mont\u00f3n de beneficios en una sola tarjeta. Si te gustar\u00eda beneficiarte de m\u00faltiples promociones, descuentos acumulados, regalos y cheques de compras y obtener todas las ventajas de la tarjeta VISA de Tolosa&amp;Co, lo tienes muy f\u00e1cil: h\u00e1ztela. S\u00f3lo tienes que rellenar este formulario!\" \/>\n<meta name=\"robots\" content=\"index, follow, max-snippet:-1, max-image-preview:large, max-video-preview:-1\" \/>\n<link rel=\"canonical\" href=\"https:\/\/tolosandco.org\/es\/consigue-tarjeta-visa\/\" \/>\n<meta property=\"og:locale\" content=\"es_ES\" \/>\n<meta property=\"og:type\" content=\"article\" \/>\n<meta property=\"og:title\" content=\"Tarjeta VISA de Tolosa&amp;Co: \u00bfquieres conseguirla y beneficiarte?\" \/>\n<meta property=\"og:description\" content=\"Un mont\u00f3n de beneficios en una sola tarjeta. Si te gustar\u00eda beneficiarte de m\u00faltiples promociones, descuentos acumulados, regalos y cheques de compras y obtener todas las ventajas de la tarjeta VISA de Tolosa&amp;Co, lo tienes muy f\u00e1cil: h\u00e1ztela. S\u00f3lo tienes que rellenar este formulario!\" \/>\n<meta property=\"og:url\" content=\"https:\/\/tolosandco.org\/es\/consigue-tarjeta-visa\/\" \/>\n<meta property=\"og:site_name\" content=\"Tolosa&amp;Co\" \/>\n<meta property=\"article:publisher\" content=\"http:\/\/www.facebook.com\/tolosandco\" \/>\n<meta property=\"article:modified_time\" content=\"2018-04-23T10:47:34+00:00\" \/>\n<meta name=\"twitter:card\" content=\"summary_large_image\" \/>\n<meta name=\"twitter:label1\" content=\"Tiempo de lectura\" \/>\n\t<meta name=\"twitter:data1\" content=\"1 minuto\" \/>\n<script type=\"application\/ld+json\" class=\"yoast-schema-graph\">{\"@context\":\"https:\/\/schema.org\",\"@graph\":[{\"@type\":\"WebPage\",\"@id\":\"https:\/\/tolosandco.org\/es\/consigue-tarjeta-visa\/\",\"url\":\"https:\/\/tolosandco.org\/es\/consigue-tarjeta-visa\/\",\"name\":\"Tarjeta VISA de Tolosa&Co: \u00bfquieres conseguirla y beneficiarte?\",\"isPartOf\":{\"@id\":\"https:\/\/tolosandco.org\/#website\"},\"datePublished\":\"2018-02-20T16:10:13+00:00\",\"dateModified\":\"2018-04-23T10:47:34+00:00\",\"description\":\"Un mont\u00f3n de beneficios en una sola tarjeta. Si te gustar\u00eda beneficiarte de m\u00faltiples promociones, descuentos acumulados, regalos y cheques de compras y obtener todas las ventajas de la tarjeta VISA de Tolosa&Co, lo tienes muy f\u00e1cil: h\u00e1ztela. S\u00f3lo tienes que rellenar este formulario!\",\"breadcrumb\":{\"@id\":\"https:\/\/tolosandco.org\/es\/consigue-tarjeta-visa\/#breadcrumb\"},\"inLanguage\":\"es\",\"potentialAction\":[{\"@type\":\"ReadAction\",\"target\":[\"https:\/\/tolosandco.org\/es\/consigue-tarjeta-visa\/\"]}]},{\"@type\":\"BreadcrumbList\",\"@id\":\"https:\/\/tolosandco.org\/es\/consigue-tarjeta-visa\/#breadcrumb\",\"itemListElement\":[{\"@type\":\"ListItem\",\"position\":1,\"name\":\"Home\",\"item\":\"https:\/\/tolosandco.org\/es\/\"},{\"@type\":\"ListItem\",\"position\":2,\"name\":\"CONS\u00cdGUELA Y BENEF\u00cdCIATE\"}]},{\"@type\":\"WebSite\",\"@id\":\"https:\/\/tolosandco.org\/#website\",\"url\":\"https:\/\/tolosandco.org\/\",\"name\":\"Tolosa&amp;Co\",\"description\":\"Tolosako saltoki txikien elkartea\",\"potentialAction\":[{\"@type\":\"SearchAction\",\"target\":{\"@type\":\"EntryPoint\",\"urlTemplate\":\"https:\/\/tolosandco.org\/?s={search_term_string}\"},\"query-input\":{\"@type\":\"PropertyValueSpecification\",\"valueRequired\":true,\"valueName\":\"search_term_string\"}}],\"inLanguage\":\"es\"}]}<\/script>\n<!-- \/ Yoast SEO plugin. -->","yoast_head_json":{"title":"Tarjeta VISA de Tolosa&Co: \u00bfquieres conseguirla y beneficiarte?","description":"Un mont\u00f3n de beneficios en una sola tarjeta. Si te gustar\u00eda beneficiarte de m\u00faltiples promociones, descuentos acumulados, regalos y cheques de compras y obtener todas las ventajas de la tarjeta VISA de Tolosa&Co, lo tienes muy f\u00e1cil: h\u00e1ztela. S\u00f3lo tienes que rellenar este formulario!","robots":{"index":"index","follow":"follow","max-snippet":"max-snippet:-1","max-image-preview":"max-image-preview:large","max-video-preview":"max-video-preview:-1"},"canonical":"https:\/\/tolosandco.org\/es\/consigue-tarjeta-visa\/","og_locale":"es_ES","og_type":"article","og_title":"Tarjeta VISA de Tolosa&Co: \u00bfquieres conseguirla y beneficiarte?","og_description":"Un mont\u00f3n de beneficios en una sola tarjeta. Si te gustar\u00eda beneficiarte de m\u00faltiples promociones, descuentos acumulados, regalos y cheques de compras y obtener todas las ventajas de la tarjeta VISA de Tolosa&Co, lo tienes muy f\u00e1cil: h\u00e1ztela. S\u00f3lo tienes que rellenar este formulario!","og_url":"https:\/\/tolosandco.org\/es\/consigue-tarjeta-visa\/","og_site_name":"Tolosa&amp;Co","article_publisher":"http:\/\/www.facebook.com\/tolosandco","article_modified_time":"2018-04-23T10:47:34+00:00","twitter_card":"summary_large_image","twitter_misc":{"Tiempo de lectura":"1 minuto"},"schema":{"@context":"https:\/\/schema.org","@graph":[{"@type":"WebPage","@id":"https:\/\/tolosandco.org\/es\/consigue-tarjeta-visa\/","url":"https:\/\/tolosandco.org\/es\/consigue-tarjeta-visa\/","name":"Tarjeta VISA de Tolosa&Co: \u00bfquieres conseguirla y beneficiarte?","isPartOf":{"@id":"https:\/\/tolosandco.org\/#website"},"datePublished":"2018-02-20T16:10:13+00:00","dateModified":"2018-04-23T10:47:34+00:00","description":"Un mont\u00f3n de beneficios en una sola tarjeta. Si te gustar\u00eda beneficiarte de m\u00faltiples promociones, descuentos acumulados, regalos y cheques de compras y obtener todas las ventajas de la tarjeta VISA de Tolosa&Co, lo tienes muy f\u00e1cil: h\u00e1ztela. S\u00f3lo tienes que rellenar este formulario!","breadcrumb":{"@id":"https:\/\/tolosandco.org\/es\/consigue-tarjeta-visa\/#breadcrumb"},"inLanguage":"es","potentialAction":[{"@type":"ReadAction","target":["https:\/\/tolosandco.org\/es\/consigue-tarjeta-visa\/"]}]},{"@type":"BreadcrumbList","@id":"https:\/\/tolosandco.org\/es\/consigue-tarjeta-visa\/#breadcrumb","itemListElement":[{"@type":"ListItem","position":1,"name":"Home","item":"https:\/\/tolosandco.org\/es\/"},{"@type":"ListItem","position":2,"name":"CONS\u00cdGUELA Y BENEF\u00cdCIATE"}]},{"@type":"WebSite","@id":"https:\/\/tolosandco.org\/#website","url":"https:\/\/tolosandco.org\/","name":"Tolosa&amp;Co","description":"Tolosako saltoki txikien elkartea","potentialAction":[{"@type":"SearchAction","target":{"@type":"EntryPoint","urlTemplate":"https:\/\/tolosandco.org\/?s={search_term_string}"},"query-input":{"@type":"PropertyValueSpecification","valueRequired":true,"valueName":"search_term_string"}}],"inLanguage":"es"}]}},"_links":{"self":[{"href":"https:\/\/tolosandco.org\/es\/wp-json\/wp\/v2\/pages\/2015"}],"collection":[{"href":"https:\/\/tolosandco.org\/es\/wp-json\/wp\/v2\/pages"}],"about":[{"href":"https:\/\/tolosandco.org\/es\/wp-json\/wp\/v2\/types\/page"}],"author":[{"embeddable":true,"href":"https:\/\/tolosandco.org\/es\/wp-json\/wp\/v2\/users\/1"}],"replies":[{"embeddable":true,"href":"https:\/\/tolosandco.org\/es\/wp-json\/wp\/v2\/comments?post=2015"}],"version-history":[{"count":20,"href":"https:\/\/tolosandco.org\/es\/wp-json\/wp\/v2\/pages\/2015\/revisions"}],"predecessor-version":[{"id":5390,"href":"https:\/\/tolosandco.org\/es\/wp-json\/wp\/v2\/pages\/2015\/revisions\/5390"}],"wp:attachment":[{"href":"https:\/\/tolosandco.org\/es\/wp-json\/wp\/v2\/media?parent=2015"}],"curies":[{"name":"wp","href":"https:\/\/api.w.org\/{rel}","templated":true}]}}