{"id":2152,"date":"2018-02-22T08:14:09","date_gmt":"2018-02-22T08:14:09","guid":{"rendered":"http:\/\/www.chroma-web.com\/bridgetolosa\/izena-eman\/"},"modified":"2018-04-23T10:41:09","modified_gmt":"2018-04-23T10:41:09","slug":"asociate-tolosa-comercio","status":"publish","type":"page","link":"https:\/\/tolosandco.org\/es\/asociate-tolosa-comercio\/","title":{"rendered":"AS\u00d3CIATE A TOLOSA&#038;CO"},"content":{"rendered":"<div class=\"wpb-content-wrapper\"><p>[vc_row css_animation=\u00bb\u00bb row_type=\u00bbrow\u00bb use_row_as_full_screen_section=\u00bbno\u00bb type=\u00bbgrid\u00bb angled_section=\u00bbno\u00bb text_align=\u00bbleft\u00bb background_image_as_pattern=\u00bbwithout_pattern\u00bb css=\u00bb.vc_custom_1520598912265{padding-bottom: 70px !important;}\u00bb z_index=\u00bb\u00bb][vc_column][qode_elements_holder number_of_columns=\u00bbone_column\u00bb][qode_elements_holder_item item_padding=\u00bb0px 43% 0px 0px\u00bb advanced_animations=\u00bbno\u00bb item_padding_1024_1280=\u00bb0px 38% 0px 0px\u00bb item_padding_768_1024=\u00bb0px 28% 0px 0px\u00bb item_padding_600_768=\u00bb0px 20% 0px 0px\u00bb item_padding_480_600=\u00bb0px 0% 0px 0px\u00bb item_padding_480=\u00bb0px 0% 0px 0px\u00bb][vc_column_text]<\/p>\n<h2>\u00daNETE A NOSOTROS: HAZTE SOCIO<\/h2>\n<p>[\/vc_column_text][\/qode_elements_holder_item][\/qode_elements_holder][vc_empty_space height=\u00bb65px\u00bb][vc_column_text]<span style=\"font-weight: 400;\">Siendo asociado de Tolosa&amp;Co obtendr\u00e1s asesoramiento comercial y formaci\u00f3n, tu establecimiento se beneficiar\u00e1 de los eventos y promociones, y adem\u00e1s contar\u00e1s con el acceso a la base de datos de la bolsa de trabajo de Tolosa&amp;Co cuando necesites ampliar tu equipo. Y lo m\u00e1s importante: te unir\u00e1s a este<\/span><b> grupo en el que nos apoyamos mutuamente<\/b><span style=\"font-weight: 400;\">, siendo nuestro objetivo fomentar siempre las ventas en el comercio peque\u00f1o. Si te gustar\u00eda beneficiarte de todas las ventajas que ofrece ser socio de Tolosa&amp;Co, rellena este formulario o ponte en contacto con nosotr@s:<\/span>[\/vc_column_text][\/vc_column][\/vc_row][vc_row css_animation=\u00bb\u00bb row_type=\u00bbrow\u00bb use_row_as_full_screen_section=\u00bbno\u00bb type=\u00bbgrid\u00bb angled_section=\u00bbno\u00bb text_align=\u00bbleft\u00bb background_image_as_pattern=\u00bbwithout_pattern\u00bb z_index=\u00bb\u00bb][vc_column]\n<div class=\"wpcf7 no-js\" id=\"wpcf7-f2149-o1\" lang=\"en-US\" dir=\"ltr\">\n<div class=\"screen-reader-response\"><p role=\"status\" aria-live=\"polite\" aria-atomic=\"true\"><\/p> <ul><\/ul><\/div>\n<form action=\"\/es\/wp-json\/wp\/v2\/pages\/2152#wpcf7-f2149-o1\" method=\"post\" class=\"wpcf7-form init default\" aria-label=\"Contact form\" novalidate=\"novalidate\" data-status=\"init\">\n<div style=\"display: none;\">\n<input type=\"hidden\" name=\"_wpcf7\" value=\"2149\" \/>\n<input type=\"hidden\" name=\"_wpcf7_version\" value=\"5.9.8\" \/>\n<input type=\"hidden\" name=\"_wpcf7_locale\" value=\"en_US\" \/>\n<input type=\"hidden\" name=\"_wpcf7_unit_tag\" value=\"wpcf7-f2149-o1\" \/>\n<input type=\"hidden\" name=\"_wpcf7_container_post\" value=\"0\" \/>\n<input type=\"hidden\" name=\"_wpcf7_posted_data_hash\" value=\"\" \/>\n<input type=\"hidden\" name=\"_wpcf7_recaptcha_response\" value=\"\" \/>\n<\/div>\n<div class=\"formulario\">\n\t<div>\n\t\t<p><strong class=\"kolore\"> Informaci\u00f3n general <\/strong>\n\t\t<\/p>\n\t\t<p><label> Nombre comercial<strong class=\"kolore\">*<\/strong><br \/>\n<span class=\"wpcf7-form-control-wrap\" data-name=\"text-saltokia\"><input size=\"40\" maxlength=\"400\" class=\"wpcf7-form-control wpcf7-text wpcf7-validates-as-required\" aria-required=\"true\" aria-invalid=\"false\" placeholder=\"Escribe aqu\u00ed el nombre comercial de tu establecimiento\" value=\"\" type=\"text\" name=\"text-saltokia\" \/><\/span> <\/label>\n\t\t<\/p>\n\t\t<p><label> Raz\u00f3n Social<br \/>\n<span class=\"wpcf7-form-control-wrap\" data-name=\"text-izensoziala\"><input size=\"40\" maxlength=\"400\" class=\"wpcf7-form-control wpcf7-text\" aria-invalid=\"false\" placeholder=\"Escribe aqu\u00ed la raz\u00f3n social de tu establecimiento\" value=\"\" type=\"text\" name=\"text-izensoziala\" \/><\/span> <\/label>\n\t\t<\/p>\n\t\t<p><label> Direcci\u00f3n<strong class=\"kolore\">*<\/strong><br \/>\n<span class=\"wpcf7-form-control-wrap\" data-name=\"helbidea\"><input size=\"40\" maxlength=\"400\" class=\"wpcf7-form-control wpcf7-text wpcf7-validates-as-required\" aria-required=\"true\" aria-invalid=\"false\" placeholder=\"Escribe aqu\u00ed la direcci\u00f3n de tu establecimiento\" value=\"\" type=\"text\" name=\"helbidea\" \/><\/span> <\/label>\n\t\t<\/p>\n\t\t<p><label> E-mail<strong class=\"kolore\">*<\/strong><br \/>\n<span class=\"wpcf7-form-control-wrap\" data-name=\"emaila\"><input size=\"40\" maxlength=\"400\" class=\"wpcf7-form-control wpcf7-email wpcf7-validates-as-required wpcf7-text wpcf7-validates-as-email\" aria-required=\"true\" aria-invalid=\"false\" placeholder=\"Escribe aqu\u00ed tu direcci\u00f3n electr\u00f3nica\" value=\"\" type=\"email\" name=\"emaila\" \/><\/span> <\/label>\n\t\t<\/p>\n\t\t<p><strong class=\"kolore\"> Informaci\u00f3n sobre el establecimiento <\/strong>\n\t\t<\/p>\n\t\t<p><label> Tipo de establecimiento<br \/>\n<span class=\"wpcf7-form-control-wrap\" data-name=\"checkbox-715\"><span class=\"wpcf7-form-control wpcf7-checkbox\"><span class=\"wpcf7-list-item first\"><input type=\"checkbox\" name=\"checkbox-715[]\" value=\"Comercio\" \/><span class=\"wpcf7-list-item-label\">Comercio<\/span><\/span><span class=\"wpcf7-list-item\"><input type=\"checkbox\" name=\"checkbox-715[]\" value=\"Servicios\" \/><span class=\"wpcf7-list-item-label\">Servicios<\/span><\/span><span class=\"wpcf7-list-item\"><input type=\"checkbox\" name=\"checkbox-715[]\" value=\"Hosteler\u00eda\" \/><span class=\"wpcf7-list-item-label\">Hosteler\u00eda<\/span><\/span><span class=\"wpcf7-list-item\"><input type=\"checkbox\" name=\"checkbox-715[]\" value=\"Mixto\" \/><span class=\"wpcf7-list-item-label\">Mixto<\/span><\/span><span class=\"wpcf7-list-item last\"><input type=\"checkbox\" name=\"checkbox-715[]\" value=\"Otro\" \/><span class=\"wpcf7-list-item-label\">Otro<\/span><\/span><\/span><\/span> <\/label>\n\t\t<\/p>\n\t\t<p><label> R\u00e9gimen de gesti\u00f3n<br \/>\n<span class=\"wpcf7-form-control-wrap\" data-name=\"checkbox-210\"><span class=\"wpcf7-form-control wpcf7-checkbox\"><span class=\"wpcf7-list-item first\"><input type=\"checkbox\" name=\"checkbox-210[]\" value=\"Propiedad\" \/><span class=\"wpcf7-list-item-label\">Propiedad<\/span><\/span><span class=\"wpcf7-list-item\"><input type=\"checkbox\" name=\"checkbox-210[]\" value=\"Franquicia\" \/><span class=\"wpcf7-list-item-label\">Franquicia<\/span><\/span><span class=\"wpcf7-list-item\"><input type=\"checkbox\" name=\"checkbox-210[]\" value=\"Cadena\" \/><span class=\"wpcf7-list-item-label\">Cadena<\/span><\/span><span class=\"wpcf7-list-item\"><input type=\"checkbox\" name=\"checkbox-210[]\" value=\"C. Compras\" \/><span class=\"wpcf7-list-item-label\">C. Compras<\/span><\/span><span class=\"wpcf7-list-item last\"><input type=\"checkbox\" name=\"checkbox-210[]\" value=\"Otro\" \/><span class=\"wpcf7-list-item-label\">Otro<\/span><\/span><\/span><\/span> <\/label>\n\t\t<\/p>\n\t\t<p><label> Local en<br \/>\n<span class=\"wpcf7-form-control-wrap\" data-name=\"checkbox-175\"><span class=\"wpcf7-form-control wpcf7-checkbox\"><span class=\"wpcf7-list-item first\"><input type=\"checkbox\" name=\"checkbox-175[]\" value=\"Propiedad\" \/><span class=\"wpcf7-list-item-label\">Propiedad<\/span><\/span><span class=\"wpcf7-list-item\"><input type=\"checkbox\" name=\"checkbox-175[]\" value=\"Alquiler\" \/><span class=\"wpcf7-list-item-label\">Alquiler<\/span><\/span><span class=\"wpcf7-list-item last\"><input type=\"checkbox\" name=\"checkbox-175[]\" value=\"Otro\" \/><span class=\"wpcf7-list-item-label\">Otro<\/span><\/span><\/span><\/span><\/label>\n\t\t<\/p>\n\t\t<p><label> A\u00f1o de comienzo<br \/>\n<span class=\"wpcf7-form-control-wrap\" data-name=\"date-855\"><input class=\"wpcf7-form-control wpcf7-date wpcf7-validates-as-date\" aria-invalid=\"false\" placeholder=\"Escribe aqu\u00ed cu\u00e1ndo comenzaste con este establecimiento\" value=\"\" type=\"date\" name=\"date-855\" \/><\/span> <\/label>\n\t\t<\/p>\n\t<\/div>\n\t<div>\n\t\t<p><strong class=\"kolore\"> Datos bancarios <\/strong>\n\t\t<\/p>\n\t\t<p><label> N\u00famero de cuenta (IBAN)<br \/>\n<span class=\"wpcf7-form-control-wrap\" data-name=\"iban\"><input size=\"40\" maxlength=\"400\" class=\"wpcf7-form-control wpcf7-text\" aria-invalid=\"false\" placeholder=\"Escribe aqu\u00ed tu n\u00famero de cuenta IBAN\" value=\"\" type=\"text\" name=\"iban\" \/><\/span> <\/label>\n\t\t<\/p>\n\t\t<p><label> Nombre del propietario<strong class=\"kolore\">*<\/strong><br \/>\n<span class=\"wpcf7-form-control-wrap\" data-name=\"jabea\"><input size=\"40\" maxlength=\"400\" class=\"wpcf7-form-control wpcf7-text wpcf7-validates-as-required\" aria-required=\"true\" aria-invalid=\"false\" placeholder=\"Escribe aqu\u00ed el nombre del propietario\" value=\"\" type=\"text\" name=\"jabea\" \/><\/span> <\/label>\n\t\t<\/p>\n\t\t<p><label> N.I.F.<strong class=\"kolore\">*<\/strong><br \/>\n<span class=\"wpcf7-form-control-wrap\" data-name=\"text-nan\"><input size=\"40\" maxlength=\"400\" class=\"wpcf7-form-control wpcf7-text\" aria-invalid=\"false\" placeholder=\"Escribe aqu\u00ed el NIF\" value=\"\" type=\"text\" name=\"text-nan\" \/><\/span> <\/label>\n\t\t<\/p>\n\t\t<p><label> Tel\u00e9fono<strong class=\"kolore\">*<\/strong><br \/>\n<span class=\"wpcf7-form-control-wrap\" data-name=\"telefonoa\"><input size=\"40\" maxlength=\"400\" class=\"wpcf7-form-control wpcf7-tel wpcf7-validates-as-required wpcf7-text wpcf7-validates-as-tel\" aria-required=\"true\" aria-invalid=\"false\" placeholder=\"Escribe aqu\u00ed tu n\u00famero de tel\u00e9fono\" value=\"\" type=\"tel\" name=\"telefonoa\" \/><\/span> <\/label>\n\t\t<\/p>\n\t\t<p><label> P\u00e1gina web<br \/>\n<span class=\"wpcf7-form-control-wrap\" data-name=\"url-62\"><input size=\"40\" maxlength=\"400\" class=\"wpcf7-form-control wpcf7-url wpcf7-text wpcf7-validates-as-url\" aria-invalid=\"false\" placeholder=\"Escribe aqu\u00ed el enlace a tu p\u00e1gina web\" value=\"\" type=\"url\" name=\"url-62\" \/><\/span> <\/label>\n\t\t<\/p>\n\t\t<p><label> I.A.E<br \/>\n<span class=\"wpcf7-form-control-wrap\" data-name=\"text-IAE\"><input size=\"40\" maxlength=\"400\" class=\"wpcf7-form-control wpcf7-text\" aria-invalid=\"false\" placeholder=\"Escribe aqu\u00ed el n\u00famero I.A.E.\" value=\"\" type=\"text\" name=\"text-IAE\" \/><\/span> <\/label>\n\t\t<\/p>\n\t\t<p><label> Actividad principal<br \/>\n<span class=\"wpcf7-form-control-wrap\" data-name=\"text-jarduera\"><input size=\"40\" maxlength=\"400\" class=\"wpcf7-form-control wpcf7-text\" aria-invalid=\"false\" placeholder=\"Escribe aqu\u00ed cu\u00e1l es la actividad de tu establecimiento\" value=\"\" type=\"text\" name=\"text-jarduera\" \/><\/span> <\/label>\n\t\t<\/p>\n\t\t<p><label> Trabajadores<br \/>\n<span class=\"wpcf7-form-control-wrap\" data-name=\"number-langileak\"><input class=\"wpcf7-form-control wpcf7-number wpcf7-validates-as-number\" aria-invalid=\"false\" placeholder=\"Escribe aqu\u00ed el n\u00famero de trabajadores en tu establecimiento\" value=\"\" type=\"number\" name=\"number-langileak\" \/><\/span> <\/label>\n\t\t<\/p>\n\t\t<p><span class=\"kolore\">*Campos obligatorios<\/span>\n\t\t<\/p>\n\t\t<p><span class=\"wpcf7-form-control-wrap\" data-name=\"acepta-rgdp\"><span class=\"wpcf7-form-control wpcf7-acceptance\"><span class=\"wpcf7-list-item\"><label><input type=\"checkbox\" name=\"acepta-rgdp\" value=\"1\" aria-invalid=\"false\" \/><span class=\"wpcf7-list-item-label\">He le\u00eddo y acepto la <a href=\"http:\/\/tolosandco.org\/es\/aviso-legal\/\">pol\u00edtica de privacidad<\/a>.<\/span><\/label><\/span><\/span><\/span>\n\t\t<\/p>\n\t\t<p><input class=\"wpcf7-form-control wpcf7-submit has-spinner\" type=\"submit\" value=\"Enviar\" \/>\n\t\t<\/p>\n\t<\/div>\n\t<div class=\"textoleyenda\">\n\t\t<p><span class=\"espacio\"><\/span>\n\t\t<\/p>\n\t\t<p class=\"textito\">Responsable de uso y gesti\u00f3n de los datos: Tolosa&Co (NIF: G75029116 \/ Pedro de Tolosa 2, Tolosa). En nombre de la empresa tratamos la informaci\u00f3n que nos facilita con el fin de prestarles el servicio solicitado, realizar la facturaci\u00f3n del mismo. Los datos proporcionados se conservar\u00e1n mientras se mantenga la relaci\u00f3n comercial o durante los a\u00f1os necesarios para cumplir con las obligaciones legales. Los datos no se ceder\u00e1n a terceros salvo en los casos en que exista una obligaci\u00f3n legal. Usted tiene derecho a obtener confirmaci\u00f3n sobre si en Tolosa&Co estamos tratando sus datos personales por tanto tiene derecho a acceder a sus datos personales, rectificar los datos inexactos o solicitar su supresi\u00f3n cuando los datos ya no sean necesarios.\n\t\t<\/p>\n\t<\/div>\n<\/div><div class=\"wpcf7-response-output\" aria-hidden=\"true\"><\/div>\n<\/form>\n<\/div>\n[vc_empty_space height=\u00bb50px\u00bb][\/vc_column][\/vc_row]<\/p>\n<\/div>","protected":false},"excerpt":{"rendered":"<p>[vc_row css_animation=\u00bb\u00bb row_type=\u00bbrow\u00bb use_row_as_full_screen_section=\u00bbno\u00bb type=\u00bbgrid\u00bb angled_section=\u00bbno\u00bb text_align=\u00bbleft\u00bb background_image_as_pattern=\u00bbwithout_pattern\u00bb css=\u00bb.vc_custom_1520598912265{padding-bottom: 70px !important;}\u00bb z_index=\u00bb\u00bb][vc_column][qode_elements_holder number_of_columns=\u00bbone_column\u00bb][qode_elements_holder_item item_padding=\u00bb0px 43% 0px 0px\u00bb advanced_animations=\u00bbno\u00bb item_padding_1024_1280=\u00bb0px 38% 0px 0px\u00bb item_padding_768_1024=\u00bb0px 28% 0px 0px\u00bb item_padding_600_768=\u00bb0px 20% 0px 0px\u00bb item_padding_480_600=\u00bb0px 0% 0px 0px\u00bb item_padding_480=\u00bb0px 0% 0px 0px\u00bb][vc_column_text] \u00daNETE A NOSOTROS: HAZTE SOCIO [\/vc_column_text][\/qode_elements_holder_item][\/qode_elements_holder][vc_empty_space height=\u00bb65px\u00bb][vc_column_text]Siendo&#8230;<\/p>\n","protected":false},"author":1,"featured_media":0,"parent":0,"menu_order":0,"comment_status":"closed","ping_status":"closed","template":"","meta":{"inline_featured_image":false,"footnotes":""},"yoast_head":"<!-- This site is optimized with the Yoast SEO plugin v23.6 - https:\/\/yoast.com\/wordpress\/plugins\/seo\/ -->\n<title>Asociarse a Tolosa&amp;Co | \u00danete a la asociaci\u00f3n de comerciantes de Tolosa<\/title>\n<meta name=\"description\" content=\"Hazte socio: siendo asociado de Tolosa&amp;Co obtendr\u00e1s asesoramiento comercial y formaci\u00f3n, tu establecimiento se beneficiar\u00e1 de los eventos y promociones, y adem\u00e1s contar\u00e1s con el acceso a la base de datos de la bolsa de trabajo de Tolosa&amp;Co cuando necesites ampliar tu equipo.\" \/>\n<meta name=\"robots\" content=\"index, follow, max-snippet:-1, max-image-preview:large, max-video-preview:-1\" \/>\n<link rel=\"canonical\" href=\"https:\/\/tolosandco.org\/es\/asociate-tolosa-comercio\/\" \/>\n<meta property=\"og:locale\" content=\"es_ES\" \/>\n<meta property=\"og:type\" content=\"article\" \/>\n<meta property=\"og:title\" content=\"Asociarse a Tolosa&amp;Co | \u00danete a la asociaci\u00f3n de comerciantes de Tolosa\" \/>\n<meta property=\"og:description\" content=\"Hazte socio: siendo asociado de Tolosa&amp;Co obtendr\u00e1s asesoramiento comercial y formaci\u00f3n, tu establecimiento se beneficiar\u00e1 de los eventos y promociones, y adem\u00e1s contar\u00e1s con el acceso a la base de datos de la bolsa de trabajo de Tolosa&amp;Co cuando necesites ampliar tu equipo.\" \/>\n<meta property=\"og:url\" content=\"https:\/\/tolosandco.org\/es\/asociate-tolosa-comercio\/\" \/>\n<meta property=\"og:site_name\" content=\"Tolosa&amp;Co\" \/>\n<meta property=\"article:publisher\" content=\"http:\/\/www.facebook.com\/tolosandco\" \/>\n<meta property=\"article:modified_time\" content=\"2018-04-23T10:41:09+00:00\" \/>\n<meta name=\"twitter:card\" content=\"summary_large_image\" \/>\n<meta name=\"twitter:label1\" content=\"Tiempo de lectura\" \/>\n\t<meta name=\"twitter:data1\" content=\"1 minuto\" \/>\n<script type=\"application\/ld+json\" class=\"yoast-schema-graph\">{\"@context\":\"https:\/\/schema.org\",\"@graph\":[{\"@type\":\"WebPage\",\"@id\":\"https:\/\/tolosandco.org\/es\/asociate-tolosa-comercio\/\",\"url\":\"https:\/\/tolosandco.org\/es\/asociate-tolosa-comercio\/\",\"name\":\"Asociarse a Tolosa&Co | \u00danete a la asociaci\u00f3n de comerciantes de Tolosa\",\"isPartOf\":{\"@id\":\"https:\/\/tolosandco.org\/#website\"},\"datePublished\":\"2018-02-22T08:14:09+00:00\",\"dateModified\":\"2018-04-23T10:41:09+00:00\",\"description\":\"Hazte socio: siendo asociado de Tolosa&Co obtendr\u00e1s asesoramiento comercial y formaci\u00f3n, tu establecimiento se beneficiar\u00e1 de los eventos y promociones, y adem\u00e1s contar\u00e1s con el acceso a la base de datos de la bolsa de trabajo de Tolosa&Co cuando necesites ampliar tu equipo.\",\"breadcrumb\":{\"@id\":\"https:\/\/tolosandco.org\/es\/asociate-tolosa-comercio\/#breadcrumb\"},\"inLanguage\":\"es\",\"potentialAction\":[{\"@type\":\"ReadAction\",\"target\":[\"https:\/\/tolosandco.org\/es\/asociate-tolosa-comercio\/\"]}]},{\"@type\":\"BreadcrumbList\",\"@id\":\"https:\/\/tolosandco.org\/es\/asociate-tolosa-comercio\/#breadcrumb\",\"itemListElement\":[{\"@type\":\"ListItem\",\"position\":1,\"name\":\"Home\",\"item\":\"https:\/\/tolosandco.org\/es\/\"},{\"@type\":\"ListItem\",\"position\":2,\"name\":\"AS\u00d3CIATE A TOLOSA&#038;CO\"}]},{\"@type\":\"WebSite\",\"@id\":\"https:\/\/tolosandco.org\/#website\",\"url\":\"https:\/\/tolosandco.org\/\",\"name\":\"Tolosa&amp;Co\",\"description\":\"Tolosako saltoki txikien elkartea\",\"potentialAction\":[{\"@type\":\"SearchAction\",\"target\":{\"@type\":\"EntryPoint\",\"urlTemplate\":\"https:\/\/tolosandco.org\/?s={search_term_string}\"},\"query-input\":{\"@type\":\"PropertyValueSpecification\",\"valueRequired\":true,\"valueName\":\"search_term_string\"}}],\"inLanguage\":\"es\"}]}<\/script>\n<!-- \/ Yoast SEO plugin. -->","yoast_head_json":{"title":"Asociarse a Tolosa&Co | \u00danete a la asociaci\u00f3n de comerciantes de Tolosa","description":"Hazte socio: siendo asociado de Tolosa&Co obtendr\u00e1s asesoramiento comercial y formaci\u00f3n, tu establecimiento se beneficiar\u00e1 de los eventos y promociones, y adem\u00e1s contar\u00e1s con el acceso a la base de datos de la bolsa de trabajo de Tolosa&Co cuando necesites ampliar tu equipo.","robots":{"index":"index","follow":"follow","max-snippet":"max-snippet:-1","max-image-preview":"max-image-preview:large","max-video-preview":"max-video-preview:-1"},"canonical":"https:\/\/tolosandco.org\/es\/asociate-tolosa-comercio\/","og_locale":"es_ES","og_type":"article","og_title":"Asociarse a Tolosa&Co | \u00danete a la asociaci\u00f3n de comerciantes de Tolosa","og_description":"Hazte socio: siendo asociado de Tolosa&Co obtendr\u00e1s asesoramiento comercial y formaci\u00f3n, tu establecimiento se beneficiar\u00e1 de los eventos y promociones, y adem\u00e1s contar\u00e1s con el acceso a la base de datos de la bolsa de trabajo de Tolosa&Co cuando necesites ampliar tu equipo.","og_url":"https:\/\/tolosandco.org\/es\/asociate-tolosa-comercio\/","og_site_name":"Tolosa&amp;Co","article_publisher":"http:\/\/www.facebook.com\/tolosandco","article_modified_time":"2018-04-23T10:41:09+00:00","twitter_card":"summary_large_image","twitter_misc":{"Tiempo de lectura":"1 minuto"},"schema":{"@context":"https:\/\/schema.org","@graph":[{"@type":"WebPage","@id":"https:\/\/tolosandco.org\/es\/asociate-tolosa-comercio\/","url":"https:\/\/tolosandco.org\/es\/asociate-tolosa-comercio\/","name":"Asociarse a Tolosa&Co | \u00danete a la asociaci\u00f3n de comerciantes de Tolosa","isPartOf":{"@id":"https:\/\/tolosandco.org\/#website"},"datePublished":"2018-02-22T08:14:09+00:00","dateModified":"2018-04-23T10:41:09+00:00","description":"Hazte socio: siendo asociado de Tolosa&Co obtendr\u00e1s asesoramiento comercial y formaci\u00f3n, tu establecimiento se beneficiar\u00e1 de los eventos y promociones, y adem\u00e1s contar\u00e1s con el acceso a la base de datos de la bolsa de trabajo de Tolosa&Co cuando necesites ampliar tu equipo.","breadcrumb":{"@id":"https:\/\/tolosandco.org\/es\/asociate-tolosa-comercio\/#breadcrumb"},"inLanguage":"es","potentialAction":[{"@type":"ReadAction","target":["https:\/\/tolosandco.org\/es\/asociate-tolosa-comercio\/"]}]},{"@type":"BreadcrumbList","@id":"https:\/\/tolosandco.org\/es\/asociate-tolosa-comercio\/#breadcrumb","itemListElement":[{"@type":"ListItem","position":1,"name":"Home","item":"https:\/\/tolosandco.org\/es\/"},{"@type":"ListItem","position":2,"name":"AS\u00d3CIATE A TOLOSA&#038;CO"}]},{"@type":"WebSite","@id":"https:\/\/tolosandco.org\/#website","url":"https:\/\/tolosandco.org\/","name":"Tolosa&amp;Co","description":"Tolosako saltoki txikien elkartea","potentialAction":[{"@type":"SearchAction","target":{"@type":"EntryPoint","urlTemplate":"https:\/\/tolosandco.org\/?s={search_term_string}"},"query-input":{"@type":"PropertyValueSpecification","valueRequired":true,"valueName":"search_term_string"}}],"inLanguage":"es"}]}},"_links":{"self":[{"href":"https:\/\/tolosandco.org\/es\/wp-json\/wp\/v2\/pages\/2152"}],"collection":[{"href":"https:\/\/tolosandco.org\/es\/wp-json\/wp\/v2\/pages"}],"about":[{"href":"https:\/\/tolosandco.org\/es\/wp-json\/wp\/v2\/types\/page"}],"author":[{"embeddable":true,"href":"https:\/\/tolosandco.org\/es\/wp-json\/wp\/v2\/users\/1"}],"replies":[{"embeddable":true,"href":"https:\/\/tolosandco.org\/es\/wp-json\/wp\/v2\/comments?post=2152"}],"version-history":[{"count":21,"href":"https:\/\/tolosandco.org\/es\/wp-json\/wp\/v2\/pages\/2152\/revisions"}],"predecessor-version":[{"id":5513,"href":"https:\/\/tolosandco.org\/es\/wp-json\/wp\/v2\/pages\/2152\/revisions\/5513"}],"wp:attachment":[{"href":"https:\/\/tolosandco.org\/es\/wp-json\/wp\/v2\/media?parent=2152"}],"curies":[{"name":"wp","href":"https:\/\/api.w.org\/{rel}","templated":true}]}}