{"id":2178,"date":"2018-02-20T11:37:03","date_gmt":"2018-02-20T11:37:03","guid":{"rendered":"http:\/\/www.chroma-web.com\/bridgetolosa\/tolosa-and-co\/"},"modified":"2024-07-24T12:39:54","modified_gmt":"2024-07-24T10:39:54","slug":"tolosa-and-co","status":"publish","type":"page","link":"https:\/\/tolosandco.org\/es\/tolosa-and-co\/","title":{"rendered":"TOLOSA&#038;CO"},"content":{"rendered":"<div class=\"wpb-content-wrapper\"><p>[vc_row css_animation=\u00bb\u00bb row_type=\u00bbrow\u00bb use_row_as_full_screen_section=\u00bbno\u00bb type=\u00bbgrid\u00bb angled_section=\u00bbno\u00bb text_align=\u00bbleft\u00bb background_image_as_pattern=\u00bbwithout_pattern\u00bb css=\u00bb.vc_custom_1520526378882{padding-bottom: 70px !important;}\u00bb z_index=\u00bb\u00bb][vc_column width=\u00bb2\/3&#8243;][qode_elements_holder number_of_columns=\u00bbone_column\u00bb][qode_elements_holder_item vertical_alignment=\u00bbmiddle\u00bb horizontal_alignment=\u00bbleft\u00bb advanced_animations=\u00bbno\u00bb][vc_column_text]<\/p>\n<h2>LA ASOCIACI\u00d3N DE COMERCIOS M\u00c1S GRANDE DE GUIPUZCOA<\/h2>\n<p>[\/vc_column_text][\/qode_elements_holder_item][\/qode_elements_holder][\/vc_column][vc_column width=\u00bb1\/3&#8243;][\/vc_column][\/vc_row][vc_row css_animation=\u00bb\u00bb row_type=\u00bbrow\u00bb use_row_as_full_screen_section=\u00bbno\u00bb type=\u00bbgrid\u00bb angled_section=\u00bbno\u00bb text_align=\u00bbleft\u00bb background_image_as_pattern=\u00bbwithout_pattern\u00bb css=\u00bb.vc_custom_1520526391467{padding-bottom: 70px !important;}\u00bb z_index=\u00bb\u00bb][vc_column width=\u00bb1\/2&#8243;][vc_column_text]En el a\u00f1o 2010 los comercios tolosarras se unieron y crearon \u00e9sta asociaci\u00f3n de comerciantes, ahora compuesto por establecimientos de diferentes categor\u00edas: tiendas, servicios, hosteler\u00eda&#8230;<\/p>\n<p>Hoy en d\u00eda, unirnos en este tipo de asociaciones de comercios es la \u00fanica defensa ante las multinacionales y las compras en internet. Tenemos claro que el valor a\u00f1adido del comercio peque\u00f1o es exactamente el ser peque\u00f1o: la calidad del servicio, el trato cercano.[\/vc_column_text][\/vc_column][vc_column width=\u00bb1\/2&#8243;][vc_column_text]Por eso desde Tolosa&amp;Co se ofrece asesoramiento comercial, ayuda, apoyo en los problemas del d\u00eda a d\u00eda, gesti\u00f3n de licencias y permisos, comunicaci\u00f3n con el ayuntamiento, cursos y formaci\u00f3n para los asociados&#8230;[\/vc_column_text][\/vc_column][\/vc_row][vc_row css_animation=\u00bb\u00bb row_type=\u00bbrow\u00bb use_row_as_full_screen_section=\u00bbno\u00bb type=\u00bbgrid\u00bb angled_section=\u00bbno\u00bb text_align=\u00bbleft\u00bb background_image_as_pattern=\u00bbwithout_pattern\u00bb css=\u00bb.vc_custom_1520526397822{margin-left: -15px !important;}\u00bb z_index=\u00bb\u00bb][vc_column css=\u00bb.vc_custom_1520249428178{margin-left: -15px !important;}\u00bb][qode_elements_holder number_of_columns=\u00bbtwo_columns\u00bb columns_proportion=\u00bb66_33&#8243;][qode_elements_holder_item item_padding=\u00bb15px\u00bb advanced_animations=\u00bbno\u00bb item_padding_600_768=\u00bb0 0 30px 0&#8243; item_padding_480_600=\u00bb0 0 30px 0&#8243; item_padding_480=\u00bb0 0 30px 0&#8243;][vc_single_image image=\u00bb3251&#8243; img_size=\u00bbfull\u00bb qode_css_animation=\u00bb\u00bb][\/qode_elements_holder_item][qode_elements_holder_item item_padding=\u00bb15px\u00bb advanced_animations=\u00bbno\u00bb item_padding_600_768=\u00bb0px 0px 0px 0px\u00bb item_padding_480_600=\u00bb0px 0px 0px 0px\u00bb item_padding_480=\u00bb0px 0px 0px 0px\u00bb][vc_single_image image=\u00bb3252&#8243; img_size=\u00bbfull\u00bb qode_css_animation=\u00bb\u00bb][vc_empty_space height=\u00bb30px\u00bb][vc_single_image image=\u00bb3354&#8243; img_size=\u00bbfull\u00bb qode_css_animation=\u00bb\u00bb][\/qode_elements_holder_item][\/qode_elements_holder][\/vc_column][\/vc_row][vc_row css_animation=\u00bb\u00bb row_type=\u00bbrow\u00bb use_row_as_full_screen_section=\u00bbno\u00bb type=\u00bbgrid\u00bb angled_section=\u00bbno\u00bb text_align=\u00bbcenter\u00bb background_image_as_pattern=\u00bbwithout_pattern\u00bb css=\u00bb.vc_custom_1520526406725{padding-top: 70px !important;}\u00bb z_index=\u00bb\u00bb][vc_column offset=\u00bbvc_col-lg-4 vc_col-md-4&#8243;][qode_elements_holder number_of_columns=\u00bbone_column\u00bb][qode_elements_holder_item item_padding=\u00bb0px 6% 0px 0px\u00bb advanced_animations=\u00bbno\u00bb item_padding_1280_1440=\u00bb0px 6% 0px 0px\u00bb item_padding_1024_1280=\u00bb0px 0px 0px 0px\u00bb item_padding_768_1024=\u00bb0px 0px 0px 0px\u00bb item_padding_600_768=\u00bb0px 10%\u00bb item_padding_480_600=\u00bb0px 0px 0px 0px\u00bb item_padding_480=\u00bb0px 0px 0px 0px\u00bb][vc_column_text]<\/p>\n<h5 style=\"text-align: left;\"><span style=\"color: #8ebc36; font-family: 'Playfair Display', sans-serif; font-size: 50px;\">1980.\u00a0<\/span>La primera asociaci\u00f3n<\/h5>\n<p>[\/vc_column_text][vc_empty_space height=\u00bb18px\u00bb][vc_column_text]<\/p>\n<p style=\"text-align: left;\">La defensa de los intereses del sector comercial se concret\u00f3 en 1980 con la creaci\u00f3n de una de las primeras asociaciones de comerciantes de Gipuzkoa, \u2018Igarondo Elkartea\u2019. Posterior existi\u00f3 \u00abAlde-Zaharra Dendak\u00bb.<\/p>\n<p>[\/vc_column_text][vc_empty_space height=\u00bb45px\u00bb][\/qode_elements_holder_item][\/qode_elements_holder][\/vc_column][vc_column offset=\u00bbvc_col-lg-4 vc_col-md-4&#8243;][qode_elements_holder number_of_columns=\u00bbone_column\u00bb][qode_elements_holder_item item_padding=\u00bb0px 6% 0px 0px\u00bb advanced_animations=\u00bbno\u00bb item_padding_1280_1440=\u00bb0px 6% 0px 0px\u00bb item_padding_1024_1280=\u00bb0px 0px 0px 0px\u00bb item_padding_768_1024=\u00bb0px 0px 0px 0px\u00bb item_padding_600_768=\u00bb0px 10%\u00bb item_padding_480_600=\u00bb0px 0px 0px 0px\u00bb item_padding_480=\u00bb0px 0px 0px 0px\u00bb][vc_column_text]<\/p>\n<h5 style=\"text-align: left;\"><span style=\"color: #8ebc36; font-family: 'Playfair Display', sans-serif; font-size: 50px;\">2010.\u00a0<\/span>Se crea Tolosa&amp;Co<\/h5>\n<p>[\/vc_column_text][vc_empty_space height=\u00bb18px\u00bb][vc_column_text]<\/p>\n<p style=\"text-align: left;\">La nueva entidad Tolosa&amp;Co nace de la necesidad crear una fuerza que apoye los peque\u00f1os comercios mediante la promoci\u00f3n, formaci\u00f3n y asesoramiento.<\/p>\n<p>[\/vc_column_text][vc_empty_space height=\u00bb45px\u00bb][\/qode_elements_holder_item][\/qode_elements_holder][\/vc_column][vc_column offset=\u00bbvc_col-lg-4 vc_col-md-4&#8243;][qode_elements_holder number_of_columns=\u00bbone_column\u00bb][qode_elements_holder_item item_padding=\u00bb0px 0px 0px 0px\u00bb advanced_animations=\u00bbno\u00bb item_padding_1280_1440=\u00bb0px 0px 0px 0px\u00bb item_padding_1024_1280=\u00bb0px 0px 0px 0px\u00bb item_padding_768_1024=\u00bb0px 0px 0px 0px\u00bb item_padding_600_768=\u00bb0px 10%\u00bb item_padding_480_600=\u00bb0px 0px 0px 0px\u00bb item_padding_480=\u00bb0px 0px 0px 0px\u00bb][vc_column_text]<\/p>\n<h5 style=\"text-align: left;\"><span style=\"color: #8ebc36; font-family: 'Playfair Display', sans-serif; font-size: 50px;\">2017.\u00a0<\/span>Edificio Pedro de Tolosa<\/h5>\n<p>[\/vc_column_text][vc_empty_space height=\u00bb18px\u00bb][vc_column_text]<\/p>\n<p style=\"text-align: left;\">Tolosa&amp;Co ha cambiado su ubicaci\u00f3n al edificio Oriaburu ubicado en la calle Pedro de Tolosa, donde ofrece asesoramiento y formaci\u00f3n para los asociados.<\/p>\n<p>[\/vc_column_text][vc_empty_space height=\u00bb45px\u00bb][\/qode_elements_holder_item][\/qode_elements_holder][\/vc_column][\/vc_row][vc_row css_animation=\u00bb\u00bb row_type=\u00bbrow\u00bb use_row_as_full_screen_section=\u00bbno\u00bb type=\u00bbfull_width\u00bb angled_section=\u00bbno\u00bb text_align=\u00bbleft\u00bb background_image_as_pattern=\u00bbwithout_pattern\u00bb background_color=\u00bb#8ebc36&#8243; css=\u00bb.vc_custom_1520582296734{margin-bottom: -100px !important;padding-top: 70px !important;padding-bottom: 170px !important;}\u00bb z_index=\u00bb\u00bb][vc_column width=\u00bb1\/6&#8243;][\/vc_column][vc_column width=\u00bb2\/3&#8243;][vc_empty_space height=\u00bb25px\u00bb][qode_elements_holder number_of_columns=\u00bbone_column\u00bb][qode_elements_holder_item item_padding=\u00bb0px 0px 0px 0px\u00bb vertical_alignment=\u00bbmiddle\u00bb horizontal_alignment=\u00bbcenter\u00bb advanced_animations=\u00bbno\u00bb][vc_column_text css=\u00bb.vc_custom_1521034926868{padding-right: 20px !important;padding-left: 20px !important;}\u00bb]<\/p>\n<h2 style=\"color: white;\">ASOCIARSE APORTA UN<\/h2>\n<h2 style=\"color: white;\">SINF\u00cdN DE BENEFICIOS<\/h2>\n<p>[\/vc_column_text][\/qode_elements_holder_item][\/qode_elements_holder][\/vc_column][vc_column width=\u00bb1\/6&#8243;][\/vc_column][\/vc_row][vc_row css_animation=\u00bb\u00bb row_type=\u00bbrow\u00bb use_row_as_full_screen_section=\u00bbno\u00bb type=\u00bbgrid\u00bb angled_section=\u00bbno\u00bb text_align=\u00bbleft\u00bb background_image_as_pattern=\u00bbwithout_pattern\u00bb css=\u00bb.vc_custom_1520526414027{padding-top: 30px !important;padding-bottom: 50px !important;}\u00bb z_index=\u00bb\u00bb][vc_column width=\u00bb1\/2&#8243; offset=\u00bbvc_col-lg-3 vc_col-md-3&#8243;][qode_elements_holder background_color=\u00bb#ffffff\u00bb number_of_columns=\u00bbone_column\u00bb custom_class=\u00bbborde-verde\u00bb][qode_elements_holder_item item_padding=\u00bb20px\u00bb advanced_animations=\u00bbno\u00bb]<div class='q_icon_with_title tiny normal_icon center qode-iwt-content-alignment-left '><div class=\"icon_holder \" style=\"margin: 0 0 30px; \"><span data-icon-type=\"normal\"   style=\"font-size: 40px;\" class=\"qode_iwt_icon_holder q_font_awsome_icon fa-lg  \"><i class=\"qodef-icon-dripicons dripicon dripicons-briefcase qode_iwt_icon_element\" style=\"\" ><\/i><\/span><\/div><div class=\"icon_text_holder\" style=\"\"><div class=\"icon_text_inner\" style=\"\"><h5 class=\"icon_title\" style=\"\">Asesoramiento comercial<\/h5><p style=''>Ayuda e informaci\u00f3n sobre subvenciones, licencias, permisos y otros asuntos administrativos.<\/p><\/div><\/div><\/div>[\/qode_elements_holder_item][\/qode_elements_holder][vc_empty_space height=\u00bb30px\u00bb][\/vc_column][vc_column width=\u00bb1\/2&#8243; offset=\u00bbvc_col-lg-3 vc_col-md-3&#8243;][qode_elements_holder background_color=\u00bb#ffffff\u00bb number_of_columns=\u00bbone_column\u00bb custom_class=\u00bbborde-verde\u00bb][qode_elements_holder_item background_color=\u00bb#ffffff\u00bb item_padding=\u00bb20px\u00bb advanced_animations=\u00bbno\u00bb]<div class='q_icon_with_title tiny normal_icon center qode-iwt-content-alignment-left '><div class=\"icon_holder \" style=\"margin: 0 0 30px; \"><span data-icon-type=\"normal\"   style=\"font-size: 40px;\" class=\"qode_iwt_icon_holder q_font_awsome_icon fa-lg  \"><i class=\"qodef-icon-dripicons dripicon dripicons-paperclip qode_iwt_icon_element\" style=\"\" ><\/i><\/span><\/div><div class=\"icon_text_holder\" style=\"\"><div class=\"icon_text_inner\" style=\"\"><h5 class=\"icon_title\" style=\"\">Formaci\u00f3n<\/h5><p style=''>Cursos y talleres sobre compras, ventas, marketing... para adecuarte e innovar.<\/p><\/div><\/div><\/div>[\/qode_elements_holder_item][\/qode_elements_holder][vc_empty_space height=\u00bb30px\u00bb][\/vc_column][vc_column width=\u00bb1\/2&#8243; offset=\u00bbvc_col-lg-3 vc_col-md-3&#8243;][qode_elements_holder background_color=\u00bb#ffffff\u00bb number_of_columns=\u00bbone_column\u00bb custom_class=\u00bbborde-verde\u00bb][qode_elements_holder_item background_color=\u00bb#ffffff\u00bb item_padding=\u00bb20px\u00bb advanced_animations=\u00bbno\u00bb]<div class='q_icon_with_title tiny normal_icon center qode-iwt-content-alignment-left '><div class=\"icon_holder \" style=\"margin: 0 0 30px; \"><span data-icon-type=\"normal\"   style=\"font-size: 40px;\" class=\"qode_iwt_icon_holder q_font_awsome_icon fa-lg  \"><i class=\"qodef-icon-dripicons dripicon dripicons-copy qode_iwt_icon_element\" style=\"\" ><\/i><\/span><\/div><div class=\"icon_text_holder\" style=\"\"><div class=\"icon_text_inner\" style=\"\"><h5 class=\"icon_title\" style=\"\">Bolsa de trabajo<\/h5><p style=''>Acceso a una base de datos de curr\u00edculums para ampliar el equipo de tu establecimiento.<\/p><\/div><\/div><\/div>[\/qode_elements_holder_item][\/qode_elements_holder][vc_empty_space height=\u00bb30px\u00bb][\/vc_column][vc_column width=\u00bb1\/2&#8243; offset=\u00bbvc_col-lg-3 vc_col-md-3&#8243;][qode_elements_holder background_color=\u00bb#ffffff\u00bb number_of_columns=\u00bbone_column\u00bb custom_class=\u00bbborde-verde\u00bb][qode_elements_holder_item background_color=\u00bb#ffffff\u00bb item_padding=\u00bb20px\u00bb advanced_animations=\u00bbno\u00bb]<div class='q_icon_with_title tiny normal_icon center qode-iwt-content-alignment-left '><div class=\"icon_holder \" style=\"margin: 0 0 30px; \"><span data-icon-type=\"normal\"   style=\"font-size: 40px;\" class=\"qode_iwt_icon_holder q_font_awsome_icon fa-lg  \"><i class=\"qodef-icon-dripicons dripicon dripicons-broadcast qode_iwt_icon_element\" style=\"\" ><\/i><\/span><\/div><div class=\"icon_text_holder\" style=\"\"><div class=\"icon_text_inner\" style=\"\"><h5 class=\"icon_title\" style=\"\">Eventos y campa\u00f1as<\/h5><p style=''>Organizaci\u00f3n de eventos y de varias promociones para fomentar el comercio peque\u00f1o.<\/p><\/div><\/div><\/div>[\/qode_elements_holder_item][\/qode_elements_holder][vc_empty_space height=\u00bb30px\u00bb][\/vc_column][\/vc_row][vc_row css_animation=\u00bb\u00bb row_type=\u00bbrow\u00bb use_row_as_full_screen_section=\u00bbno\u00bb type=\u00bbfull_width\u00bb angled_section=\u00bbno\u00bb text_align=\u00bbleft\u00bb background_image_as_pattern=\u00bbwithout_pattern\u00bb][vc_column][vc_raw_html]JTA5JTNDZGl2JTIwY2xhc3MlM0QlMjJ2Y19yb3clMjB3cGJfcm93JTIwc2VjdGlvbiUyMHZjX3Jvdy1mbHVpZCUyMCUyMHZjX2N1c3RvbV8xNTIwMzQ0MTg1Njg1JTIwZ3JpZF9zZWN0aW9uJTIyJTIwc3R5bGUlM0QlMjclMjB0ZXh0LWFsaWduJTNBbGVmdCUzQiUyNyUzRSUzQ2RpdiUyMGNsYXNzJTNEJTIyJTIwc2VjdGlvbl9pbm5lciUyMGNsZWFyZml4JTIyJTNFJTNDZGl2JTIwY2xhc3MlM0QlMjdzZWN0aW9uX2lubmVyX21hcmdpbiUyMGNsZWFyZml4JTI3JTNFJTNDZGl2JTIwY2xhc3MlM0QlMjJ3cGJfY29sdW1uJTIwdmNfY29sdW1uX2NvbnRhaW5lciUyMHZjX2NvbC1zbS0xMiUyMiUzRSUzQ2RpdiUyMGNsYXNzJTNEJTIydmNfY29sdW1uLWlubmVyJTIwJTIyJTNFJTBBJTA5JTBBJTA5JTNDZGl2JTIwY2xhc3MlM0QlMjJ3cGJfd3JhcHBlciUyMGVuc2FuY2hlLWJvdG9uJTIyJTNFJTBBJTA5JTBBJTA5JTBBJTA5JTBBJTA5JTBBJTA5JTNDZGl2JTIwY2xhc3MlM0QlMjdxX2VsZW1lbnRzX2hvbGRlciUyMHR3b19jb2x1bW5zJTIwcmVzcG9uc2l2ZV9tb2RlX2Zyb21fNzY4JTI3JTIwJTNFJTBBJTA5JTBBJTA5JTBBJTA5JTA5JTNDZGl2JTIwY2xhc3MlM0QlMjdxX2VsZW1lbnRzX2l0ZW0lMjAlMjclMjBkYXRhLWFuaW1hdGlvbiUzRCUyN25vJTI3JTNFJTBBJTA5JTA5JTA5JTNDZGl2JTIwY2xhc3MlM0QlMjdxX2VsZW1lbnRzX2l0ZW1faW5uZXIlMjclM0UlMEElMDklMDklMDklMDklM0NkaXYlMjBjbGFzcyUzRCUyN3FfZWxlbWVudHNfaXRlbV9jb250ZW50JTIwY2FqYSUyNyUzRSUwQSUwOSUwOSUwOSUwOSUwOSUzQ2ElMjBjbGFzcyUzRCUyMmNhamEtZW5sYWNlJTIyJTIwaHJlZiUzRCUyMmh0dHAlM0ElMkYlMkZ0b2xvc2FuZGNvLm9yZyUyRmVzJTJGYXNvY2lhZG9zJTJGJTIyJTNFJTNDZGl2JTIwY2xhc3MlM0QlMjJxb2RlLWluZm8tY2FyZCUyMiUzRSUwQSUwOSUwOSUwOSUwOSUwOSUwOSUzQ2RpdiUyMGNsYXNzJTNEJTIycW9kZS1pbmZvLWNhcmQtaW1hZ2UlMjIlM0UlMEElMDklMDklMDklMDklMDklMDklMDklM0NpbWclMjBpdGVtcHJvcCUzRCUyMmltYWdlJTIyJTIwc3JjJTNEJTIyaHR0cCUzQSUyRiUyRnRvbG9zYW5kY28ub3JnJTJGd3AtY29udGVudCUyRnVwbG9hZHMlMkYyMDE4JTJGMDMlMkZUb2xvc2FDb19HdXJlLUVsa2FydGVraWRlYWsuanBnJTIyJTIwYWx0JTNEJTIyTnVlc3Ryb3MlMjBhc29jaWFkb3MlMjIlM0UlMEElMDklMDklMDklMDklMDklMDklM0MlMkZkaXYlM0UlMEElMDklMDklMDklMDklMDklMDklM0NkaXYlMjBjbGFzcyUzRCUyMnFvZGUtaW5mby1jYXJkLXRleHQtaG9sZGVyJTIyJTNFJTBBJTA5JTA5JTA5JTA5JTA5JTA5JTA5JTNDaDQlMjBjbGFzcyUzRCUyMnFvZGUtaW5mby1jYXJkLXRpdGxlJTIyJTIwJTNFTnVlc3Ryb3MlMjBhc29jaWFkb3MlM0MlMkZoNCUzRSUwQSUwOSUwOSUwOSUwOSUwOSUwOSUzQyUyRmRpdiUzRSUzQyUyRmRpdiUzRSUzQyUyRmElM0UlMEElMDklMDklMDklMDklMDklM0MlMkZkaXYlM0UlMEElMDklMDklMDklMDklM0MlMkZkaXYlM0UlMEElMDklMDklMDklM0MlMkZkaXYlM0UlMEElMDklMDklMEElMEElMDklMDklMEElMDklMDklM0NkaXYlMjBjbGFzcyUzRCUyN3FfZWxlbWVudHNfaXRlbSUyMCUyNyUyMGRhdGEtYW5pbWF0aW9uJTNEJTI3bm8lMjclM0UlMEElMDklMDklMDklM0NkaXYlMjBjbGFzcyUzRCUyN3FfZWxlbWVudHNfaXRlbV9pbm5lciUyNyUzRSUwQSUwOSUwOSUwOSUwOSUzQ2RpdiUyMGNsYXNzJTNEJTI3cV9lbGVtZW50c19pdGVtX2NvbnRlbnQlMjBjYWphJTI3JTNFJTBBJTA5JTA5JTA5JTA5JTA5JTNDYSUyMGNsYXNzJTNEJTIyY2FqYS1lbmxhY2UlMjIlMjBocmVmJTNEJTIyaHR0cCUzQSUyRiUyRnRvbG9zYW5kY28ub3JnJTJGZXMlMkZhc29jaWF0ZS10b2xvc2EtY29tZXJjaW8lMkYlMjIlM0UlM0NkaXYlMjBjbGFzcyUzRCUyMnFvZGUtaW5mby1jYXJkJTIyJTNFJTBBJTA5JTA5JTA5JTA5JTA5JTA5JTNDZGl2JTIwY2xhc3MlM0QlMjJxb2RlLWluZm8tY2FyZC1pbWFnZSUyMiUzRSUwQSUwOSUwOSUwOSUwOSUwOSUwOSUwOSUzQ2ltZyUyMGl0ZW1wcm9wJTNEJTIyaW1hZ2UlMjIlMjBzcmMlM0QlMjJodHRwJTNBJTJGJTJGdG9sb3NhbmRjby5vcmclMkZ3cC1jb250ZW50JTJGdXBsb2FkcyUyRjIwMTglMkYwMyUyRlRvbG9zYUNvX0JvbHNhLWRlLXRyYWJham8uanBnJTIyJTIwYWx0JTNEJTIyQm9sc2ElMjBkZSUyMHRyYWJham8lMjAlMjIlM0UlMEElMDklMDklMDklMDklMDklMDklM0MlMkZkaXYlM0UlMEElMDklMDklMDklMDklMDklMDklM0NkaXYlMjBjbGFzcyUzRCUyMnFvZGUtaW5mby1jYXJkLXRleHQtaG9sZGVyJTIyJTNFJTBBJTA5JTA5JTA5JTA5JTA5JTA5JTA5JTNDaDQlMjBjbGFzcyUzRCUyMnFvZGUtaW5mby1jYXJkLXRpdGxlJTIyJTIwJTNFJUMzJTlBbmV0ZSUyMGElMjBUb2xvc2ElMjZhbXAlM0JDbyUzQyUyRmg0JTNFJTBBJTA5JTA5JTA5JTA5JTA5JTA5JTNDJTJGZGl2JTNFJTBBJTA5JTA5JTA5JTA5JTA5JTNDJTJGZGl2JTNFJTNDJTJGYSUzRSUwQSUwOSUwOSUwOSUwOSUzQyUyRmRpdiUzRSUwQSUwOSUwOSUwOSUzQyUyRmRpdiUzRSUwQSUwOSUwOSUzQyUyRmRpdiUzRSUwQSUwOSUwOSUwQSUwOSUwQSUwOSUwQSUwOSUwQSUwOSUwQSUwOSUwQSUwOSUwOSUzQyUyRmRpdiUzRSUwQSUwOSUzQyUyRmRpdiUzRSUzQyUyRmRpdiUzRSUzQyUyRmRpdiUzRSUzQyUyRmRpdiUzRSUzQyUyRmRpdiUzRSUzQyUyRmRpdiUzRSUzQyUyRmRpdiUzRSUwQSUwOQ==[\/vc_raw_html][\/vc_column][\/vc_row][vc_row css_animation=\u00bb\u00bb row_type=\u00bbrow\u00bb use_row_as_full_screen_section=\u00bbno\u00bb type=\u00bbfull_width\u00bb angled_section=\u00bbno\u00bb text_align=\u00bbleft\u00bb background_image_as_pattern=\u00bbwithout_pattern\u00bb][vc_column][vc_empty_space height=\u00bb70px\u00bb][\/vc_column][\/vc_row]<\/p>\n<\/div>","protected":false},"excerpt":{"rendered":"<p>[vc_row css_animation=\u00bb\u00bb row_type=\u00bbrow\u00bb use_row_as_full_screen_section=\u00bbno\u00bb type=\u00bbgrid\u00bb angled_section=\u00bbno\u00bb text_align=\u00bbleft\u00bb background_image_as_pattern=\u00bbwithout_pattern\u00bb css=\u00bb.vc_custom_1520526378882{padding-bottom: 70px !important;}\u00bb z_index=\u00bb\u00bb][vc_column width=\u00bb2\/3&#8243;][qode_elements_holder number_of_columns=\u00bbone_column\u00bb][qode_elements_holder_item vertical_alignment=\u00bbmiddle\u00bb horizontal_alignment=\u00bbleft\u00bb advanced_animations=\u00bbno\u00bb][vc_column_text] LA ASOCIACI\u00d3N DE COMERCIOS M\u00c1S GRANDE DE GUIPUZCOA [\/vc_column_text][\/qode_elements_holder_item][\/qode_elements_holder][\/vc_column][vc_column width=\u00bb1\/3&#8243;][\/vc_column][\/vc_row][vc_row css_animation=\u00bb\u00bb row_type=\u00bbrow\u00bb use_row_as_full_screen_section=\u00bbno\u00bb type=\u00bbgrid\u00bb angled_section=\u00bbno\u00bb text_align=\u00bbleft\u00bb background_image_as_pattern=\u00bbwithout_pattern\u00bb css=\u00bb.vc_custom_1520526391467{padding-bottom: 70px !important;}\u00bb z_index=\u00bb\u00bb][vc_column width=\u00bb1\/2&#8243;][vc_column_text]En el a\u00f1o 2010 los comercios tolosarras&#8230;<\/p>\n","protected":false},"author":1,"featured_media":0,"parent":0,"menu_order":0,"comment_status":"closed","ping_status":"closed","template":"full_width.php","meta":{"inline_featured_image":false,"footnotes":""},"yoast_head":"<!-- This site is optimized with the Yoast SEO plugin v23.6 - https:\/\/yoast.com\/wordpress\/plugins\/seo\/ -->\n<title>Tolosa&amp;Co | Asociaci\u00f3n de comerciantes y hosteleros de Tolosa<\/title>\n<meta name=\"description\" content=\"En Tolosa&amp;Co se ofrece asesoramiento comercial, ayuda, apoyo en los problemas del d\u00eda a d\u00eda, gesti\u00f3n de licencias y permisos, comunicaci\u00f3n con el ayuntamiento, cursos y formaci\u00f3n para los asociados. \u00bfTe gustar\u00eda conocernos? Visita nuestra p\u00e1gina.\" \/>\n<meta name=\"robots\" content=\"index, follow, max-snippet:-1, max-image-preview:large, max-video-preview:-1\" \/>\n<link rel=\"canonical\" href=\"https:\/\/tolosandco.org\/es\/tolosa-and-co\/\" \/>\n<meta property=\"og:locale\" content=\"es_ES\" \/>\n<meta property=\"og:type\" content=\"article\" \/>\n<meta property=\"og:title\" content=\"Tolosa&amp;Co | Asociaci\u00f3n de comerciantes y hosteleros de Tolosa\" \/>\n<meta property=\"og:description\" content=\"En Tolosa&amp;Co se ofrece asesoramiento comercial, ayuda, apoyo en los problemas del d\u00eda a d\u00eda, gesti\u00f3n de licencias y permisos, comunicaci\u00f3n con el ayuntamiento, cursos y formaci\u00f3n para los asociados. \u00bfTe gustar\u00eda conocernos? Visita nuestra p\u00e1gina.\" \/>\n<meta property=\"og:url\" content=\"https:\/\/tolosandco.org\/es\/tolosa-and-co\/\" \/>\n<meta property=\"og:site_name\" content=\"Tolosa&amp;Co\" \/>\n<meta property=\"article:publisher\" content=\"http:\/\/www.facebook.com\/tolosandco\" \/>\n<meta property=\"article:modified_time\" content=\"2024-07-24T10:39:54+00:00\" \/>\n<meta name=\"twitter:card\" content=\"summary_large_image\" \/>\n<meta name=\"twitter:label1\" content=\"Tiempo de lectura\" \/>\n\t<meta name=\"twitter:data1\" content=\"4 minutos\" \/>\n<script type=\"application\/ld+json\" class=\"yoast-schema-graph\">{\"@context\":\"https:\/\/schema.org\",\"@graph\":[{\"@type\":\"WebPage\",\"@id\":\"https:\/\/tolosandco.org\/es\/tolosa-and-co\/\",\"url\":\"https:\/\/tolosandco.org\/es\/tolosa-and-co\/\",\"name\":\"Tolosa&Co | Asociaci\u00f3n de comerciantes y hosteleros de Tolosa\",\"isPartOf\":{\"@id\":\"https:\/\/tolosandco.org\/#website\"},\"datePublished\":\"2018-02-20T11:37:03+00:00\",\"dateModified\":\"2024-07-24T10:39:54+00:00\",\"description\":\"En Tolosa&Co se ofrece asesoramiento comercial, ayuda, apoyo en los problemas del d\u00eda a d\u00eda, gesti\u00f3n de licencias y permisos, comunicaci\u00f3n con el ayuntamiento, cursos y formaci\u00f3n para los asociados. \u00bfTe gustar\u00eda conocernos? Visita nuestra p\u00e1gina.\",\"breadcrumb\":{\"@id\":\"https:\/\/tolosandco.org\/es\/tolosa-and-co\/#breadcrumb\"},\"inLanguage\":\"es\",\"potentialAction\":[{\"@type\":\"ReadAction\",\"target\":[\"https:\/\/tolosandco.org\/es\/tolosa-and-co\/\"]}]},{\"@type\":\"BreadcrumbList\",\"@id\":\"https:\/\/tolosandco.org\/es\/tolosa-and-co\/#breadcrumb\",\"itemListElement\":[{\"@type\":\"ListItem\",\"position\":1,\"name\":\"Home\",\"item\":\"https:\/\/tolosandco.org\/es\/\"},{\"@type\":\"ListItem\",\"position\":2,\"name\":\"TOLOSA&#038;CO\"}]},{\"@type\":\"WebSite\",\"@id\":\"https:\/\/tolosandco.org\/#website\",\"url\":\"https:\/\/tolosandco.org\/\",\"name\":\"Tolosa&amp;Co\",\"description\":\"Tolosako saltoki txikien elkartea\",\"potentialAction\":[{\"@type\":\"SearchAction\",\"target\":{\"@type\":\"EntryPoint\",\"urlTemplate\":\"https:\/\/tolosandco.org\/?s={search_term_string}\"},\"query-input\":{\"@type\":\"PropertyValueSpecification\",\"valueRequired\":true,\"valueName\":\"search_term_string\"}}],\"inLanguage\":\"es\"}]}<\/script>\n<!-- \/ Yoast SEO plugin. -->","yoast_head_json":{"title":"Tolosa&Co | Asociaci\u00f3n de comerciantes y hosteleros de Tolosa","description":"En Tolosa&Co se ofrece asesoramiento comercial, ayuda, apoyo en los problemas del d\u00eda a d\u00eda, gesti\u00f3n de licencias y permisos, comunicaci\u00f3n con el ayuntamiento, cursos y formaci\u00f3n para los asociados. \u00bfTe gustar\u00eda conocernos? Visita nuestra p\u00e1gina.","robots":{"index":"index","follow":"follow","max-snippet":"max-snippet:-1","max-image-preview":"max-image-preview:large","max-video-preview":"max-video-preview:-1"},"canonical":"https:\/\/tolosandco.org\/es\/tolosa-and-co\/","og_locale":"es_ES","og_type":"article","og_title":"Tolosa&Co | Asociaci\u00f3n de comerciantes y hosteleros de Tolosa","og_description":"En Tolosa&Co se ofrece asesoramiento comercial, ayuda, apoyo en los problemas del d\u00eda a d\u00eda, gesti\u00f3n de licencias y permisos, comunicaci\u00f3n con el ayuntamiento, cursos y formaci\u00f3n para los asociados. \u00bfTe gustar\u00eda conocernos? Visita nuestra p\u00e1gina.","og_url":"https:\/\/tolosandco.org\/es\/tolosa-and-co\/","og_site_name":"Tolosa&amp;Co","article_publisher":"http:\/\/www.facebook.com\/tolosandco","article_modified_time":"2024-07-24T10:39:54+00:00","twitter_card":"summary_large_image","twitter_misc":{"Tiempo de lectura":"4 minutos"},"schema":{"@context":"https:\/\/schema.org","@graph":[{"@type":"WebPage","@id":"https:\/\/tolosandco.org\/es\/tolosa-and-co\/","url":"https:\/\/tolosandco.org\/es\/tolosa-and-co\/","name":"Tolosa&Co | Asociaci\u00f3n de comerciantes y hosteleros de Tolosa","isPartOf":{"@id":"https:\/\/tolosandco.org\/#website"},"datePublished":"2018-02-20T11:37:03+00:00","dateModified":"2024-07-24T10:39:54+00:00","description":"En Tolosa&Co se ofrece asesoramiento comercial, ayuda, apoyo en los problemas del d\u00eda a d\u00eda, gesti\u00f3n de licencias y permisos, comunicaci\u00f3n con el ayuntamiento, cursos y formaci\u00f3n para los asociados. \u00bfTe gustar\u00eda conocernos? Visita nuestra p\u00e1gina.","breadcrumb":{"@id":"https:\/\/tolosandco.org\/es\/tolosa-and-co\/#breadcrumb"},"inLanguage":"es","potentialAction":[{"@type":"ReadAction","target":["https:\/\/tolosandco.org\/es\/tolosa-and-co\/"]}]},{"@type":"BreadcrumbList","@id":"https:\/\/tolosandco.org\/es\/tolosa-and-co\/#breadcrumb","itemListElement":[{"@type":"ListItem","position":1,"name":"Home","item":"https:\/\/tolosandco.org\/es\/"},{"@type":"ListItem","position":2,"name":"TOLOSA&#038;CO"}]},{"@type":"WebSite","@id":"https:\/\/tolosandco.org\/#website","url":"https:\/\/tolosandco.org\/","name":"Tolosa&amp;Co","description":"Tolosako saltoki txikien elkartea","potentialAction":[{"@type":"SearchAction","target":{"@type":"EntryPoint","urlTemplate":"https:\/\/tolosandco.org\/?s={search_term_string}"},"query-input":{"@type":"PropertyValueSpecification","valueRequired":true,"valueName":"search_term_string"}}],"inLanguage":"es"}]}},"_links":{"self":[{"href":"https:\/\/tolosandco.org\/es\/wp-json\/wp\/v2\/pages\/2178"}],"collection":[{"href":"https:\/\/tolosandco.org\/es\/wp-json\/wp\/v2\/pages"}],"about":[{"href":"https:\/\/tolosandco.org\/es\/wp-json\/wp\/v2\/types\/page"}],"author":[{"embeddable":true,"href":"https:\/\/tolosandco.org\/es\/wp-json\/wp\/v2\/users\/1"}],"replies":[{"embeddable":true,"href":"https:\/\/tolosandco.org\/es\/wp-json\/wp\/v2\/comments?post=2178"}],"version-history":[{"count":97,"href":"https:\/\/tolosandco.org\/es\/wp-json\/wp\/v2\/pages\/2178\/revisions"}],"predecessor-version":[{"id":14945,"href":"https:\/\/tolosandco.org\/es\/wp-json\/wp\/v2\/pages\/2178\/revisions\/14945"}],"wp:attachment":[{"href":"https:\/\/tolosandco.org\/es\/wp-json\/wp\/v2\/media?parent=2178"}],"curies":[{"name":"wp","href":"https:\/\/api.w.org\/{rel}","templated":true}]}}