{"id":2192,"date":"2017-08-14T14:04:00","date_gmt":"2017-08-14T14:04:00","guid":{"rendered":"http:\/\/www.chroma-web.com\/bridgetolosa\/main-home\/"},"modified":"2022-05-12T07:52:49","modified_gmt":"2022-05-12T05:52:49","slug":"asociacion-de-comercios-de-tolosa","status":"publish","type":"page","link":"https:\/\/tolosandco.org\/es\/","title":{"rendered":"Asociaci\u00f3n de Comercios de Tolosa"},"content":{"rendered":"<div class=\"wpb-content-wrapper\"><p>[vc_row css_animation=\u00bb\u00bb row_type=\u00bbrow\u00bb use_row_as_full_screen_section=\u00bbno\u00bb type=\u00bbfull_width\u00bb angled_section=\u00bbno\u00bb text_align=\u00bbleft\u00bb background_image_as_pattern=\u00bbwithout_pattern\u00bb css=\u00bb.vc_custom_1520925353096{padding-top: -35px !important;}\u00bb z_index=\u00bb\u00bb][vc_column video_bg=\u00bbyes\u00bb video_bg_url=\u00bbhttps:\/\/www.youtube.com\/watch?v=bah9Hyz-r7U\u00bb css=\u00bb.vc_custom_1521109858908{padding-top: 0px !important;}\u00bb el_class=\u00bbsliderr\u00bb][rev_slider_vc alias=\u00bbsliderhome\u00bb][\/vc_column][\/vc_row][vc_row css_animation=\u00bb\u00bb row_type=\u00bbrow\u00bb use_row_as_full_screen_section=\u00bbno\u00bb type=\u00bbgrid\u00bb angled_section=\u00bbno\u00bb text_align=\u00bbleft\u00bb background_image_as_pattern=\u00bbwithout_pattern\u00bb css=\u00bb.vc_custom_1504779207413{padding-top: 72px !important;}\u00bb][vc_column css=\u00bb.vc_custom_1504780128329{padding-right: 0px !important;padding-left: 0px !important;}\u00bb][vc_row_inner row_type=\u00bbrow\u00bb type=\u00bbfull_width\u00bb text_align=\u00bbleft\u00bb css_animation=\u00bb\u00bb][vc_column_inner width=\u00bb1\/2&#8243;]<div class=\"q_counter_holder  center boxed_counter\" style=\"border-color:#8ebb36;\"><span class=\"counter  zero\" style=\"color: #8ebb36;font-size: 55px;font-weight: 600;\">19175<\/span><p class=\"counter_text\" style=\"font-size: 19px;font-weight: 600;text-transform: none;color: #8ebb36;\">Habitantes<\/p><\/div>[\/vc_column_inner][vc_column_inner width=\u00bb1\/2&#8243;]<div class=\"q_counter_holder  center boxed_counter\" style=\"border-color:#8ebb36;\"><span class=\"counter  zero\" style=\"color: #8ebb36;font-size: 55px;font-weight: 600;\">21<\/span><p class=\"counter_text\" style=\"font-size: 19px;font-weight: 600;text-transform: none;color: #8ebb36;\">Comercios por cada 1000 habitantes<\/p><\/div>[\/vc_column_inner][\/vc_row_inner][vc_empty_space height=\u00bb60px\u00bb][\/vc_column][\/vc_row][vc_row css_animation=\u00bb\u00bb row_type=\u00bbrow\u00bb use_row_as_full_screen_section=\u00bbno\u00bb type=\u00bbgrid\u00bb angled_section=\u00bbno\u00bb text_align=\u00bbleft\u00bb background_image_as_pattern=\u00bbwithout_pattern\u00bb z_index=\u00bb\u00bb][vc_column width=\u00bb2\/3&#8243; offset=\u00bbvc_col-lg-8 vc_col-sm-12 vc_col-md-12 vc_col-xs-12&#8243;][vc_single_image image=\u00bb3662&#8243; img_size=\u00bbfull\u00bb qode_css_animation=\u00bb\u00bb][\/vc_column][vc_column width=\u00bb1\/3&#8243; offset=\u00bbvc_col-lg-4 vc_col-sm-12 vc_col-md-12 vc_col-xs-12&#8243;][vc_column_text]<\/p>\n<h2 class=\"negrita-verde\">TOLOSA<\/h2>\n<p>[\/vc_column_text][qode_elements_holder number_of_columns=\u00bbone_column\u00bb][qode_elements_holder_item advanced_animations=\u00bbno\u00bb][vc_column_text]<\/p>\n<h2 style=\"font-size: 50px; line-height: 50px;\">LA MAGIA DEL COMERCIO PEQUE\u00d1O<\/h2>\n<p>[\/vc_column_text][\/qode_elements_holder_item][\/qode_elements_holder][vc_column_text css=\u00bb.vc_custom_1521019473893{margin-top: 20px !important;}\u00bb]Una villa papelera convertida en un centro comercial a cielo abierto, que nunca est\u00e1 quieto ni callado. An\u00edmate a venir, a comer, a comprar, a trabajar, a conocer, a disfrutar. Tolosa te est\u00e1 esperando.[\/vc_column_text][qode_elements_holder number_of_columns=\u00bbone_column\u00bb][qode_elements_holder_item item_padding=\u00bb20% 0px 0px 0px\u00bb advanced_animations=\u00bbno\u00bb item_padding_1024_1280=\u00bb10px 0px 0px 0px\u00bb item_padding_768_1024=\u00bb10px 0px 0px 0px\u00bb item_padding_600_768=\u00bb10px 0px 0px 0px\u00bb item_padding_480_600=\u00bb10px 0px 0px 0px\u00bb item_padding_480=\u00bb10px 0px 0px 0px\u00bb]<a  itemprop=\"url\" href=\"http:\/\/tolosandco.org\/es\/asociados\" target=\"_self\"  class=\"qbutton  default\" style=\"\">\u00a1Me voy de compras!<\/a>[\/qode_elements_holder_item][\/qode_elements_holder][\/vc_column][\/vc_row][vc_row css_animation=\u00bb\u00bb row_type=\u00bbrow\u00bb use_row_as_full_screen_section=\u00bbno\u00bb type=\u00bbgrid\u00bb angled_section=\u00bbno\u00bb text_align=\u00bbleft\u00bb background_image_as_pattern=\u00bbwithout_pattern\u00bb z_index=\u00bb\u00bb css=\u00bb.vc_custom_1520951000314{padding-top: 28px !important;}\u00bb][vc_column][vc_raw_html]JTNDZGl2JTIwY2xhc3MlM0QlMjJ2Y19yb3clMjB3cGJfcm93JTIwc2VjdGlvbiUyMHZjX3Jvdy1mbHVpZCUyMCUyMHZjX2N1c3RvbV8xNTIwMzQ0MTg1Njg1JTIwZ3JpZF9zZWN0aW9uJTIyJTIwc3R5bGUlM0QlMjclMjB0ZXh0LWFsaWduJTNBbGVmdCUzQiUyNyUzRSUzQ2RpdiUyMGNsYXNzJTNEJTIyJTIwc2VjdGlvbl9pbm5lciUyMGNsZWFyZml4JTIyJTNFJTNDZGl2JTIwY2xhc3MlM0QlMjdzZWN0aW9uX2lubmVyX21hcmdpbiUyMGNsZWFyZml4JTI3JTNFJTNDZGl2JTIwY2xhc3MlM0QlMjJ3cGJfY29sdW1uJTIwdmNfY29sdW1uX2NvbnRhaW5lciUyMHZjX2NvbC1zbS0xMiUyMiUzRSUzQ2RpdiUyMGNsYXNzJTNEJTIydmNfY29sdW1uLWlubmVyJTIwJTIyJTNFJTBBJTA5JTBBJTA5JTNDZGl2JTIwY2xhc3MlM0QlMjJ3cGJfd3JhcHBlciUyMGVuc2FuY2hlLWJvdG9uJTIyJTNFJTBBJTA5JTBBJTA5JTBBJTA5JTBBJTA5JTBBJTA5JTNDZGl2JTIwY2xhc3MlM0QlMjdxX2VsZW1lbnRzX2hvbGRlciUyMHRocmVlX2NvbHVtbnMlMjByZXNwb25zaXZlX21vZGVfZnJvbV83NjglMjclMjAlM0UlMEElMDklMEElMDklMEElMDklMDklM0NkaXYlMjBjbGFzcyUzRCUyN3FfZWxlbWVudHNfaXRlbSUyMCUyNyUyMGRhdGEtYW5pbWF0aW9uJTNEJTI3bm8lMjclM0UlMEElMDklMDklMDklM0NkaXYlMjBjbGFzcyUzRCUyN3FfZWxlbWVudHNfaXRlbV9pbm5lciUyNyUzRSUwQSUwOSUwOSUwOSUwOSUzQ2RpdiUyMGNsYXNzJTNEJTI3cV9lbGVtZW50c19pdGVtX2NvbnRlbnQlMjBjYWphJTI3JTNFJTBBJTA5JTA5JTA5JTA5JTA5JTNDYSUyMGNsYXNzJTNEJTIyY2FqYS1lbmxhY2UlMjIlMjBocmVmJTNEJTIyaHR0cCUzQSUyRiUyRnRvbG9zYW5kY28ub3JnJTJGZXMlMkZ0b2xvc2ElMkYlMjIlM0UlM0NkaXYlMjBjbGFzcyUzRCUyMnFvZGUtaW5mby1jYXJkJTIyJTNFJTBBJTA5JTA5JTA5JTA5JTA5JTA5JTNDZGl2JTIwY2xhc3MlM0QlMjJxb2RlLWluZm8tY2FyZC1pbWFnZSUyMiUzRSUwQSUwOSUwOSUwOSUwOSUwOSUwOSUwOSUzQ2ltZyUyMGl0ZW1wcm9wJTNEJTIyaW1hZ2UlMjIlMjBzcmMlM0QlMjJodHRwJTNBJTJGJTJGdG9sb3NhbmRjby5vcmclMkZ3cC1jb250ZW50JTJGdXBsb2FkcyUyRjIwMTglMkYwMyUyRlRvbG9zYUNvX0V6YWd1dHVUb2xvc2EuanBnJTIyJTIwYWx0JTNEJTIyTXVjaG8lMjBwb3IlMjBkZXNjdWJyaXIlMjIlM0UlMEElMDklMDklMDklMDklMDklMDklM0MlMkZkaXYlM0UlMEElMDklMDklMDklMDklMDklMDklM0NkaXYlMjBjbGFzcyUzRCUyMnFvZGUtaW5mby1jYXJkLXRleHQtaG9sZGVyJTIyJTNFJTBBJTA5JTA5JTA5JTA5JTA5JTA5JTA5JTNDaDQlMjBjbGFzcyUzRCUyMnFvZGUtaW5mby1jYXJkLXRpdGxlJTIyJTIwJTNFTXVjaG8lMjBwb3IlMjBkZXNjdWJyaXIlM0MlMkZoNCUzRSUwQSUwOSUwOSUwOSUwOSUwOSUwOSUzQyUyRmRpdiUzRSUzQyUyRmRpdiUzRSUzQyUyRmElM0UlMEElMDklMDklMDklMDklMDklM0MlMkZkaXYlM0UlMEElMDklMDklMDklMDklM0MlMkZkaXYlM0UlMEElMDklMDklMDklM0MlMkZkaXYlM0UlMEElMDklMDklMEElMEElMDklMDklMEElMDklMDklMEElMDklMDklMEElMDklMDklM0NkaXYlMjBjbGFzcyUzRCUyN3FfZWxlbWVudHNfaXRlbSUyMCUyNyUyMGRhdGEtYW5pbWF0aW9uJTNEJTI3bm8lMjclM0UlMEElMDklMDklMDklM0NkaXYlMjBjbGFzcyUzRCUyN3FfZWxlbWVudHNfaXRlbV9pbm5lciUyNyUzRSUwQSUwOSUwOSUwOSUwOSUzQ2RpdiUyMGNsYXNzJTNEJTI3cV9lbGVtZW50c19pdGVtX2NvbnRlbnQlMjBjYWphJTI3JTNFJTBBJTA5JTA5JTA5JTA5JTA5JTNDYSUyMGNsYXNzJTNEJTIyY2FqYS1lbmxhY2UlMjIlMjBocmVmJTNEJTIyaHR0cCUzQSUyRiUyRnRvbG9zYW5kY28ub3JnJTJGZXMlMkZ2ZW50YWphcy10YXJqZXRhLXZpc2ElMkYlMjIlM0UlM0NkaXYlMjBjbGFzcyUzRCUyMnFvZGUtaW5mby1jYXJkJTIyJTNFJTBBJTA5JTA5JTA5JTA5JTA5JTA5JTNDZGl2JTIwY2xhc3MlM0QlMjJxb2RlLWluZm8tY2FyZC1pbWFnZSUyMiUzRSUwQSUwOSUwOSUwOSUwOSUwOSUwOSUwOSUzQ2ltZyUyMGl0ZW1wcm9wJTNEJTIyaW1hZ2UlMjIlMjBzcmMlM0QlMjJodHRwJTNBJTJGJTJGdG9sb3NhbmRjby5vcmclMkZ3cC1jb250ZW50JTJGdXBsb2FkcyUyRjIwMTglMkYwMyUyRlRvbG9zYUNvX0JlbmVmaWNpYXRlLmpwZyUyMiUyMGFsdCUzRCUyMiVDMiVBMUJlbmVmJUMzJUFEY2lhdGUlMjElMjIlM0UlMEElMDklMDklMDklMDklMDklMDklM0MlMkZkaXYlM0UlMEElMDklMDklMDklMDklMDklMDklM0NkaXYlMjBjbGFzcyUzRCUyMnFvZGUtaW5mby1jYXJkLXRleHQtaG9sZGVyJTIyJTNFJTBBJTA5JTA5JTA5JTA5JTA5JTA5JTA5JTNDaDQlMjBjbGFzcyUzRCUyMnFvZGUtaW5mby1jYXJkLXRpdGxlJTIyJTIwJTNFQmVuZWYlQzMlQURjaWF0ZSUzQyUyRmg0JTNFJTBBJTA5JTA5JTA5JTA5JTA5JTA5JTA5JTNDJTJGZGl2JTNFJTBBJTA5JTA5JTA5JTA5JTA5JTA5JTNDJTJGZGl2JTNFJTNDJTJGYSUzRSUwQSUwOSUwOSUwOSUwOSUwOSUzQyUyRmRpdiUzRSUwQSUwOSUwOSUwOSUwOSUzQyUyRmRpdiUzRSUwQSUwOSUwOSUwOSUzQyUyRmRpdiUzRSUwQSUwOSUwOSUwQSUwOSUwOSUwQSUwOSUwOSUwQSUwOSUwOSUzQ2RpdiUyMGNsYXNzJTNEJTI3cV9lbGVtZW50c19pdGVtJTIwJTI3JTIwZGF0YS1hbmltYXRpb24lM0QlMjdubyUyNyUzRSUwQSUwOSUwOSUwOSUzQ2RpdiUyMGNsYXNzJTNEJTI3cV9lbGVtZW50c19pdGVtX2lubmVyJTI3JTNFJTBBJTA5JTA5JTA5JTA5JTNDZGl2JTIwY2xhc3MlM0QlMjdxX2VsZW1lbnRzX2l0ZW1fY29udGVudCUyMGNhamElMjclM0UlMEElMDklMDklMDklMDklMDklM0NhJTIwY2xhc3MlM0QlMjJjYWphLWVubGFjZSUyMiUyMGhyZWYlM0QlMjJodHRwJTNBJTJGJTJGdG9sb3NhbmRjby5vcmclMkZlcyUyRmJvbHNhLWRlLXRyYWJham8lMkYlMjIlM0UlM0NkaXYlMjBjbGFzcyUzRCUyMnFvZGUtaW5mby1jYXJkJTIyJTNFJTBBJTA5JTA5JTA5JTA5JTA5JTA5JTNDZGl2JTIwY2xhc3MlM0QlMjJxb2RlLWluZm8tY2FyZC1pbWFnZSUyMiUzRSUwQSUwOSUwOSUwOSUwOSUwOSUwOSUwOSUzQ2ltZyUyMGl0ZW1wcm9wJTNEJTIyaW1hZ2UlMjIlMjBzcmMlM0QlMjJodHRwJTNBJTJGJTJGdG9sb3NhbmRjby5vcmclMkZ3cC1jb250ZW50JTJGdXBsb2FkcyUyRjIwMTglMkYwMyUyRlRvbG9zYUNvX0JvbHNhZGVUcmFiYWpvLmpwZyUyMiUyMGFsdCUzRCUyMkJvbHNhJTIwZGUlMjB0cmFiYWpvJTIwJTIyJTNFJTBBJTA5JTA5JTA5JTA5JTA5JTA5JTNDJTJGZGl2JTNFJTBBJTA5JTA5JTA5JTA5JTA5JTA5JTNDZGl2JTIwY2xhc3MlM0QlMjJxb2RlLWluZm8tY2FyZC10ZXh0LWhvbGRlciUyMiUzRSUwQSUwOSUwOSUwOSUwOSUwOSUwOSUwOSUzQ2g0JTIwY2xhc3MlM0QlMjJxb2RlLWluZm8tY2FyZC10aXRsZSUyMiUyMCUzRUJvbHNhJTIwZGUlMjB0cmFiYWpvJTNDJTJGaDQlM0UlMEElMDklMDklMDklMDklMDklMDklM0MlMkZkaXYlM0UlMEElMDklMDklMDklMDklMDklM0MlMkZkaXYlM0UlM0MlMkZhJTNFJTBBJTA5JTA5JTA5JTA5JTNDJTJGZGl2JTNFJTBBJTA5JTA5JTA5JTNDJTJGZGl2JTNFJTBBJTA5JTA5JTNDJTJGZGl2JTNFJTBBJTA5JTA5JTBBJTA5JTBBJTA5JTBBJTA5JTBBJTA5JTBBJTA5JTBBJTA5JTA5JTNDJTJGZGl2JTNFJTBBJTA5JTNDJTJGZGl2JTNFJTNDJTJGZGl2JTNFJTNDJTJGZGl2JTNFJTNDJTJGZGl2JTNFJTNDJTJGZGl2JTNFJTNDJTJGZGl2JTNFJTNDJTJGZGl2JTNF[\/vc_raw_html][\/vc_column][\/vc_row][vc_row css_animation=\u00bb\u00bb row_type=\u00bbrow\u00bb use_row_as_full_screen_section=\u00bbno\u00bb type=\u00bbfull_width\u00bb angled_section=\u00bbno\u00bb text_align=\u00bbleft\u00bb background_image_as_pattern=\u00bbwithout_pattern\u00bb background_color=\u00bb#8ebc36&#8243; z_index=\u00bb\u00bb css=\u00bb.vc_custom_1522226410442{margin-top: -100px !important;padding-top: 195px !important;padding-bottom: 104px !important;}\u00bb][vc_column width=\u00bb1\/6&#8243;][\/vc_column][vc_column width=\u00bb2\/3&#8243;][vc_empty_space height=\u00bb25px\u00bb][qode_elements_holder number_of_columns=\u00bbone_column\u00bb][qode_elements_holder_item item_padding=\u00bb0px 0px 0px 0px\u00bb vertical_alignment=\u00bbmiddle\u00bb horizontal_alignment=\u00bbcenter\u00bb advanced_animations=\u00bbno\u00bb][vc_column_text css=\u00bb.vc_custom_1522226469222{padding-right: 20px !important;padding-left: 20px !important;}\u00bb]<\/p>\n<h2 style=\"color: white;\">SER PEQUE\u00d1O ES LO QUE<\/h2>\n<h2 style=\"color: white;\">NOS HACE SER GIGANTES<\/h2>\n<p>[\/vc_column_text][\/qode_elements_holder_item][\/qode_elements_holder][\/vc_column][vc_column width=\u00bb1\/6&#8243;][\/vc_column][\/vc_row][vc_row css_animation=\u00bb\u00bb row_type=\u00bbrow\u00bb use_row_as_full_screen_section=\u00bbno\u00bb type=\u00bbgrid\u00bb angled_section=\u00bbno\u00bb text_align=\u00bbleft\u00bb background_image_as_pattern=\u00bbwithout_pattern\u00bb css=\u00bb.vc_custom_1521038974812{padding-top: 105px !important;padding-bottom: 60px !important;}\u00bb z_index=\u00bb\u00bb][vc_column]<div class=\"qode-ls-blog-list qode-ls-blog-list-big-space qode-ls-blog-list-three-columns\">\n\t<div class=\"qode-ls-blog-list-inner clearfix\">\n\t\t\t<article class=\"qode-ls-blog-list-item\">\n\t<div class=\"qode-ls-blog-list-item-inner\">\n\t\t\t\t\t<div class=\"qode-ls-blog-list-image\">\n\t\t\t\t<a href=\"https:\/\/tolosandco.org\/es\/braderie-2026-2\/\">\n\t\t\t\t\t<img loading=\"lazy\" decoding=\"async\" width=\"1754\" height=\"2482\" src=\"https:\/\/tolosandco.org\/wp-content\/uploads\/2026\/03\/20260220_braderie_DEF.jpg\" class=\"attachment-full size-full wp-post-image\" alt=\"\" \/>\t\t\t\t<\/a>\n\t\t\t<\/div>\n\t\t\t\t<div class=\"qode-ls-blog-list-text\">\n\t\t\t<span class=\"qode-ls-blog-list-date entry-date published updated\"> marzo 4, 2026<\/span>\n\t\t\t<span class=\"qode-ls-blog-list-category\"><a href=\"https:\/\/tolosandco.org\/es\/category\/agenda-es\/\" rel=\"category tag\">Agenda<\/a>, <a href=\"https:\/\/tolosandco.org\/es\/category\/compras-es\/\" rel=\"category tag\">Compras<\/a><\/span>\n\t\t\t<h4 class=\"qode-ls-blog-list-title\">\n\t\t\t\t<a href=\"https:\/\/tolosandco.org\/es\/braderie-2026-2\/\">\n\t\t\t\t\tBRADERIE 2026\t\t\t\t<\/a>\n\t\t\t<\/h4>\n\t\t\t\t\t\t\t\t<p class=\"qode-ls-blog-list-excerpt\">\u00a1El d\u00eda de los comercios de Tolosa ya est\u00e1 aqu\u00ed! Los comercios participantes sacar\u00e1n sus productos a la calle, con <\/p>\n\t\t\t\t\t\t<a href=\"https:\/\/tolosandco.org\/es\/braderie-2026-2\/\" class=\"qode-ls-blog-list-read-more\">Leer m\u00e1s<\/a>\n\t\t<\/div>\n\t<\/div>\n<\/article><article class=\"qode-ls-blog-list-item\">\n\t<div class=\"qode-ls-blog-list-item-inner\">\n\t\t\t\t\t<div class=\"qode-ls-blog-list-image\">\n\t\t\t\t<a href=\"https:\/\/tolosandco.org\/es\/braderie-erraldoiak\/\">\n\t\t\t\t\t<img loading=\"lazy\" decoding=\"async\" width=\"6250\" height=\"2084\" src=\"https:\/\/tolosandco.org\/wp-content\/uploads\/2026\/03\/braderie-2026.png\" class=\"attachment-full size-full wp-post-image\" alt=\"\" \/>\t\t\t\t<\/a>\n\t\t\t<\/div>\n\t\t\t\t<div class=\"qode-ls-blog-list-text\">\n\t\t\t<span class=\"qode-ls-blog-list-date entry-date published updated\"> marzo 4, 2026<\/span>\n\t\t\t<span class=\"qode-ls-blog-list-category\"><a href=\"https:\/\/tolosandco.org\/es\/category\/agenda-es\/\" rel=\"category tag\">Agenda<\/a>, <a href=\"https:\/\/tolosandco.org\/es\/category\/compras-es\/\" rel=\"category tag\">Compras<\/a><\/span>\n\t\t\t<h4 class=\"qode-ls-blog-list-title\">\n\t\t\t\t<a href=\"https:\/\/tolosandco.org\/es\/braderie-erraldoiak\/\">\n\t\t\t\t\tTaller de gigantes y cabezudos \u2013 \u00a1Inscr\u00edbete!\t\t\t\t<\/a>\n\t\t\t<\/h4>\n\t\t\t\t\t\t\t\t<p class=\"qode-ls-blog-list-excerpt\">El 14 de marzo, dentro de la Braderie, hemos preparado un plan especial y creativo para ni\u00f1os y ni\u00f1as en la Casa de<\/p>\n\t\t\t\t\t\t<a href=\"https:\/\/tolosandco.org\/es\/braderie-erraldoiak\/\" class=\"qode-ls-blog-list-read-more\">Leer m\u00e1s<\/a>\n\t\t<\/div>\n\t<\/div>\n<\/article><article class=\"qode-ls-blog-list-item\">\n\t<div class=\"qode-ls-blog-list-item-inner\">\n\t\t\t\t\t<div class=\"qode-ls-blog-list-image\">\n\t\t\t\t<a href=\"https:\/\/tolosandco.org\/es\/%f0%9f%8d%ac-los-goxokis-dorados-estan-en-tolosa\/\">\n\t\t\t\t\t<img loading=\"lazy\" decoding=\"async\" width=\"1000\" height=\"1409\" src=\"https:\/\/tolosandco.org\/wp-content\/uploads\/2025\/12\/aaff_urrezko_goxokia_kartela_a3_WEB.jpg\" class=\"attachment-full size-full wp-post-image\" alt=\"\" \/>\t\t\t\t<\/a>\n\t\t\t<\/div>\n\t\t\t\t<div class=\"qode-ls-blog-list-text\">\n\t\t\t<span class=\"qode-ls-blog-list-date entry-date published updated\"> diciembre 9, 2025<\/span>\n\t\t\t<span class=\"qode-ls-blog-list-category\"><a href=\"https:\/\/tolosandco.org\/es\/category\/agenda-es\/\" rel=\"category tag\">Agenda<\/a>, <a href=\"https:\/\/tolosandco.org\/es\/category\/compras-es\/\" rel=\"category tag\">Compras<\/a><\/span>\n\t\t\t<h4 class=\"qode-ls-blog-list-title\">\n\t\t\t\t<a href=\"https:\/\/tolosandco.org\/es\/%f0%9f%8d%ac-los-goxokis-dorados-estan-en-tolosa\/\">\n\t\t\t\t\t\ud83c\udf6c \u00a1LOS GOXOKIS DORADOS EST\u00c1N EN TOLOSA!\t\t\t\t<\/a>\n\t\t\t<\/h4>\n\t\t\t\t\t\t\t\t<p class=\"qode-ls-blog-list-excerpt\">Con la llegada de la Navidad, hemos escondido Goxokis Dorados por los comercios adheridos a Tolosa&amp;Co. Si compr<\/p>\n\t\t\t\t\t\t<a href=\"https:\/\/tolosandco.org\/es\/%f0%9f%8d%ac-los-goxokis-dorados-estan-en-tolosa\/\" class=\"qode-ls-blog-list-read-more\">Leer m\u00e1s<\/a>\n\t\t<\/div>\n\t<\/div>\n<\/article>\t<\/div>\n<\/div>[\/vc_column][\/vc_row]<\/p>\n<\/div>","protected":false},"excerpt":{"rendered":"<p>[vc_row css_animation=\u00bb\u00bb row_type=\u00bbrow\u00bb use_row_as_full_screen_section=\u00bbno\u00bb type=\u00bbfull_width\u00bb angled_section=\u00bbno\u00bb text_align=\u00bbleft\u00bb background_image_as_pattern=\u00bbwithout_pattern\u00bb css=\u00bb.vc_custom_1520925353096{padding-top: -35px !important;}\u00bb z_index=\u00bb\u00bb][vc_column video_bg=\u00bbyes\u00bb video_bg_url=\u00bbhttps:\/\/www.youtube.com\/watch?v=bah9Hyz-r7U\u00bb css=\u00bb.vc_custom_1521109858908{padding-top: 0px !important;}\u00bb el_class=\u00bbsliderr\u00bb][rev_slider_vc alias=\u00bbsliderhome\u00bb][\/vc_column][\/vc_row][vc_row css_animation=\u00bb\u00bb row_type=\u00bbrow\u00bb use_row_as_full_screen_section=\u00bbno\u00bb type=\u00bbgrid\u00bb angled_section=\u00bbno\u00bb text_align=\u00bbleft\u00bb background_image_as_pattern=\u00bbwithout_pattern\u00bb css=\u00bb.vc_custom_1504779207413{padding-top: 72px !important;}\u00bb][vc_column css=\u00bb.vc_custom_1504780128329{padding-right: 0px !important;padding-left: 0px !important;}\u00bb][vc_row_inner row_type=\u00bbrow\u00bb type=\u00bbfull_width\u00bb text_align=\u00bbleft\u00bb css_animation=\u00bb\u00bb][vc_column_inner width=\u00bb1\/2&#8243;][\/vc_column_inner][vc_column_inner width=\u00bb1\/2&#8243;][\/vc_column_inner][\/vc_row_inner][vc_empty_space height=\u00bb60px\u00bb][\/vc_column][\/vc_row][vc_row css_animation=\u00bb\u00bb row_type=\u00bbrow\u00bb use_row_as_full_screen_section=\u00bbno\u00bb type=\u00bbgrid\u00bb&#8230;<\/p>\n","protected":false},"author":1,"featured_media":0,"parent":0,"menu_order":0,"comment_status":"closed","ping_status":"closed","template":"full_width-2.php","meta":{"inline_featured_image":false,"footnotes":""},"yoast_head":"<!-- This site is optimized with the Yoast SEO plugin v23.6 - https:\/\/yoast.com\/wordpress\/plugins\/seo\/ -->\n<title>Asociaci\u00f3n de Comercios de Tolosa | Tolosa &amp; Co (Gipuzkoa)<\/title>\n<meta name=\"description\" content=\"Tolosa &amp; Co es la asociaci\u00f3n de comerciantes de Tolosa: nuestro objetivo es que las compras y consumiciones en Tolosa sean una experiencia tanto para los clientes como para los comerciantes. Eventos, sorteos, promociones y m\u00e1s: \u00a1descubre las tiendas y restaurantes de Tolosa!\" \/>\n<meta name=\"robots\" content=\"index, follow, max-snippet:-1, max-image-preview:large, max-video-preview:-1\" \/>\n<link rel=\"canonical\" href=\"https:\/\/tolosandco.org\/es\/\" \/>\n<meta property=\"og:locale\" content=\"es_ES\" \/>\n<meta property=\"og:type\" content=\"article\" \/>\n<meta property=\"og:title\" content=\"Asociaci\u00f3n de Comercios de Tolosa | Tolosa &amp; Co (Gipuzkoa)\" \/>\n<meta property=\"og:description\" content=\"Tolosa &amp; Co es la asociaci\u00f3n de comerciantes de Tolosa: nuestro objetivo es que las compras y consumiciones en Tolosa sean una experiencia tanto para los clientes como para los comerciantes. Eventos, sorteos, promociones y m\u00e1s: \u00a1descubre las tiendas y restaurantes de Tolosa!\" \/>\n<meta property=\"og:url\" content=\"https:\/\/tolosandco.org\/es\/\" \/>\n<meta property=\"og:site_name\" content=\"Tolosa&amp;Co\" \/>\n<meta property=\"article:publisher\" content=\"http:\/\/www.facebook.com\/tolosandco\" \/>\n<meta property=\"article:modified_time\" content=\"2022-05-12T05:52:49+00:00\" \/>\n<meta name=\"twitter:card\" content=\"summary_large_image\" \/>\n<meta name=\"twitter:label1\" content=\"Tiempo de lectura\" \/>\n\t<meta name=\"twitter:data1\" content=\"2 minutos\" \/>\n<script type=\"application\/ld+json\" class=\"yoast-schema-graph\">{\"@context\":\"https:\/\/schema.org\",\"@graph\":[{\"@type\":\"WebPage\",\"@id\":\"https:\/\/tolosandco.org\/es\/\",\"url\":\"https:\/\/tolosandco.org\/es\/\",\"name\":\"Asociaci\u00f3n de Comercios de Tolosa | Tolosa & Co (Gipuzkoa)\",\"isPartOf\":{\"@id\":\"https:\/\/tolosandco.org\/#website\"},\"datePublished\":\"2017-08-14T14:04:00+00:00\",\"dateModified\":\"2022-05-12T05:52:49+00:00\",\"description\":\"Tolosa & Co es la asociaci\u00f3n de comerciantes de Tolosa: nuestro objetivo es que las compras y consumiciones en Tolosa sean una experiencia tanto para los clientes como para los comerciantes. Eventos, sorteos, promociones y m\u00e1s: \u00a1descubre las tiendas y restaurantes de Tolosa!\",\"breadcrumb\":{\"@id\":\"https:\/\/tolosandco.org\/es\/#breadcrumb\"},\"inLanguage\":\"es\",\"potentialAction\":[{\"@type\":\"ReadAction\",\"target\":[\"https:\/\/tolosandco.org\/es\/\"]}]},{\"@type\":\"BreadcrumbList\",\"@id\":\"https:\/\/tolosandco.org\/es\/#breadcrumb\",\"itemListElement\":[{\"@type\":\"ListItem\",\"position\":1,\"name\":\"Home\",\"item\":\"https:\/\/tolosandco.org\/es\/\"},{\"@type\":\"ListItem\",\"position\":2,\"name\":\"Asociaci\u00f3n de Comercios de Tolosa\"}]},{\"@type\":\"WebSite\",\"@id\":\"https:\/\/tolosandco.org\/#website\",\"url\":\"https:\/\/tolosandco.org\/\",\"name\":\"Tolosa&amp;Co\",\"description\":\"Tolosako saltoki txikien elkartea\",\"potentialAction\":[{\"@type\":\"SearchAction\",\"target\":{\"@type\":\"EntryPoint\",\"urlTemplate\":\"https:\/\/tolosandco.org\/?s={search_term_string}\"},\"query-input\":{\"@type\":\"PropertyValueSpecification\",\"valueRequired\":true,\"valueName\":\"search_term_string\"}}],\"inLanguage\":\"es\"}]}<\/script>\n<!-- \/ Yoast SEO plugin. -->","yoast_head_json":{"title":"Asociaci\u00f3n de Comercios de Tolosa | Tolosa & Co (Gipuzkoa)","description":"Tolosa & Co es la asociaci\u00f3n de comerciantes de Tolosa: nuestro objetivo es que las compras y consumiciones en Tolosa sean una experiencia tanto para los clientes como para los comerciantes. Eventos, sorteos, promociones y m\u00e1s: \u00a1descubre las tiendas y restaurantes de Tolosa!","robots":{"index":"index","follow":"follow","max-snippet":"max-snippet:-1","max-image-preview":"max-image-preview:large","max-video-preview":"max-video-preview:-1"},"canonical":"https:\/\/tolosandco.org\/es\/","og_locale":"es_ES","og_type":"article","og_title":"Asociaci\u00f3n de Comercios de Tolosa | Tolosa & Co (Gipuzkoa)","og_description":"Tolosa & Co es la asociaci\u00f3n de comerciantes de Tolosa: nuestro objetivo es que las compras y consumiciones en Tolosa sean una experiencia tanto para los clientes como para los comerciantes. Eventos, sorteos, promociones y m\u00e1s: \u00a1descubre las tiendas y restaurantes de Tolosa!","og_url":"https:\/\/tolosandco.org\/es\/","og_site_name":"Tolosa&amp;Co","article_publisher":"http:\/\/www.facebook.com\/tolosandco","article_modified_time":"2022-05-12T05:52:49+00:00","twitter_card":"summary_large_image","twitter_misc":{"Tiempo de lectura":"2 minutos"},"schema":{"@context":"https:\/\/schema.org","@graph":[{"@type":"WebPage","@id":"https:\/\/tolosandco.org\/es\/","url":"https:\/\/tolosandco.org\/es\/","name":"Asociaci\u00f3n de Comercios de Tolosa | Tolosa & Co (Gipuzkoa)","isPartOf":{"@id":"https:\/\/tolosandco.org\/#website"},"datePublished":"2017-08-14T14:04:00+00:00","dateModified":"2022-05-12T05:52:49+00:00","description":"Tolosa & Co es la asociaci\u00f3n de comerciantes de Tolosa: nuestro objetivo es que las compras y consumiciones en Tolosa sean una experiencia tanto para los clientes como para los comerciantes. Eventos, sorteos, promociones y m\u00e1s: \u00a1descubre las tiendas y restaurantes de Tolosa!","breadcrumb":{"@id":"https:\/\/tolosandco.org\/es\/#breadcrumb"},"inLanguage":"es","potentialAction":[{"@type":"ReadAction","target":["https:\/\/tolosandco.org\/es\/"]}]},{"@type":"BreadcrumbList","@id":"https:\/\/tolosandco.org\/es\/#breadcrumb","itemListElement":[{"@type":"ListItem","position":1,"name":"Home","item":"https:\/\/tolosandco.org\/es\/"},{"@type":"ListItem","position":2,"name":"Asociaci\u00f3n de Comercios de Tolosa"}]},{"@type":"WebSite","@id":"https:\/\/tolosandco.org\/#website","url":"https:\/\/tolosandco.org\/","name":"Tolosa&amp;Co","description":"Tolosako saltoki txikien elkartea","potentialAction":[{"@type":"SearchAction","target":{"@type":"EntryPoint","urlTemplate":"https:\/\/tolosandco.org\/?s={search_term_string}"},"query-input":{"@type":"PropertyValueSpecification","valueRequired":true,"valueName":"search_term_string"}}],"inLanguage":"es"}]}},"_links":{"self":[{"href":"https:\/\/tolosandco.org\/es\/wp-json\/wp\/v2\/pages\/2192"}],"collection":[{"href":"https:\/\/tolosandco.org\/es\/wp-json\/wp\/v2\/pages"}],"about":[{"href":"https:\/\/tolosandco.org\/es\/wp-json\/wp\/v2\/types\/page"}],"author":[{"embeddable":true,"href":"https:\/\/tolosandco.org\/es\/wp-json\/wp\/v2\/users\/1"}],"replies":[{"embeddable":true,"href":"https:\/\/tolosandco.org\/es\/wp-json\/wp\/v2\/comments?post=2192"}],"version-history":[{"count":126,"href":"https:\/\/tolosandco.org\/es\/wp-json\/wp\/v2\/pages\/2192\/revisions"}],"predecessor-version":[{"id":14422,"href":"https:\/\/tolosandco.org\/es\/wp-json\/wp\/v2\/pages\/2192\/revisions\/14422"}],"wp:attachment":[{"href":"https:\/\/tolosandco.org\/es\/wp-json\/wp\/v2\/media?parent=2192"}],"curies":[{"name":"wp","href":"https:\/\/api.w.org\/{rel}","templated":true}]}}