{"id":2472,"date":"2018-02-20T15:56:03","date_gmt":"2018-02-20T15:56:03","guid":{"rendered":"http:\/\/www.chroma-web.com\/bridgetolosa\/erosketak-tolosa\/"},"modified":"2018-04-23T10:46:21","modified_gmt":"2018-04-23T10:46:21","slug":"compras-tolosa","status":"publish","type":"page","link":"https:\/\/tolosandco.org\/es\/compras-tolosa\/","title":{"rendered":"COMPRAS"},"content":{"rendered":"<div class=\"wpb-content-wrapper\"><p>[vc_row css_animation=\u00bb\u00bb row_type=\u00bbrow\u00bb use_row_as_full_screen_section=\u00bbno\u00bb type=\u00bbgrid\u00bb angled_section=\u00bbno\u00bb text_align=\u00bbleft\u00bb background_image_as_pattern=\u00bbwithout_pattern\u00bb css=\u00bb.vc_custom_1520870156405{padding-bottom: 70px !important;}\u00bb z_index=\u00bb\u00bb][vc_column][qode_elements_holder number_of_columns=\u00bbone_column\u00bb][qode_elements_holder_item item_padding=\u00bb0px 43% 0px 0px\u00bb advanced_animations=\u00bbno\u00bb][vc_column_text]<\/p>\n<h2>CENTRO COMERCIAL A CIELO ABIERTO<\/h2>\n<p>[\/vc_column_text][\/qode_elements_holder_item][\/qode_elements_holder][vc_empty_space height=\u00bb25px\u00bb][\/vc_column][\/vc_row][vc_row css_animation=\u00bb\u00bb row_type=\u00bbrow\u00bb use_row_as_full_screen_section=\u00bbno\u00bb type=\u00bbgrid\u00bb angled_section=\u00bbno\u00bb text_align=\u00bbleft\u00bb background_image_as_pattern=\u00bbwithout_pattern\u00bb row_negative_margin=\u00bbdisable_negative_margin\u00bb css=\u00bb.vc_custom_1521123378786{padding-bottom: 30px !important;}\u00bb z_index=\u00bb\u00bb][vc_column width=\u00bb1\/2&#8243;][vc_column_text]Tolosa ha pasado de ser una villa papelera a ser el n\u00facleo del comercio urbano, del comercio peque\u00f1o: paseando por sus calles descubrir\u00e1s un sinf\u00edn de opciones para hacer compras. Desde peque\u00f1as tiendas de ropa a medianos establecimientos de servicios, podr\u00e1s encontrar<strong> todo aquello que necesitas.<\/strong> Tambi\u00e9n podr\u00e1s visitar el mercado con productos locales de temporada gracias a los caseros que vienen de alrededor. El peque\u00f1o comercio tolosarra tiene muchas ventajas: el producto que vende es siempre de calidad, la atenci\u00f3n es personalizada e indudablemente \u00f3ptima y cercana.[\/vc_column_text][vc_column_text]La asociaci\u00f3n Tolosa&amp;Co cuenta con un mont\u00f3n de establecimientos especializados adheridos. Puedes encontrarlos todos <a href=\"http:\/\/tolosandco.org\/asociados\">haciendo click aqu\u00ed<\/a> y buscando despu\u00e9s en el mapa de Tolosa o utilizando los filtros seg\u00fan la categor\u00eda que buscas.[\/vc_column_text][\/vc_column][vc_column width=\u00bb1\/2&#8243;][vc_empty_space height=\u00bb40px\u00bb el_class=\u00bbespacio-movil\u00bb][vc_raw_html]JTNDaW1nJTIwd2lkdGglM0QlMjIxMDAlMjUlMjIlMjBzcmMlM0QlMjJodHRwJTNBJTJGJTJGdG9sb3NhbmRjby5vcmclMkZ3cC1jb250ZW50JTJGdXBsb2FkcyUyRjIwMTglMkYwMiUyRlRvbG9zYUNvX0tvbXByYXMxLmpwZyUyMiUyMGNsYXNzJTNEJTIydmNfc2luZ2xlX2ltYWdlLWltZyUyMGF0dGFjaG1lbnQtZnVsbCUyMiUyMGFsdCUzRCUyMiUyMiUyMHNyY3NldCUzRCUyMmh0dHAlM0ElMkYlMkZ0b2xvc2FuZGNvLm9yZyUyRndwLWNvbnRlbnQlMkZ1cGxvYWRzJTJGMjAxOCUyRjAyJTJGVG9sb3NhQ29fS29tcHJhczEuanBnJTIwNTc1dyUyQyUyMGh0dHAlM0ElMkYlMkZ0b2xvc2FuZGNvLm9yZyUyRndwLWNvbnRlbnQlMkZ1cGxvYWRzJTJGMjAxOCUyRjAyJTJGVG9sb3NhQ29fS29tcHJhczEtMTUweDE1MC5qcGclMjAxNTB3JTJDJTIwaHR0cCUzQSUyRiUyRnRvbG9zYW5kY28ub3JnJTJGd3AtY29udGVudCUyRnVwbG9hZHMlMkYyMDE4JTJGMDIlMkZUb2xvc2FDb19Lb21wcmFzMS0zMDB4MzAwLmpwZyUyMDMwMHclMkMlMjBodHRwJTNBJTJGJTJGdG9sb3NhbmRjby5vcmclMkZ3cC1jb250ZW50JTJGdXBsb2FkcyUyRjIwMTglMkYwMiUyRlRvbG9zYUNvX0tvbXByYXMxLTU3MHg1NzAuanBnJTIwNTcwdyUyQyUyMGh0dHAlM0ElMkYlMkZ0b2xvc2FuZGNvLm9yZyUyRndwLWNvbnRlbnQlMkZ1cGxvYWRzJTJGMjAxOCUyRjAyJTJGVG9sb3NhQ29fS29tcHJhczEtNTAweDUwMC5qcGclMjA1MDB3JTIyJTNF[\/vc_raw_html][\/vc_column][\/vc_row][vc_row css_animation=\u00bb\u00bb row_type=\u00bbrow\u00bb use_row_as_full_screen_section=\u00bbno\u00bb type=\u00bbgrid\u00bb angled_section=\u00bbno\u00bb text_align=\u00bbleft\u00bb background_image_as_pattern=\u00bbwithout_pattern\u00bb css=\u00bb.vc_custom_1521123386366{padding-bottom: 84px !important;}\u00bb z_index=\u00bb\u00bb][vc_column][vc_single_image image=\u00bb3269&#8243; img_size=\u00bbfull\u00bb qode_css_animation=\u00bb\u00bb el_class=\u00bbocultar-movil\u00bb][vc_empty_space height=\u00bb75px\u00bb]<div class=\"qode-ls-blog-list qode-ls-blog-list-big-space qode-ls-blog-list-three-columns\">\n\t<div class=\"qode-ls-blog-list-inner clearfix\">\n\t\t\t<article class=\"qode-ls-blog-list-item\">\n\t<div class=\"qode-ls-blog-list-item-inner\">\n\t\t\t\t\t<div class=\"qode-ls-blog-list-image\">\n\t\t\t\t<a href=\"https:\/\/tolosandco.org\/es\/tolosako-ostalaritza-zure-etxera\/\">\n\t\t\t\t\t<img loading=\"lazy\" decoding=\"async\" width=\"2493\" height=\"1397\" src=\"https:\/\/tolosandco.org\/wp-content\/uploads\/2020\/11\/20201113_tolosaco_covid_banner_ostalaritza2.png\" class=\"attachment-full size-full wp-post-image\" alt=\"\" \/>\t\t\t\t<\/a>\n\t\t\t<\/div>\n\t\t\t\t<div class=\"qode-ls-blog-list-text\">\n\t\t\t<span class=\"qode-ls-blog-list-date entry-date published updated\"> noviembre 13, 2020<\/span>\n\t\t\t<span class=\"qode-ls-blog-list-category\"><a href=\"https:\/\/tolosandco.org\/es\/category\/compras-es\/\" rel=\"category tag\">Compras<\/a>, <a href=\"https:\/\/tolosandco.org\/es\/category\/gastronomia-es\/\" rel=\"category tag\">Gastronom\u00eda<\/a><\/span>\n\t\t\t<h4 class=\"qode-ls-blog-list-title\">\n\t\t\t\t<a href=\"https:\/\/tolosandco.org\/es\/tolosako-ostalaritza-zure-etxera\/\">\n\t\t\t\t\tServicio de Comida para llevar en Tolosa\t\t\t\t<\/a>\n\t\t\t<\/h4>\n\t\t\t\t\t\t\t\t<p class=\"qode-ls-blog-list-excerpt\">Debido al cierre de restaurantes y bares a ra\u00edz de Covid19, muchos hosteleros de Tolosa han decidido ofrecer un ser<\/p>\n\t\t\t\t\t\t<a href=\"https:\/\/tolosandco.org\/es\/tolosako-ostalaritza-zure-etxera\/\" class=\"qode-ls-blog-list-read-more\">Leer m\u00e1s<\/a>\n\t\t<\/div>\n\t<\/div>\n<\/article><article class=\"qode-ls-blog-list-item\">\n\t<div class=\"qode-ls-blog-list-item-inner\">\n\t\t\t\t\t<div class=\"qode-ls-blog-list-image\">\n\t\t\t\t<a href=\"https:\/\/tolosandco.org\/es\/mikologika-2018-hongos-setas\/\">\n\t\t\t\t\t<img loading=\"lazy\" decoding=\"async\" width=\"4195\" height=\"3146\" src=\"https:\/\/tolosandco.org\/wp-content\/uploads\/2018\/10\/andrew-ridley-472168-unsplash.jpg\" class=\"attachment-full size-full wp-post-image\" alt=\"\" \/>\t\t\t\t<\/a>\n\t\t\t<\/div>\n\t\t\t\t<div class=\"qode-ls-blog-list-text\">\n\t\t\t<span class=\"qode-ls-blog-list-date entry-date published updated\"> octubre 18, 2018<\/span>\n\t\t\t<span class=\"qode-ls-blog-list-category\"><a href=\"https:\/\/tolosandco.org\/es\/category\/agenda-es\/\" rel=\"category tag\">Agenda<\/a>, <a href=\"https:\/\/tolosandco.org\/es\/category\/compras-es\/\" rel=\"category tag\">Compras<\/a>, <a href=\"https:\/\/tolosandco.org\/es\/category\/gastronomia-es\/\" rel=\"category tag\">Gastronom\u00eda<\/a><\/span>\n\t\t\t<h4 class=\"qode-ls-blog-list-title\">\n\t\t\t\t<a href=\"https:\/\/tolosandco.org\/es\/mikologika-2018-hongos-setas\/\">\n\t\t\t\t\t\u00a1\u00daltimo d\u00eda para votar! Mikologika 2018\t\t\t\t<\/a>\n\t\t\t<\/h4>\n\t\t\t\t\t\t\t\t<p class=\"qode-ls-blog-list-excerpt\">Por otro a\u00f1o consecutivo, llega la feria Micol\u00f3gica a Tolosa: actividades entorno a las setas y los hongos! Charlas<\/p>\n\t\t\t\t\t\t<a href=\"https:\/\/tolosandco.org\/es\/mikologika-2018-hongos-setas\/\" class=\"qode-ls-blog-list-read-more\">Leer m\u00e1s<\/a>\n\t\t<\/div>\n\t<\/div>\n<\/article><article class=\"qode-ls-blog-list-item\">\n\t<div class=\"qode-ls-blog-list-item-inner\">\n\t\t\t\t\t<div class=\"qode-ls-blog-list-image\">\n\t\t\t\t<a href=\"https:\/\/tolosandco.org\/es\/dia-de-pintxos-tolosa\/\">\n\t\t\t\t\t<img loading=\"lazy\" decoding=\"async\" width=\"2048\" height=\"1366\" src=\"https:\/\/tolosandco.org\/wp-content\/uploads\/2017\/08\/22104553_1870510696298994_2838096208885753295_o.jpg\" class=\"attachment-full size-full wp-post-image\" alt=\"\" \/>\t\t\t\t<\/a>\n\t\t\t<\/div>\n\t\t\t\t<div class=\"qode-ls-blog-list-text\">\n\t\t\t<span class=\"qode-ls-blog-list-date entry-date published updated\"> abril 4, 2018<\/span>\n\t\t\t<span class=\"qode-ls-blog-list-category\"><a href=\"https:\/\/tolosandco.org\/es\/category\/agenda-es\/\" rel=\"category tag\">Agenda<\/a>, <a href=\"https:\/\/tolosandco.org\/es\/category\/compras-es\/\" rel=\"category tag\">Compras<\/a>, <a href=\"https:\/\/tolosandco.org\/es\/category\/cultura-es\/\" rel=\"category tag\">Cultura<\/a>, <a href=\"https:\/\/tolosandco.org\/es\/category\/gastronomia-es\/\" rel=\"category tag\">Gastronom\u00eda<\/a><\/span>\n\t\t\t<h4 class=\"qode-ls-blog-list-title\">\n\t\t\t\t<a href=\"https:\/\/tolosandco.org\/es\/dia-de-pintxos-tolosa\/\">\n\t\t\t\t\tD\u00eda de pinchos por Tolosa\t\t\t\t<\/a>\n\t\t\t<\/h4>\n\t\t\t\t\t\t\t\t<p class=\"qode-ls-blog-list-excerpt\"><\/p>\n\t\t\t\t\t\t<a href=\"https:\/\/tolosandco.org\/es\/dia-de-pintxos-tolosa\/\" class=\"qode-ls-blog-list-read-more\">Leer m\u00e1s<\/a>\n\t\t<\/div>\n\t<\/div>\n<\/article>\t<\/div>\n<\/div>[\/vc_column][\/vc_row][vc_row css_animation=\u00bb\u00bb row_type=\u00bbrow\u00bb use_row_as_full_screen_section=\u00bbno\u00bb type=\u00bbfull_width\u00bb angled_section=\u00bbno\u00bb text_align=\u00bbleft\u00bb background_image_as_pattern=\u00bbwithout_pattern\u00bb css=\u00bb.vc_custom_1521035639592{padding-right: 0px !important;padding-left: 0px !important;background-color: #8ebb36 !important;}\u00bb z_index=\u00bb\u00bb][vc_column][vc_empty_space height=\u00bb70px\u00bb][vc_row_inner row_type=\u00bbrow\u00bb type=\u00bbgrid\u00bb text_align=\u00bbleft\u00bb row_negative_margin=\u00bbdisable_negative_margin\u00bb css_animation=\u00bb\u00bb css=\u00bb.vc_custom_1521035647997{padding-right: 0px !important;padding-left: 0px !important;}\u00bb][vc_column_inner width=\u00bb1\/4&#8243; offset=\u00bbvc_col-lg-3 vc_col-md-3&#8243;][qode_elements_holder number_of_columns=\u00bbone_column\u00bb][qode_elements_holder_item vertical_alignment=\u00bbmiddle\u00bb horizontal_alignment=\u00bbleft\u00bb advanced_animations=\u00bbno\u00bb][vc_raw_html]JTNDZGl2JTIwc3R5bGUlM0QlMjJib3JkZXIlM0F3aGl0ZSUyMDIwcHglMjBzb2xpZCUyMiUzRSUzQ2ltZyUyMHN0eWxlJTNEJTIybWFyZ2luLWJvdHRvbSUzQS0xMHB4JTNCJTIyJTIwd2lkdGglM0QlMjIxMDAlMjUlMjIlMjBoZWlnaHQlM0QlMjIxMDAlMjUlMjIlMjBzcmMlM0QlMjJodHRwJTNBJTJGJTJGdG9sb3NhbmRjby5vcmclMkZ3cC1jb250ZW50JTJGdXBsb2FkcyUyRjIwMTglMkYwMyUyRk9ST0tPUlJBX0dhc3Ryb25vbWlhLmpwZyUyMiUyMGNsYXNzJTNEJTIydmNfc2luZ2xlX2ltYWdlLWltZyUyMGF0dGFjaG1lbnQtZnVsbCUyMiUyMGFsdCUzRCUyMiUyMiUyMHNyY3NldCUzRCUyMmh0dHAlM0ElMkYlMkZ0b2xvc2FuZGNvLm9yZyUyRndwLWNvbnRlbnQlMkZ1cGxvYWRzJTJGMjAxOCUyRjAzJTJGT1JPS09SUkFfR2FzdHJvbm9taWEuanBnJTIwMzgwdyUyQyUyMGh0dHAlM0ElMkYlMkZ0b2xvc2FuZGNvLm9yZyUyRndwLWNvbnRlbnQlMkZ1cGxvYWRzJTJGMjAxOCUyRjAzJTJGT1JPS09SUkFfR2FzdHJvbm9taWEtMTUweDE1MC5qcGclMjAxNTB3JTJDJTIwaHR0cCUzQSUyRiUyRnRvbG9zYW5kY28ub3JnJTJGd3AtY29udGVudCUyRnVwbG9hZHMlMkYyMDE4JTJGMDMlMkZPUk9LT1JSQV9HYXN0cm9ub21pYS0zMDB4MzAwLmpwZyUyMDMwMHclMjIlM0UlM0MlMkZkaXYlM0U=[\/vc_raw_html][\/qode_elements_holder_item][\/qode_elements_holder][\/vc_column_inner][vc_column_inner width=\u00bb3\/4&#8243; offset=\u00bbvc_col-lg-9 vc_col-md-9&#8243;][qode_elements_holder number_of_columns=\u00bbone_column\u00bb][qode_elements_holder_item vertical_alignment=\u00bbmiddle\u00bb advanced_animations=\u00bbno\u00bb][vc_column_text]<\/p>\n<h2 style=\"color: white;\">TOLOSA, PARA CHUPARSE LOS DEDOS<\/h2>\n<p>[\/vc_column_text][vc_empty_space height=\u00bb80px\u00bb]<a  itemprop=\"url\" href=\"http:\/\/tolosandco.org\/es\/gastronomia\" target=\"_parent\" data-hover-background-color=#8ebb36 data-hover-border-color=#ffffff data-hover-color=#ffffff class=\"qbutton  default\" style=\"color: #8ebb36; border-color: #8ebc36; border-radius: 0px;-moz-border-radius: 0px;-webkit-border-radius: 0px; background-color: #ffffff;\">\u00bfD\u00f3nde puedo comer?<\/a>[\/qode_elements_holder_item][\/qode_elements_holder][\/vc_column_inner][\/vc_row_inner][vc_empty_space height=\u00bb70px\u00bb][\/vc_column][\/vc_row][vc_row css_animation=\u00bb\u00bb row_type=\u00bbrow\u00bb use_row_as_full_screen_section=\u00bbno\u00bb type=\u00bbfull_width\u00bb angled_section=\u00bbno\u00bb text_align=\u00bbleft\u00bb background_image_as_pattern=\u00bbwithout_pattern\u00bb][vc_column][vc_empty_space height=\u00bb75px\u00bb][\/vc_column][\/vc_row]<\/p>\n<\/div>","protected":false},"excerpt":{"rendered":"<p>[vc_row css_animation=\u00bb\u00bb row_type=\u00bbrow\u00bb use_row_as_full_screen_section=\u00bbno\u00bb type=\u00bbgrid\u00bb angled_section=\u00bbno\u00bb text_align=\u00bbleft\u00bb background_image_as_pattern=\u00bbwithout_pattern\u00bb css=\u00bb.vc_custom_1520870156405{padding-bottom: 70px !important;}\u00bb z_index=\u00bb\u00bb][vc_column][qode_elements_holder number_of_columns=\u00bbone_column\u00bb][qode_elements_holder_item item_padding=\u00bb0px 43% 0px 0px\u00bb advanced_animations=\u00bbno\u00bb][vc_column_text] CENTRO COMERCIAL A CIELO ABIERTO [\/vc_column_text][\/qode_elements_holder_item][\/qode_elements_holder][vc_empty_space height=\u00bb25px\u00bb][\/vc_column][\/vc_row][vc_row css_animation=\u00bb\u00bb row_type=\u00bbrow\u00bb use_row_as_full_screen_section=\u00bbno\u00bb type=\u00bbgrid\u00bb angled_section=\u00bbno\u00bb text_align=\u00bbleft\u00bb background_image_as_pattern=\u00bbwithout_pattern\u00bb row_negative_margin=\u00bbdisable_negative_margin\u00bb css=\u00bb.vc_custom_1521123378786{padding-bottom: 30px !important;}\u00bb z_index=\u00bb\u00bb][vc_column width=\u00bb1\/2&#8243;][vc_column_text]Tolosa ha pasado de ser una villa papelera&#8230;<\/p>\n","protected":false},"author":1,"featured_media":0,"parent":0,"menu_order":0,"comment_status":"closed","ping_status":"closed","template":"full_width.php","meta":{"inline_featured_image":false,"footnotes":""},"yoast_head":"<!-- This site is optimized with the Yoast SEO plugin v23.6 - https:\/\/yoast.com\/wordpress\/plugins\/seo\/ -->\n<title>Ven de compras a Tolosa, un centro comercial a cielo abierto en Gipuzkoa<\/title>\n<meta name=\"description\" content=\"En Tolosa tienes un sinf\u00edn de opciones para hacer compras: tiendas, establecimientos de servicios, bares, restaurantes.. \u00bfTe gustar\u00eda saber todo lo que te vas a encontrar? Entra en nuestra p\u00e1gina y descubre el listado de todos los establecimientos.\" \/>\n<meta name=\"robots\" content=\"index, follow, max-snippet:-1, max-image-preview:large, max-video-preview:-1\" \/>\n<link rel=\"canonical\" href=\"https:\/\/tolosandco.org\/es\/compras-tolosa\/\" \/>\n<meta property=\"og:locale\" content=\"es_ES\" \/>\n<meta property=\"og:type\" content=\"article\" \/>\n<meta property=\"og:title\" content=\"Ven de compras a Tolosa, un centro comercial a cielo abierto en Gipuzkoa\" \/>\n<meta property=\"og:description\" content=\"En Tolosa tienes un sinf\u00edn de opciones para hacer compras: tiendas, establecimientos de servicios, bares, restaurantes.. \u00bfTe gustar\u00eda saber todo lo que te vas a encontrar? Entra en nuestra p\u00e1gina y descubre el listado de todos los establecimientos.\" \/>\n<meta property=\"og:url\" content=\"https:\/\/tolosandco.org\/es\/compras-tolosa\/\" \/>\n<meta property=\"og:site_name\" content=\"Tolosa&amp;Co\" \/>\n<meta property=\"article:publisher\" content=\"http:\/\/www.facebook.com\/tolosandco\" \/>\n<meta property=\"article:modified_time\" content=\"2018-04-23T10:46:21+00:00\" \/>\n<meta name=\"twitter:card\" content=\"summary_large_image\" \/>\n<meta name=\"twitter:label1\" content=\"Tiempo de lectura\" \/>\n\t<meta name=\"twitter:data1\" content=\"4 minutos\" \/>\n<script type=\"application\/ld+json\" class=\"yoast-schema-graph\">{\"@context\":\"https:\/\/schema.org\",\"@graph\":[{\"@type\":\"WebPage\",\"@id\":\"https:\/\/tolosandco.org\/es\/compras-tolosa\/\",\"url\":\"https:\/\/tolosandco.org\/es\/compras-tolosa\/\",\"name\":\"Ven de compras a Tolosa, un centro comercial a cielo abierto en Gipuzkoa\",\"isPartOf\":{\"@id\":\"https:\/\/tolosandco.org\/#website\"},\"datePublished\":\"2018-02-20T15:56:03+00:00\",\"dateModified\":\"2018-04-23T10:46:21+00:00\",\"description\":\"En Tolosa tienes un sinf\u00edn de opciones para hacer compras: tiendas, establecimientos de servicios, bares, restaurantes.. \u00bfTe gustar\u00eda saber todo lo que te vas a encontrar? Entra en nuestra p\u00e1gina y descubre el listado de todos los establecimientos.\",\"breadcrumb\":{\"@id\":\"https:\/\/tolosandco.org\/es\/compras-tolosa\/#breadcrumb\"},\"inLanguage\":\"es\",\"potentialAction\":[{\"@type\":\"ReadAction\",\"target\":[\"https:\/\/tolosandco.org\/es\/compras-tolosa\/\"]}]},{\"@type\":\"BreadcrumbList\",\"@id\":\"https:\/\/tolosandco.org\/es\/compras-tolosa\/#breadcrumb\",\"itemListElement\":[{\"@type\":\"ListItem\",\"position\":1,\"name\":\"Home\",\"item\":\"https:\/\/tolosandco.org\/es\/\"},{\"@type\":\"ListItem\",\"position\":2,\"name\":\"COMPRAS\"}]},{\"@type\":\"WebSite\",\"@id\":\"https:\/\/tolosandco.org\/#website\",\"url\":\"https:\/\/tolosandco.org\/\",\"name\":\"Tolosa&amp;Co\",\"description\":\"Tolosako saltoki txikien elkartea\",\"potentialAction\":[{\"@type\":\"SearchAction\",\"target\":{\"@type\":\"EntryPoint\",\"urlTemplate\":\"https:\/\/tolosandco.org\/?s={search_term_string}\"},\"query-input\":{\"@type\":\"PropertyValueSpecification\",\"valueRequired\":true,\"valueName\":\"search_term_string\"}}],\"inLanguage\":\"es\"}]}<\/script>\n<!-- \/ Yoast SEO plugin. -->","yoast_head_json":{"title":"Ven de compras a Tolosa, un centro comercial a cielo abierto en Gipuzkoa","description":"En Tolosa tienes un sinf\u00edn de opciones para hacer compras: tiendas, establecimientos de servicios, bares, restaurantes.. \u00bfTe gustar\u00eda saber todo lo que te vas a encontrar? Entra en nuestra p\u00e1gina y descubre el listado de todos los establecimientos.","robots":{"index":"index","follow":"follow","max-snippet":"max-snippet:-1","max-image-preview":"max-image-preview:large","max-video-preview":"max-video-preview:-1"},"canonical":"https:\/\/tolosandco.org\/es\/compras-tolosa\/","og_locale":"es_ES","og_type":"article","og_title":"Ven de compras a Tolosa, un centro comercial a cielo abierto en Gipuzkoa","og_description":"En Tolosa tienes un sinf\u00edn de opciones para hacer compras: tiendas, establecimientos de servicios, bares, restaurantes.. \u00bfTe gustar\u00eda saber todo lo que te vas a encontrar? Entra en nuestra p\u00e1gina y descubre el listado de todos los establecimientos.","og_url":"https:\/\/tolosandco.org\/es\/compras-tolosa\/","og_site_name":"Tolosa&amp;Co","article_publisher":"http:\/\/www.facebook.com\/tolosandco","article_modified_time":"2018-04-23T10:46:21+00:00","twitter_card":"summary_large_image","twitter_misc":{"Tiempo de lectura":"4 minutos"},"schema":{"@context":"https:\/\/schema.org","@graph":[{"@type":"WebPage","@id":"https:\/\/tolosandco.org\/es\/compras-tolosa\/","url":"https:\/\/tolosandco.org\/es\/compras-tolosa\/","name":"Ven de compras a Tolosa, un centro comercial a cielo abierto en Gipuzkoa","isPartOf":{"@id":"https:\/\/tolosandco.org\/#website"},"datePublished":"2018-02-20T15:56:03+00:00","dateModified":"2018-04-23T10:46:21+00:00","description":"En Tolosa tienes un sinf\u00edn de opciones para hacer compras: tiendas, establecimientos de servicios, bares, restaurantes.. \u00bfTe gustar\u00eda saber todo lo que te vas a encontrar? Entra en nuestra p\u00e1gina y descubre el listado de todos los establecimientos.","breadcrumb":{"@id":"https:\/\/tolosandco.org\/es\/compras-tolosa\/#breadcrumb"},"inLanguage":"es","potentialAction":[{"@type":"ReadAction","target":["https:\/\/tolosandco.org\/es\/compras-tolosa\/"]}]},{"@type":"BreadcrumbList","@id":"https:\/\/tolosandco.org\/es\/compras-tolosa\/#breadcrumb","itemListElement":[{"@type":"ListItem","position":1,"name":"Home","item":"https:\/\/tolosandco.org\/es\/"},{"@type":"ListItem","position":2,"name":"COMPRAS"}]},{"@type":"WebSite","@id":"https:\/\/tolosandco.org\/#website","url":"https:\/\/tolosandco.org\/","name":"Tolosa&amp;Co","description":"Tolosako saltoki txikien elkartea","potentialAction":[{"@type":"SearchAction","target":{"@type":"EntryPoint","urlTemplate":"https:\/\/tolosandco.org\/?s={search_term_string}"},"query-input":{"@type":"PropertyValueSpecification","valueRequired":true,"valueName":"search_term_string"}}],"inLanguage":"es"}]}},"_links":{"self":[{"href":"https:\/\/tolosandco.org\/es\/wp-json\/wp\/v2\/pages\/2472"}],"collection":[{"href":"https:\/\/tolosandco.org\/es\/wp-json\/wp\/v2\/pages"}],"about":[{"href":"https:\/\/tolosandco.org\/es\/wp-json\/wp\/v2\/types\/page"}],"author":[{"embeddable":true,"href":"https:\/\/tolosandco.org\/es\/wp-json\/wp\/v2\/users\/1"}],"replies":[{"embeddable":true,"href":"https:\/\/tolosandco.org\/es\/wp-json\/wp\/v2\/comments?post=2472"}],"version-history":[{"count":31,"href":"https:\/\/tolosandco.org\/es\/wp-json\/wp\/v2\/pages\/2472\/revisions"}],"predecessor-version":[{"id":4282,"href":"https:\/\/tolosandco.org\/es\/wp-json\/wp\/v2\/pages\/2472\/revisions\/4282"}],"wp:attachment":[{"href":"https:\/\/tolosandco.org\/es\/wp-json\/wp\/v2\/media?parent=2472"}],"curies":[{"name":"wp","href":"https:\/\/api.w.org\/{rel}","templated":true}]}}