{"id":2474,"date":"2018-02-20T15:55:46","date_gmt":"2018-02-20T15:55:46","guid":{"rendered":"http:\/\/www.chroma-web.com\/bridgetolosa\/historia\/"},"modified":"2018-04-23T13:10:35","modified_gmt":"2018-04-23T13:10:35","slug":"historia","status":"publish","type":"page","link":"https:\/\/tolosandco.org\/es\/historia\/","title":{"rendered":"HISTORIA"},"content":{"rendered":"<div class=\"wpb-content-wrapper\"><p>[vc_row css_animation=\u00bb\u00bb row_type=\u00bbrow\u00bb use_row_as_full_screen_section=\u00bbno\u00bb type=\u00bbgrid\u00bb angled_section=\u00bbno\u00bb text_align=\u00bbleft\u00bb background_image_as_pattern=\u00bbwithout_pattern\u00bb css=\u00bb.vc_custom_1520870156405{padding-bottom: 70px !important;}\u00bb z_index=\u00bb\u00bb][vc_column][qode_elements_holder number_of_columns=\u00bbone_column\u00bb][qode_elements_holder_item item_padding=\u00bb0px 43% 0px 0px\u00bb advanced_animations=\u00bbno\u00bb][vc_column_text]<\/p>\n<h2>DESDE HACE MUCHO TIEMPO ATR\u00c1S<\/h2>\n<p>[\/vc_column_text][\/qode_elements_holder_item][\/qode_elements_holder][vc_empty_space height=\u00bb25px\u00bb][\/vc_column][\/vc_row][vc_row css_animation=\u00bb\u00bb row_type=\u00bbrow\u00bb use_row_as_full_screen_section=\u00bbno\u00bb type=\u00bbgrid\u00bb angled_section=\u00bbno\u00bb text_align=\u00bbleft\u00bb background_image_as_pattern=\u00bbwithout_pattern\u00bb css=\u00bb.vc_custom_1520870156405{padding-bottom: 70px !important;}\u00bb z_index=\u00bb\u00bb][vc_column width=\u00bb1\/2&#8243;][vc_column_text]Tolosa fue fundado por Alfonso X El Sabio en el a\u00f1o 1256, y desde entonces el n\u00facleo de la poblaci\u00f3n comenz\u00f3 a formarse estrat\u00e9gicamente pensando en ser un paso hacia Navarra. A su vez, se fue construyendo la muralla, la cual proteg\u00eda la villa como un recinto cercado sobre una isla formada por el r\u00edo Oria. Pero en 1503 Tolosa vivi\u00f3 un duro incendio del cual se reconstruy\u00f3 como lo conocemos ahora[\/vc_column_text][\/vc_column][vc_column width=\u00bb1\/2&#8243;][vc_column_text]En la actualidad el burgo antiguo conserva el trazado de sus seis calles longitudinales, junto con otras transversales de menor tama\u00f1o, y la puerta de Castilla. A\u00fan se pueden ver los palacios, monumentos y puentes que reavivan esta historia. <a href=\"http:\/\/issuu.com\/tolosakoudala\/docs\/tolosa_monumental_20112\/1\">Haz click aqu\u00ed <\/a>para ver y conocer todo lo que te puedes encontrar en Tolosa.<br \/>\n[\/vc_column_text][vc_column_text]<a href=\"https:\/\/www.tolosaldea.eus\/es\/tolosa-gourmet\/donde-comer\">Haciendo click aqu\u00ed<\/a> podr\u00e9is encontrar algunos nombres m\u00e1s que puede que os interesen a la hora de planear una visita a Tolosa.[\/vc_column_text][\/vc_column][\/vc_row][vc_row css_animation=\u00bb\u00bb row_type=\u00bbrow\u00bb use_row_as_full_screen_section=\u00bbno\u00bb type=\u00bbgrid\u00bb angled_section=\u00bbno\u00bb text_align=\u00bbleft\u00bb background_image_as_pattern=\u00bbwithout_pattern\u00bb row_negative_margin=\u00bbdisable_negative_margin\u00bb z_index=\u00bb\u00bb][vc_column][vc_single_image image=\u00bb3266&#8243; img_size=\u00bbfull\u00bb qode_css_animation=\u00bb\u00bb][vc_empty_space height=\u00bb75px\u00bb][\/vc_column][\/vc_row][vc_row css_animation=\u00bb\u00bb row_type=\u00bbrow\u00bb use_row_as_full_screen_section=\u00bbno\u00bb type=\u00bbgrid\u00bb angled_section=\u00bbno\u00bb text_align=\u00bbleft\u00bb background_image_as_pattern=\u00bbwithout_pattern\u00bb row_negative_margin=\u00bbdisable_negative_margin\u00bb css=\u00bb.vc_custom_1521122950899{padding-top: 30px !important;padding-bottom: 50px !important;}\u00bb z_index=\u00bb\u00bb][vc_column width=\u00bb1\/2&#8243; offset=\u00bbvc_col-lg-3 vc_col-md-3&#8243;][qode_elements_holder background_color=\u00bb#ffffff\u00bb number_of_columns=\u00bbone_column\u00bb custom_class=\u00bbborde-verde\u00bb][qode_elements_holder_item item_padding=\u00bb20px\u00bb advanced_animations=\u00bbno\u00bb]<div class='q_icon_with_title tiny normal_icon center qode-iwt-content-alignment-left '><div class=\"icon_holder \" style=\"margin: 0 0 30px; \"><span data-icon-type=\"normal\"   style=\"font-size: 40px;\" class=\"qode_iwt_icon_holder q_font_awsome_icon fa-lg  \"><i class=\"qodef-icon-dripicons dripicon dripicons-map qode_iwt_icon_element\" style=\"\" ><\/i><\/span><\/div><div class=\"icon_text_holder\" style=\"\"><div class=\"icon_text_inner\" style=\"\"><h5 class=\"icon_title\" style=\"\">Nuestra Historia<\/h5><p style=''>Ad\u00e9ntrate en nuestras calles y descubre todo lo que esconde Tolosa desde hace tanto tiempo.<\/p><\/div><\/div><\/div>[\/qode_elements_holder_item][\/qode_elements_holder][\/vc_column][vc_column width=\u00bb1\/2&#8243; offset=\u00bbvc_col-lg-3 vc_col-md-3&#8243;][qode_elements_holder background_color=\u00bb#ffffff\u00bb number_of_columns=\u00bbone_column\u00bb custom_class=\u00bbborde-verde\u00bb][qode_elements_holder_item background_color=\u00bb#ffffff\u00bb item_padding=\u00bb20px\u00bb advanced_animations=\u00bbno\u00bb]<div class='q_icon_with_title tiny normal_icon center qode-iwt-content-alignment-left '><div class=\"icon_holder \" style=\"margin: 0 0 30px; \"><span data-icon-type=\"normal\"   style=\"font-size: 40px;\" class=\"qode_iwt_icon_holder q_font_awsome_icon fa-lg  \"><i class=\"qodef-icon-dripicons dripicon dripicons-bookmarks qode_iwt_icon_element\" style=\"\" ><\/i><\/span><\/div><div class=\"icon_text_holder\" style=\"\"><div class=\"icon_text_inner\" style=\"\"><h5 class=\"icon_title\" style=\"\">Nuestros monumentos<\/h5><p style=''>Decenas de obras que recuerdan a tiempos pasados: trozos de muralla, edificios...<\/p><\/div><\/div><\/div>[\/qode_elements_holder_item][\/qode_elements_holder][\/vc_column][vc_column width=\u00bb1\/2&#8243; offset=\u00bbvc_col-lg-3 vc_col-md-3&#8243;][qode_elements_holder background_color=\u00bb#ffffff\u00bb number_of_columns=\u00bbone_column\u00bb custom_class=\u00bbborde-verde\u00bb][qode_elements_holder_item background_color=\u00bb#ffffff\u00bb item_padding=\u00bb20px\u00bb advanced_animations=\u00bbno\u00bb]<div class='q_icon_with_title tiny normal_icon center qode-iwt-content-alignment-left '><div class=\"icon_holder \" style=\"margin: 0 0 30px; \"><span data-icon-type=\"normal\"   style=\"font-size: 40px;\" class=\"qode_iwt_icon_holder q_font_awsome_icon fa-lg  \"><i class=\"qodef-icon-dripicons dripicon dripicons-home qode_iwt_icon_element\" style=\"\" ><\/i><\/span><\/div><div class=\"icon_text_holder\" style=\"\"><div class=\"icon_text_inner\" style=\"\"><h5 class=\"icon_title\" style=\"\">Museo Topic<\/h5><p style=''>Es el \u00fanico museo europeo con marionetas de todo el mundo y exhibiciones.<\/p><\/div><\/div><\/div>[\/qode_elements_holder_item][\/qode_elements_holder][\/vc_column][vc_column width=\u00bb1\/2&#8243; offset=\u00bbvc_col-lg-3 vc_col-md-3&#8243;][qode_elements_holder background_color=\u00bb#ffffff\u00bb number_of_columns=\u00bbone_column\u00bb custom_class=\u00bbborde-verde\u00bb][qode_elements_holder_item background_color=\u00bb#ffffff\u00bb item_padding=\u00bb20px\u00bb advanced_animations=\u00bbno\u00bb]<div class='q_icon_with_title tiny normal_icon center qode-iwt-content-alignment-left '><div class=\"icon_holder \" style=\"margin: 0 0 30px; \"><span data-icon-type=\"normal\"   style=\"font-size: 40px;\" class=\"qode_iwt_icon_holder q_font_awsome_icon fa-lg  \"><i class=\"qodef-icon-dripicons dripicon dripicons-heart qode_iwt_icon_element\" style=\"\" ><\/i><\/span><\/div><div class=\"icon_text_holder\" style=\"\"><div class=\"icon_text_inner\" style=\"\"><h5 class=\"icon_title\" style=\"\">Museo Gorrotxategi<\/h5><p style=''>Conoce la dulce hist\u00f3ria de la confiter\u00eda y de la cerer\u00eda y su m\u00e9todo de trabajo artesanal.<\/p><\/div><\/div><\/div>[\/qode_elements_holder_item][\/qode_elements_holder][\/vc_column][\/vc_row][vc_row css_animation=\u00bb\u00bb row_type=\u00bbrow\u00bb use_row_as_full_screen_section=\u00bbno\u00bb type=\u00bbgrid\u00bb angled_section=\u00bbno\u00bb text_align=\u00bbleft\u00bb background_image_as_pattern=\u00bbwithout_pattern\u00bb css=\u00bb.vc_custom_1521036257995{padding-bottom: 84px !important;}\u00bb z_index=\u00bb\u00bb][vc_column][vc_empty_space height=\u00bb75px\u00bb]<div class=\"qode-ls-blog-list qode-ls-blog-list-big-space qode-ls-blog-list-three-columns\">\n\t<div class=\"qode-ls-blog-list-inner clearfix\">\n\t\t\t<article class=\"qode-ls-blog-list-item\">\n\t<div class=\"qode-ls-blog-list-item-inner\">\n\t\t\t\t\t<div class=\"qode-ls-blog-list-image\">\n\t\t\t\t<a href=\"https:\/\/tolosandco.org\/es\/comercios-centenarios\/\">\n\t\t\t\t\t<img loading=\"lazy\" decoding=\"async\" width=\"1200\" height=\"800\" src=\"https:\/\/tolosandco.org\/wp-content\/uploads\/2017\/08\/IMG_6654.jpg\" class=\"attachment-full size-full wp-post-image\" alt=\"\" \/>\t\t\t\t<\/a>\n\t\t\t<\/div>\n\t\t\t\t<div class=\"qode-ls-blog-list-text\">\n\t\t\t<span class=\"qode-ls-blog-list-date entry-date published updated\"> abril 4, 2018<\/span>\n\t\t\t<span class=\"qode-ls-blog-list-category\"><a href=\"https:\/\/tolosandco.org\/es\/category\/compras-es\/\" rel=\"category tag\">Compras<\/a>, <a href=\"https:\/\/tolosandco.org\/es\/category\/historia-es\/\" rel=\"category tag\">Historia<\/a><\/span>\n\t\t\t<h4 class=\"qode-ls-blog-list-title\">\n\t\t\t\t<a href=\"https:\/\/tolosandco.org\/es\/comercios-centenarios\/\">\n\t\t\t\t\tHomenaje a los comercios centenarios\t\t\t\t<\/a>\n\t\t\t<\/h4>\n\t\t\t\t\t\t\t\t<p class=\"qode-ls-blog-list-excerpt\">Homenaje a los comercios tolosarras socios de Tolosa&amp;Co que cumplen 100 a\u00f1os con las persianas levantadas, y ta<\/p>\n\t\t\t\t\t\t<a href=\"https:\/\/tolosandco.org\/es\/comercios-centenarios\/\" class=\"qode-ls-blog-list-read-more\">Leer m\u00e1s<\/a>\n\t\t<\/div>\n\t<\/div>\n<\/article><article class=\"qode-ls-blog-list-item\">\n\t<div class=\"qode-ls-blog-list-item-inner\">\n\t\t\t\t\t<div class=\"qode-ls-blog-list-image\">\n\t\t\t\t<a href=\"https:\/\/tolosandco.org\/es\/te-han-hablado-de-las-inundaciones-de-tolosa\/\">\n\t\t\t\t\t<img loading=\"lazy\" decoding=\"async\" width=\"960\" height=\"633\" src=\"https:\/\/tolosandco.org\/wp-content\/uploads\/2018\/03\/1953-La-riada-por-el-Triangulo-1953.jpg\" class=\"attachment-full size-full wp-post-image\" alt=\"\" \/>\t\t\t\t<\/a>\n\t\t\t<\/div>\n\t\t\t\t<div class=\"qode-ls-blog-list-text\">\n\t\t\t<span class=\"qode-ls-blog-list-date entry-date published updated\"> marzo 15, 2018<\/span>\n\t\t\t<span class=\"qode-ls-blog-list-category\"><a href=\"https:\/\/tolosandco.org\/es\/category\/historia-es\/\" rel=\"category tag\">Historia<\/a><\/span>\n\t\t\t<h4 class=\"qode-ls-blog-list-title\">\n\t\t\t\t<a href=\"https:\/\/tolosandco.org\/es\/te-han-hablado-de-las-inundaciones-de-tolosa\/\">\n\t\t\t\t\t\u00bfTe han hablado de las inundaciones de Tolosa?\t\t\t\t<\/a>\n\t\t\t<\/h4>\n\t\t\t\t\t\t\t\t<p class=\"qode-ls-blog-list-excerpt\"><\/p>\n\t\t\t\t\t\t<a href=\"https:\/\/tolosandco.org\/es\/te-han-hablado-de-las-inundaciones-de-tolosa\/\" class=\"qode-ls-blog-list-read-more\">Leer m\u00e1s<\/a>\n\t\t<\/div>\n\t<\/div>\n<\/article><article class=\"qode-ls-blog-list-item\">\n\t<div class=\"qode-ls-blog-list-item-inner\">\n\t\t\t\t\t<div class=\"qode-ls-blog-list-image\">\n\t\t\t\t<a href=\"https:\/\/tolosandco.org\/es\/la-historia-detras-del-arco-del-triangulo\/\">\n\t\t\t\t\t<img loading=\"lazy\" decoding=\"async\" width=\"632\" height=\"474\" src=\"https:\/\/tolosandco.org\/wp-content\/uploads\/2018\/03\/01257750.jpg\" class=\"attachment-full size-full wp-post-image\" alt=\"\" \/>\t\t\t\t<\/a>\n\t\t\t<\/div>\n\t\t\t\t<div class=\"qode-ls-blog-list-text\">\n\t\t\t<span class=\"qode-ls-blog-list-date entry-date published updated\"> marzo 14, 2018<\/span>\n\t\t\t<span class=\"qode-ls-blog-list-category\"><a href=\"https:\/\/tolosandco.org\/es\/category\/historia-es\/\" rel=\"category tag\">Historia<\/a><\/span>\n\t\t\t<h4 class=\"qode-ls-blog-list-title\">\n\t\t\t\t<a href=\"https:\/\/tolosandco.org\/es\/la-historia-detras-del-arco-del-triangulo\/\">\n\t\t\t\t\tEl arco del Triangulo\t\t\t\t<\/a>\n\t\t\t<\/h4>\n\t\t\t\t\t\t\t\t<p class=\"qode-ls-blog-list-excerpt\"><\/p>\n\t\t\t\t\t\t<a href=\"https:\/\/tolosandco.org\/es\/la-historia-detras-del-arco-del-triangulo\/\" class=\"qode-ls-blog-list-read-more\">Leer m\u00e1s<\/a>\n\t\t<\/div>\n\t<\/div>\n<\/article>\t<\/div>\n<\/div>[\/vc_column][\/vc_row][vc_row css_animation=\u00bb\u00bb row_type=\u00bbrow\u00bb use_row_as_full_screen_section=\u00bbno\u00bb type=\u00bbfull_width\u00bb angled_section=\u00bbno\u00bb text_align=\u00bbleft\u00bb background_image_as_pattern=\u00bbwithout_pattern\u00bb css=\u00bb.vc_custom_1521035639592{padding-right: 0px !important;padding-left: 0px !important;background-color: #8ebb36 !important;}\u00bb z_index=\u00bb\u00bb][vc_column][vc_empty_space height=\u00bb70px\u00bb][vc_row_inner row_type=\u00bbrow\u00bb type=\u00bbgrid\u00bb text_align=\u00bbleft\u00bb row_negative_margin=\u00bbdisable_negative_margin\u00bb css_animation=\u00bb\u00bb css=\u00bb.vc_custom_1521035647997{padding-right: 0px !important;padding-left: 0px !important;}\u00bb][vc_column_inner width=\u00bb1\/4&#8243; offset=\u00bbvc_col-lg-3 vc_col-md-3&#8243;][qode_elements_holder number_of_columns=\u00bbone_column\u00bb][qode_elements_holder_item vertical_alignment=\u00bbmiddle\u00bb horizontal_alignment=\u00bbleft\u00bb advanced_animations=\u00bbno\u00bb][vc_raw_html]JTNDZGl2JTIwc3R5bGUlM0QlMjJib3JkZXIlM0F3aGl0ZSUyMDIwcHglMjBzb2xpZCUyMiUzRSUzQ2ltZyUyMHN0eWxlJTNEJTIybWFyZ2luLWJvdHRvbSUzQS0xMHB4JTNCJTIyJTIwd2lkdGglM0QlMjIxMDAlMjUlMjIlMjBoZWlnaHQlM0QlMjIxMDAlMjUlMjIlMjBzcmMlM0QlMjJodHRwJTNBJTJGJTJGdG9sb3NhbmRjby5vcmclMkZ3cC1jb250ZW50JTJGdXBsb2FkcyUyRjIwMTglMkYwMyUyRk9ST0tPUlJBX0NvbXByYXMuanBnJTIyJTIwY2xhc3MlM0QlMjJ2Y19zaW5nbGVfaW1hZ2UtaW1nJTIwYXR0YWNobWVudC1mdWxsJTIyJTIwYWx0JTNEJTIyJTIyJTIwc3Jjc2V0JTNEJTIyaHR0cCUzQSUyRiUyRnRvbG9zYW5kY28ub3JnJTJGd3AtY29udGVudCUyRnVwbG9hZHMlMkYyMDE4JTJGMDMlMkZPUk9LT1JSQV9Db21wcmFzLmpwZyUyMDM4MHclMkMlMjBodHRwJTNBJTJGJTJGdG9sb3NhbmRjby5vcmclMkZ3cC1jb250ZW50JTJGdXBsb2FkcyUyRjIwMTglMkYwMyUyRk9ST0tPUlJBX0NvbXByYXMtMTUweDE1MC5qcGclMjAxNTB3JTJDJTIwaHR0cCUzQSUyRiUyRnRvbG9zYW5kY28ub3JnJTJGd3AtY29udGVudCUyRnVwbG9hZHMlMkYyMDE4JTJGMDMlMkZPUk9LT1JSQV9Db21wcmFzLTMwMHgzMDAuanBnJTIwMzAwdyUyMiUzRSUzQyUyRmRpdiUzRQ==[\/vc_raw_html][\/qode_elements_holder_item][\/qode_elements_holder][\/vc_column_inner][vc_column_inner width=\u00bb3\/4&#8243; offset=\u00bbvc_col-lg-9 vc_col-md-9&#8243;][qode_elements_holder number_of_columns=\u00bbone_column\u00bb][qode_elements_holder_item vertical_alignment=\u00bbmiddle\u00bb advanced_animations=\u00bbno\u00bb][vc_column_text]<\/p>\n<h2 style=\"color: white;\">TODO LO QUE NECESITAS Y M\u00c1S<\/h2>\n<p>[\/vc_column_text][vc_empty_space height=\u00bb80px\u00bb]<a  itemprop=\"url\" href=\"http:\/\/tolosandco.org\/es\/compras-tolosa\" target=\"_parent\" data-hover-background-color=#8ebb36 data-hover-border-color=#ffffff data-hover-color=#ffffff class=\"qbutton  default\" style=\"color: #8ebb36; border-color: #8ebc36; border-radius: 0px;-moz-border-radius: 0px;-webkit-border-radius: 0px; background-color: #ffffff;\">\u00bfQu\u00e9 puedo comprar en Tolosa?<\/a>[\/qode_elements_holder_item][\/qode_elements_holder][\/vc_column_inner][\/vc_row_inner][vc_empty_space height=\u00bb70px\u00bb][\/vc_column][\/vc_row][vc_row css_animation=\u00bb\u00bb row_type=\u00bbrow\u00bb use_row_as_full_screen_section=\u00bbno\u00bb type=\u00bbfull_width\u00bb angled_section=\u00bbno\u00bb text_align=\u00bbleft\u00bb background_image_as_pattern=\u00bbwithout_pattern\u00bb][vc_column][vc_empty_space height=\u00bb70px\u00bb][\/vc_column][\/vc_row]<\/p>\n<\/div>","protected":false},"excerpt":{"rendered":"<p>[vc_row css_animation=\u00bb\u00bb row_type=\u00bbrow\u00bb use_row_as_full_screen_section=\u00bbno\u00bb type=\u00bbgrid\u00bb angled_section=\u00bbno\u00bb text_align=\u00bbleft\u00bb background_image_as_pattern=\u00bbwithout_pattern\u00bb css=\u00bb.vc_custom_1520870156405{padding-bottom: 70px !important;}\u00bb z_index=\u00bb\u00bb][vc_column][qode_elements_holder number_of_columns=\u00bbone_column\u00bb][qode_elements_holder_item item_padding=\u00bb0px 43% 0px 0px\u00bb advanced_animations=\u00bbno\u00bb][vc_column_text] DESDE HACE MUCHO TIEMPO ATR\u00c1S [\/vc_column_text][\/qode_elements_holder_item][\/qode_elements_holder][vc_empty_space height=\u00bb25px\u00bb][\/vc_column][\/vc_row][vc_row css_animation=\u00bb\u00bb row_type=\u00bbrow\u00bb use_row_as_full_screen_section=\u00bbno\u00bb type=\u00bbgrid\u00bb angled_section=\u00bbno\u00bb text_align=\u00bbleft\u00bb background_image_as_pattern=\u00bbwithout_pattern\u00bb css=\u00bb.vc_custom_1520870156405{padding-bottom: 70px !important;}\u00bb z_index=\u00bb\u00bb][vc_column width=\u00bb1\/2&#8243;][vc_column_text]Tolosa fue fundado por Alfonso X El Sabio en&#8230;<\/p>\n","protected":false},"author":1,"featured_media":0,"parent":0,"menu_order":0,"comment_status":"closed","ping_status":"closed","template":"full_width.php","meta":{"inline_featured_image":false,"footnotes":""},"yoast_head":"<!-- This site is optimized with the Yoast SEO plugin v23.6 - https:\/\/yoast.com\/wordpress\/plugins\/seo\/ -->\n<title>Conoce la historia de Tolosa - Esculturas, edificios, arcos y m\u00e1s.<\/title>\n<meta name=\"description\" content=\"La parte vieja de Tolosa cuenta con el mismo trazo de hace siglos con sus 6 calles paralelas y la Puerta de Castilla. Todav\u00eda se puede reconstruir la historia mediante los palacios, monumentos y puentes que se mantienen. \u00a1Haz click aqu\u00ed para saber todo lo que tienes por ver!\" \/>\n<meta name=\"robots\" content=\"index, follow, max-snippet:-1, max-image-preview:large, max-video-preview:-1\" \/>\n<link rel=\"canonical\" href=\"https:\/\/tolosandco.org\/es\/historia\/\" \/>\n<meta property=\"og:locale\" content=\"es_ES\" \/>\n<meta property=\"og:type\" content=\"article\" \/>\n<meta property=\"og:title\" content=\"Conoce la historia de Tolosa - Esculturas, edificios, arcos y m\u00e1s.\" \/>\n<meta property=\"og:description\" content=\"La parte vieja de Tolosa cuenta con el mismo trazo de hace siglos con sus 6 calles paralelas y la Puerta de Castilla. Todav\u00eda se puede reconstruir la historia mediante los palacios, monumentos y puentes que se mantienen. \u00a1Haz click aqu\u00ed para saber todo lo que tienes por ver!\" \/>\n<meta property=\"og:url\" content=\"https:\/\/tolosandco.org\/es\/historia\/\" \/>\n<meta property=\"og:site_name\" content=\"Tolosa&amp;Co\" \/>\n<meta property=\"article:publisher\" content=\"http:\/\/www.facebook.com\/tolosandco\" \/>\n<meta property=\"article:modified_time\" content=\"2018-04-23T13:10:35+00:00\" \/>\n<meta name=\"twitter:card\" content=\"summary_large_image\" \/>\n<meta name=\"twitter:label1\" content=\"Tiempo de lectura\" \/>\n\t<meta name=\"twitter:data1\" content=\"6 minutos\" \/>\n<script type=\"application\/ld+json\" class=\"yoast-schema-graph\">{\"@context\":\"https:\/\/schema.org\",\"@graph\":[{\"@type\":\"WebPage\",\"@id\":\"https:\/\/tolosandco.org\/es\/historia\/\",\"url\":\"https:\/\/tolosandco.org\/es\/historia\/\",\"name\":\"Conoce la historia de Tolosa - Esculturas, edificios, arcos y m\u00e1s.\",\"isPartOf\":{\"@id\":\"https:\/\/tolosandco.org\/#website\"},\"datePublished\":\"2018-02-20T15:55:46+00:00\",\"dateModified\":\"2018-04-23T13:10:35+00:00\",\"description\":\"La parte vieja de Tolosa cuenta con el mismo trazo de hace siglos con sus 6 calles paralelas y la Puerta de Castilla. Todav\u00eda se puede reconstruir la historia mediante los palacios, monumentos y puentes que se mantienen. \u00a1Haz click aqu\u00ed para saber todo lo que tienes por ver!\",\"breadcrumb\":{\"@id\":\"https:\/\/tolosandco.org\/es\/historia\/#breadcrumb\"},\"inLanguage\":\"es\",\"potentialAction\":[{\"@type\":\"ReadAction\",\"target\":[\"https:\/\/tolosandco.org\/es\/historia\/\"]}]},{\"@type\":\"BreadcrumbList\",\"@id\":\"https:\/\/tolosandco.org\/es\/historia\/#breadcrumb\",\"itemListElement\":[{\"@type\":\"ListItem\",\"position\":1,\"name\":\"Home\",\"item\":\"https:\/\/tolosandco.org\/es\/\"},{\"@type\":\"ListItem\",\"position\":2,\"name\":\"HISTORIA\"}]},{\"@type\":\"WebSite\",\"@id\":\"https:\/\/tolosandco.org\/#website\",\"url\":\"https:\/\/tolosandco.org\/\",\"name\":\"Tolosa&amp;Co\",\"description\":\"Tolosako saltoki txikien elkartea\",\"potentialAction\":[{\"@type\":\"SearchAction\",\"target\":{\"@type\":\"EntryPoint\",\"urlTemplate\":\"https:\/\/tolosandco.org\/?s={search_term_string}\"},\"query-input\":{\"@type\":\"PropertyValueSpecification\",\"valueRequired\":true,\"valueName\":\"search_term_string\"}}],\"inLanguage\":\"es\"}]}<\/script>\n<!-- \/ Yoast SEO plugin. -->","yoast_head_json":{"title":"Conoce la historia de Tolosa - Esculturas, edificios, arcos y m\u00e1s.","description":"La parte vieja de Tolosa cuenta con el mismo trazo de hace siglos con sus 6 calles paralelas y la Puerta de Castilla. Todav\u00eda se puede reconstruir la historia mediante los palacios, monumentos y puentes que se mantienen. \u00a1Haz click aqu\u00ed para saber todo lo que tienes por ver!","robots":{"index":"index","follow":"follow","max-snippet":"max-snippet:-1","max-image-preview":"max-image-preview:large","max-video-preview":"max-video-preview:-1"},"canonical":"https:\/\/tolosandco.org\/es\/historia\/","og_locale":"es_ES","og_type":"article","og_title":"Conoce la historia de Tolosa - Esculturas, edificios, arcos y m\u00e1s.","og_description":"La parte vieja de Tolosa cuenta con el mismo trazo de hace siglos con sus 6 calles paralelas y la Puerta de Castilla. Todav\u00eda se puede reconstruir la historia mediante los palacios, monumentos y puentes que se mantienen. \u00a1Haz click aqu\u00ed para saber todo lo que tienes por ver!","og_url":"https:\/\/tolosandco.org\/es\/historia\/","og_site_name":"Tolosa&amp;Co","article_publisher":"http:\/\/www.facebook.com\/tolosandco","article_modified_time":"2018-04-23T13:10:35+00:00","twitter_card":"summary_large_image","twitter_misc":{"Tiempo de lectura":"6 minutos"},"schema":{"@context":"https:\/\/schema.org","@graph":[{"@type":"WebPage","@id":"https:\/\/tolosandco.org\/es\/historia\/","url":"https:\/\/tolosandco.org\/es\/historia\/","name":"Conoce la historia de Tolosa - Esculturas, edificios, arcos y m\u00e1s.","isPartOf":{"@id":"https:\/\/tolosandco.org\/#website"},"datePublished":"2018-02-20T15:55:46+00:00","dateModified":"2018-04-23T13:10:35+00:00","description":"La parte vieja de Tolosa cuenta con el mismo trazo de hace siglos con sus 6 calles paralelas y la Puerta de Castilla. Todav\u00eda se puede reconstruir la historia mediante los palacios, monumentos y puentes que se mantienen. \u00a1Haz click aqu\u00ed para saber todo lo que tienes por ver!","breadcrumb":{"@id":"https:\/\/tolosandco.org\/es\/historia\/#breadcrumb"},"inLanguage":"es","potentialAction":[{"@type":"ReadAction","target":["https:\/\/tolosandco.org\/es\/historia\/"]}]},{"@type":"BreadcrumbList","@id":"https:\/\/tolosandco.org\/es\/historia\/#breadcrumb","itemListElement":[{"@type":"ListItem","position":1,"name":"Home","item":"https:\/\/tolosandco.org\/es\/"},{"@type":"ListItem","position":2,"name":"HISTORIA"}]},{"@type":"WebSite","@id":"https:\/\/tolosandco.org\/#website","url":"https:\/\/tolosandco.org\/","name":"Tolosa&amp;Co","description":"Tolosako saltoki txikien elkartea","potentialAction":[{"@type":"SearchAction","target":{"@type":"EntryPoint","urlTemplate":"https:\/\/tolosandco.org\/?s={search_term_string}"},"query-input":{"@type":"PropertyValueSpecification","valueRequired":true,"valueName":"search_term_string"}}],"inLanguage":"es"}]}},"_links":{"self":[{"href":"https:\/\/tolosandco.org\/es\/wp-json\/wp\/v2\/pages\/2474"}],"collection":[{"href":"https:\/\/tolosandco.org\/es\/wp-json\/wp\/v2\/pages"}],"about":[{"href":"https:\/\/tolosandco.org\/es\/wp-json\/wp\/v2\/types\/page"}],"author":[{"embeddable":true,"href":"https:\/\/tolosandco.org\/es\/wp-json\/wp\/v2\/users\/1"}],"replies":[{"embeddable":true,"href":"https:\/\/tolosandco.org\/es\/wp-json\/wp\/v2\/comments?post=2474"}],"version-history":[{"count":32,"href":"https:\/\/tolosandco.org\/es\/wp-json\/wp\/v2\/pages\/2474\/revisions"}],"predecessor-version":[{"id":4283,"href":"https:\/\/tolosandco.org\/es\/wp-json\/wp\/v2\/pages\/2474\/revisions\/4283"}],"wp:attachment":[{"href":"https:\/\/tolosandco.org\/es\/wp-json\/wp\/v2\/media?parent=2474"}],"curies":[{"name":"wp","href":"https:\/\/api.w.org\/{rel}","templated":true}]}}