{"id":2738,"date":"2018-03-13T07:39:48","date_gmt":"2018-03-13T07:39:48","guid":{"rendered":"http:\/\/www.chroma-web.com\/bridgetolosa\/cookie-policy\/"},"modified":"2018-03-15T15:11:00","modified_gmt":"2018-03-15T15:11:00","slug":"politica-de-cookies","status":"publish","type":"page","link":"https:\/\/tolosandco.org\/es\/politica-de-cookies\/","title":{"rendered":"POL\u00cdTICA DE COOKIES"},"content":{"rendered":"<div class=\"wpb-content-wrapper\"><p>[vc_row css_animation=\u00bb\u00bb row_type=\u00bbrow\u00bb use_row_as_full_screen_section=\u00bbno\u00bb type=\u00bbgrid\u00bb angled_section=\u00bbno\u00bb text_align=\u00bbleft\u00bb background_image_as_pattern=\u00bbwithout_pattern\u00bb css=\u00bb.vc_custom_1520598912265{padding-bottom: 70px !important;}\u00bb z_index=\u00bb\u00bb][vc_column][qode_elements_holder number_of_columns=\u00bbone_column\u00bb][qode_elements_holder_item item_padding=\u00bb0px 43% 0px 0px\u00bb advanced_animations=\u00bbno\u00bb item_padding_1024_1280=\u00bb0px 38% 0px 0px\u00bb item_padding_768_1024=\u00bb0px 28% 0px 0px\u00bb item_padding_600_768=\u00bb0px 20% 0px 0px\u00bb item_padding_480_600=\u00bb0px 0% 0px 0px\u00bb item_padding_480=\u00bb0px 0% 0px 0px\u00bb][vc_column_text]<\/p>\n<h2>INFORMACI\u00d3N SOBRE LAS COOKIES<\/h2>\n<p>[\/vc_column_text][\/qode_elements_holder_item][\/qode_elements_holder][vc_empty_space height=\u00bb25px\u00bb][vc_column_text]<\/p>\n<p class=\"texto-titulo\">USO DE COOKIES<\/p>\n<p>Las Cookies son archivos que el sitio web o la aplicaci\u00f3n que utilizas instala en tu navegador o en tu dispositivo (Smartphone, tableta o televisi\u00f3n conectada) durante tu recorrido por las p\u00e1ginas o por la aplicaci\u00f3n, y sirven para almacenar informaci\u00f3n sobre tu visita.<\/p>\n<p>Este Sitio Web utiliza Google Analytics, un servicio anal\u00edtico de web prestado por Google, Inc., una compa\u00f1\u00eda de Delaware cuya oficina principal est\u00e1 en 1600 Amphitheatre Parkway, Mountain View (California), CA 94043, Estados Unidos (\u201cGoogle\u201d).<\/p>\n<p>Google Analytics utiliza \u201ccookies\u201d, que son archivos de texto ubicados en su ordenador, para ayudar al website a analizar el uso que hacen los usuarios del sitio web. La informaci\u00f3n que genera la cookie acerca de su uso del website (incluyendo su direcci\u00f3n IP) ser\u00e1 directamente transmitida y archivada por Google en los servidores de Estados Unidos. Google usar\u00e1 esta informaci\u00f3n por cuenta nuestra con el prop\u00f3sito de seguir la pista de su uso del website, recopilando informes de la actividad del website y prestando otros servicios relacionados con la actividad del website y el uso de Internet. Google podr\u00e1 transmitir dicha informaci\u00f3n a terceros cuando as\u00ed se lo requiera la legislaci\u00f3n, o cuando dichos terceros procesen la informaci\u00f3n por cuenta de Google. Google no asociar\u00e1 su direcci\u00f3n IP con ning\u00fan otro dato del que disponga Google. Puede Usted rechazar el tratamiento de los datos o la informaci\u00f3n rechazando el uso de cookies mediante la selecci\u00f3n de la configuraci\u00f3n apropiada de su navegador, sin embargo, debe Usted saber que si lo hace puede ser que no pueda usar la plena funcionabilidad de este website. Al utilizar este website Usted consiente el tratamiento de informaci\u00f3n acerca de Usted por Google en la forma y para los fines arriba indicados. (http:\/\/www.google.com\/analytics\/tos.html)<\/p>\n<p>Google Analytics es la herramienta de an\u00e1lisis web gratuita de Google que ayuda a los propietarios de los sitios web a comprender c\u00f3mo interact\u00faan los visitantes con su sitio web. Google Analytics recopila informaci\u00f3n de forma an\u00f3nima y, al igual que si se rastrearan huellas en la arena, informa acerca de las tendencias del sitio web, sin identificar a los visitantes individuales. Google Analytics utiliza su propia cookie para seguir las interacciones de los visitantes. La cookie se utiliza para guardar informaci\u00f3n, como la hora a la que se produjo la visita actual, si el visitante hab\u00eda estado anteriormente en el sitio o el sitio del que proviene. Los clientes de Google Analytics pueden acceder a una variedad de informes acerca del modo en el que los visitantes interact\u00faan con sus sitios web, de forma que puedan mejorarlos y hacerlos m\u00e1s localizables. Se utiliza una cookie distinta para cada sitio web y no se realiza un seguimiento de los visitantes entre varios sitios. Google Analytics requiere que todos los sitios web actualicen su pol\u00edtica de privacidad para incluir un aviso que informe plenamente sobre la utilizaci\u00f3n de Google Analytics. Para deshabilitar este tipo de cookie, algunos navegadores le indicar\u00e1n cuando se est\u00e1 enviando una cookie y le permitir\u00e1n rechazarlas caso por caso. Adicionalmente a rechazar cookies, tambi\u00e9n puede instalarse la herramienta Google Analytics Opt-out Add-on en su navegador, que impide a Google Analytics la recopilaci\u00f3n de informaci\u00f3n sobre sus visitas a sitios web. (Inf\u00f3rmese sobre la herramienta Google Analytics Opt-out Add-on y otra informaci\u00f3n sobre privacidad de Google Analytics\u00a0<a href=\"http:\/\/www.google.com\/privacy_ads.html#toc-faq\">http:\/\/www.google.com\/privacy_ads.html#toc-faq<\/a>).<\/p>\n<p class=\"texto-titulo\">DESACTIVACI\u00d3N DE COOKIES<\/p>\n<p>El usuario podr\u00e1 -en cualquier momento- elegir qu\u00e9 cookies quiere que funcionen en este sitio web mediante:<\/p>\n<ul class=\"privacidad\">\n<li>Chrome, desde\u00a0<a href=\"http:\/\/support.google.com\/chrome\/bin\/answer.py?hl=es&amp;answer=95647\">http:\/\/support.google.com\/chrome\/bin\/answer.py?hl=es&amp;answer=95647<\/a><\/li>\n<li>Firefox, desde\u00a0<a href=\"http:\/\/support.mozilla.org\/es\/kb\/habilitar-y-deshabilitar-cookies-que-los-sitios-we\">http:\/\/support.mozilla.org\/es\/kb\/habilitar-y-deshabilitar-cookies-que-los-sitios-we<\/a><\/li>\n<li>Safari, desde\u00a0<a href=\"http:\/\/support.apple.com\/kb\/ph5042\">http:\/\/support.apple.com\/kb\/ph5042<\/a><\/li>\n<li>Explorer, desde\u00a0<a href=\"https:\/\/support.microsoft.com\/es-es\/products\/windows?os=windows-10\">https:\/\/support.microsoft.com\/es-es\/products\/windows?os=windows-10<\/a><\/li>\n<\/ul>\n<p>[\/vc_column_text][\/vc_column][\/vc_row][vc_row css_animation=\u00bb\u00bb row_type=\u00bbrow\u00bb use_row_as_full_screen_section=\u00bbno\u00bb type=\u00bbgrid\u00bb angled_section=\u00bbno\u00bb text_align=\u00bbleft\u00bb background_image_as_pattern=\u00bbwithout_pattern\u00bb z_index=\u00bb\u00bb][vc_column][vc_empty_space height=\u00bb50px\u00bb][\/vc_column][\/vc_row]<\/p>\n<\/div>","protected":false},"excerpt":{"rendered":"<p>[vc_row css_animation=\u00bb\u00bb row_type=\u00bbrow\u00bb use_row_as_full_screen_section=\u00bbno\u00bb type=\u00bbgrid\u00bb angled_section=\u00bbno\u00bb text_align=\u00bbleft\u00bb background_image_as_pattern=\u00bbwithout_pattern\u00bb css=\u00bb.vc_custom_1520598912265{padding-bottom: 70px !important;}\u00bb z_index=\u00bb\u00bb][vc_column][qode_elements_holder number_of_columns=\u00bbone_column\u00bb][qode_elements_holder_item item_padding=\u00bb0px 43% 0px 0px\u00bb advanced_animations=\u00bbno\u00bb item_padding_1024_1280=\u00bb0px 38% 0px 0px\u00bb item_padding_768_1024=\u00bb0px 28% 0px 0px\u00bb item_padding_600_768=\u00bb0px 20% 0px 0px\u00bb item_padding_480_600=\u00bb0px 0% 0px 0px\u00bb item_padding_480=\u00bb0px 0% 0px 0px\u00bb][vc_column_text] INFORMACI\u00d3N SOBRE LAS COOKIES [\/vc_column_text][\/qode_elements_holder_item][\/qode_elements_holder][vc_empty_space height=\u00bb25px\u00bb][vc_column_text] USO&#8230;<\/p>\n","protected":false},"author":1,"featured_media":0,"parent":0,"menu_order":0,"comment_status":"closed","ping_status":"closed","template":"full_width.php","meta":{"inline_featured_image":false,"footnotes":""},"yoast_head":"<!-- This site is optimized with the Yoast SEO plugin v23.6 - https:\/\/yoast.com\/wordpress\/plugins\/seo\/ -->\n<title>POL\u00cdTICA DE COOKIES - Tolosa&amp;Co<\/title>\n<meta name=\"robots\" content=\"index, follow, max-snippet:-1, max-image-preview:large, max-video-preview:-1\" \/>\n<link rel=\"canonical\" href=\"https:\/\/tolosandco.org\/es\/politica-de-cookies\/\" \/>\n<meta property=\"og:locale\" content=\"es_ES\" \/>\n<meta property=\"og:type\" content=\"article\" \/>\n<meta property=\"og:title\" content=\"POL\u00cdTICA DE COOKIES - Tolosa&amp;Co\" \/>\n<meta property=\"og:description\" content=\"[vc_row css_animation=\u00bb\u00bb row_type=\u00bbrow\u00bb use_row_as_full_screen_section=\u00bbno\u00bb type=\u00bbgrid\u00bb angled_section=\u00bbno\u00bb text_align=\u00bbleft\u00bb background_image_as_pattern=\u00bbwithout_pattern\u00bb css=\u00bb.vc_custom_1520598912265{padding-bottom: 70px !important;}\u00bb z_index=\u00bb\u00bb][vc_column][qode_elements_holder number_of_columns=\u00bbone_column\u00bb][qode_elements_holder_item item_padding=\u00bb0px 43% 0px 0px\u00bb advanced_animations=\u00bbno\u00bb item_padding_1024_1280=\u00bb0px 38% 0px 0px\u00bb item_padding_768_1024=\u00bb0px 28% 0px 0px\u00bb item_padding_600_768=\u00bb0px 20% 0px 0px\u00bb item_padding_480_600=\u00bb0px 0% 0px 0px\u00bb item_padding_480=\u00bb0px 0% 0px 0px\u00bb][vc_column_text] INFORMACI\u00d3N SOBRE LAS COOKIES [\/vc_column_text][\/qode_elements_holder_item][\/qode_elements_holder][vc_empty_space height=\u00bb25px\u00bb][vc_column_text] USO...\" \/>\n<meta property=\"og:url\" content=\"https:\/\/tolosandco.org\/es\/politica-de-cookies\/\" \/>\n<meta property=\"og:site_name\" content=\"Tolosa&amp;Co\" \/>\n<meta property=\"article:publisher\" content=\"http:\/\/www.facebook.com\/tolosandco\" \/>\n<meta property=\"article:modified_time\" content=\"2018-03-15T15:11:00+00:00\" \/>\n<meta name=\"twitter:card\" content=\"summary_large_image\" \/>\n<meta name=\"twitter:label1\" content=\"Tiempo de lectura\" \/>\n\t<meta name=\"twitter:data1\" content=\"4 minutos\" \/>\n<script type=\"application\/ld+json\" class=\"yoast-schema-graph\">{\"@context\":\"https:\/\/schema.org\",\"@graph\":[{\"@type\":\"WebPage\",\"@id\":\"https:\/\/tolosandco.org\/es\/politica-de-cookies\/\",\"url\":\"https:\/\/tolosandco.org\/es\/politica-de-cookies\/\",\"name\":\"POL\u00cdTICA DE COOKIES - Tolosa&amp;Co\",\"isPartOf\":{\"@id\":\"https:\/\/tolosandco.org\/#website\"},\"datePublished\":\"2018-03-13T07:39:48+00:00\",\"dateModified\":\"2018-03-15T15:11:00+00:00\",\"breadcrumb\":{\"@id\":\"https:\/\/tolosandco.org\/es\/politica-de-cookies\/#breadcrumb\"},\"inLanguage\":\"es\",\"potentialAction\":[{\"@type\":\"ReadAction\",\"target\":[\"https:\/\/tolosandco.org\/es\/politica-de-cookies\/\"]}]},{\"@type\":\"BreadcrumbList\",\"@id\":\"https:\/\/tolosandco.org\/es\/politica-de-cookies\/#breadcrumb\",\"itemListElement\":[{\"@type\":\"ListItem\",\"position\":1,\"name\":\"Home\",\"item\":\"https:\/\/tolosandco.org\/es\/\"},{\"@type\":\"ListItem\",\"position\":2,\"name\":\"POL\u00cdTICA DE COOKIES\"}]},{\"@type\":\"WebSite\",\"@id\":\"https:\/\/tolosandco.org\/#website\",\"url\":\"https:\/\/tolosandco.org\/\",\"name\":\"Tolosa&amp;Co\",\"description\":\"Tolosako saltoki txikien elkartea\",\"potentialAction\":[{\"@type\":\"SearchAction\",\"target\":{\"@type\":\"EntryPoint\",\"urlTemplate\":\"https:\/\/tolosandco.org\/?s={search_term_string}\"},\"query-input\":{\"@type\":\"PropertyValueSpecification\",\"valueRequired\":true,\"valueName\":\"search_term_string\"}}],\"inLanguage\":\"es\"}]}<\/script>\n<!-- \/ Yoast SEO plugin. -->","yoast_head_json":{"title":"POL\u00cdTICA DE COOKIES - Tolosa&amp;Co","robots":{"index":"index","follow":"follow","max-snippet":"max-snippet:-1","max-image-preview":"max-image-preview:large","max-video-preview":"max-video-preview:-1"},"canonical":"https:\/\/tolosandco.org\/es\/politica-de-cookies\/","og_locale":"es_ES","og_type":"article","og_title":"POL\u00cdTICA DE COOKIES - Tolosa&amp;Co","og_description":"[vc_row css_animation=\u00bb\u00bb row_type=\u00bbrow\u00bb use_row_as_full_screen_section=\u00bbno\u00bb type=\u00bbgrid\u00bb angled_section=\u00bbno\u00bb text_align=\u00bbleft\u00bb background_image_as_pattern=\u00bbwithout_pattern\u00bb css=\u00bb.vc_custom_1520598912265{padding-bottom: 70px !important;}\u00bb z_index=\u00bb\u00bb][vc_column][qode_elements_holder number_of_columns=\u00bbone_column\u00bb][qode_elements_holder_item item_padding=\u00bb0px 43% 0px 0px\u00bb advanced_animations=\u00bbno\u00bb item_padding_1024_1280=\u00bb0px 38% 0px 0px\u00bb item_padding_768_1024=\u00bb0px 28% 0px 0px\u00bb item_padding_600_768=\u00bb0px 20% 0px 0px\u00bb item_padding_480_600=\u00bb0px 0% 0px 0px\u00bb item_padding_480=\u00bb0px 0% 0px 0px\u00bb][vc_column_text] INFORMACI\u00d3N SOBRE LAS COOKIES [\/vc_column_text][\/qode_elements_holder_item][\/qode_elements_holder][vc_empty_space height=\u00bb25px\u00bb][vc_column_text] USO...","og_url":"https:\/\/tolosandco.org\/es\/politica-de-cookies\/","og_site_name":"Tolosa&amp;Co","article_publisher":"http:\/\/www.facebook.com\/tolosandco","article_modified_time":"2018-03-15T15:11:00+00:00","twitter_card":"summary_large_image","twitter_misc":{"Tiempo de lectura":"4 minutos"},"schema":{"@context":"https:\/\/schema.org","@graph":[{"@type":"WebPage","@id":"https:\/\/tolosandco.org\/es\/politica-de-cookies\/","url":"https:\/\/tolosandco.org\/es\/politica-de-cookies\/","name":"POL\u00cdTICA DE COOKIES - Tolosa&amp;Co","isPartOf":{"@id":"https:\/\/tolosandco.org\/#website"},"datePublished":"2018-03-13T07:39:48+00:00","dateModified":"2018-03-15T15:11:00+00:00","breadcrumb":{"@id":"https:\/\/tolosandco.org\/es\/politica-de-cookies\/#breadcrumb"},"inLanguage":"es","potentialAction":[{"@type":"ReadAction","target":["https:\/\/tolosandco.org\/es\/politica-de-cookies\/"]}]},{"@type":"BreadcrumbList","@id":"https:\/\/tolosandco.org\/es\/politica-de-cookies\/#breadcrumb","itemListElement":[{"@type":"ListItem","position":1,"name":"Home","item":"https:\/\/tolosandco.org\/es\/"},{"@type":"ListItem","position":2,"name":"POL\u00cdTICA DE COOKIES"}]},{"@type":"WebSite","@id":"https:\/\/tolosandco.org\/#website","url":"https:\/\/tolosandco.org\/","name":"Tolosa&amp;Co","description":"Tolosako saltoki txikien elkartea","potentialAction":[{"@type":"SearchAction","target":{"@type":"EntryPoint","urlTemplate":"https:\/\/tolosandco.org\/?s={search_term_string}"},"query-input":{"@type":"PropertyValueSpecification","valueRequired":true,"valueName":"search_term_string"}}],"inLanguage":"es"}]}},"_links":{"self":[{"href":"https:\/\/tolosandco.org\/es\/wp-json\/wp\/v2\/pages\/2738"}],"collection":[{"href":"https:\/\/tolosandco.org\/es\/wp-json\/wp\/v2\/pages"}],"about":[{"href":"https:\/\/tolosandco.org\/es\/wp-json\/wp\/v2\/types\/page"}],"author":[{"embeddable":true,"href":"https:\/\/tolosandco.org\/es\/wp-json\/wp\/v2\/users\/1"}],"replies":[{"embeddable":true,"href":"https:\/\/tolosandco.org\/es\/wp-json\/wp\/v2\/comments?post=2738"}],"version-history":[{"count":4,"href":"https:\/\/tolosandco.org\/es\/wp-json\/wp\/v2\/pages\/2738\/revisions"}],"predecessor-version":[{"id":3245,"href":"https:\/\/tolosandco.org\/es\/wp-json\/wp\/v2\/pages\/2738\/revisions\/3245"}],"wp:attachment":[{"href":"https:\/\/tolosandco.org\/es\/wp-json\/wp\/v2\/media?parent=2738"}],"curies":[{"name":"wp","href":"https:\/\/api.w.org\/{rel}","templated":true}]}}