{"id":3712,"date":"2018-04-03T09:33:23","date_gmt":"2018-04-03T09:33:23","guid":{"rendered":"http:\/\/tolosandco.org\/?page_id=3712"},"modified":"2022-03-23T09:31:00","modified_gmt":"2022-03-23T08:31:00","slug":"contacto","status":"publish","type":"page","link":"https:\/\/tolosandco.org\/es\/contacto\/","title":{"rendered":"CONTACTO"},"content":{"rendered":"<div class=\"wpb-content-wrapper\"><p>[vc_row css_animation=\u00bb\u00bb row_type=\u00bbrow\u00bb use_row_as_full_screen_section=\u00bbno\u00bb type=\u00bbgrid\u00bb angled_section=\u00bbno\u00bb text_align=\u00bbleft\u00bb background_image_as_pattern=\u00bbwithout_pattern\u00bb css=\u00bb.vc_custom_1502897097830{padding-top: 111px !important;padding-bottom: 24px !important;}\u00bb][vc_column offset=\u00bbvc_col-lg-6 vc_col-md-6&#8243;][vc_gmaps link=\u00bb#E-8_JTNDaWZyYW1lJTIwc3JjJTNEJTIyaHR0cHMlM0ElMkYlMkZ3d3cuZ29vZ2xlLmNvbSUyRm1hcHMlMkZlbWJlZCUzRnBiJTNEJTIxMW0xOCUyMTFtMTIlMjExbTMlMjExZDI5MTEuNjA4NjMzMTYzNTkxJTIxMmQtMi4wODA3NDM3ODUxMzkwNDEzJTIxM2Q0My4xMzM3NDcwOTM4ODMzMyUyMTJtMyUyMTFmMCUyMTJmMCUyMTNmMCUyMTNtMiUyMTFpMTAyNCUyMTJpNzY4JTIxNGYxMy4xJTIxM20zJTIxMW0yJTIxMXMweGQ1MDRiNjhmYzNmY2VjMSUyNTNBMHg0YTJhZGViNjFkYjhjY2U0JTIxMnNUb2xvc2ElMjUyNkNvJTIxNWUwJTIxM20yJTIxMXNlcyUyMTJzZXMlMjE0djE2NDgwMjQxOTA2MzglMjE1bTIlMjExc2VzJTIxMnNlcyUyMiUyMHdpZHRoJTNEJTIyNjAwJTIyJTIwaGVpZ2h0JTNEJTIyNDUwJTIyJTIwc3R5bGUlM0QlMjJib3JkZXIlM0EwJTNCJTIyJTIwYWxsb3dmdWxsc2NyZWVuJTNEJTIyJTIyJTIwbG9hZGluZyUzRCUyMmxhenklMjIlM0UlM0MlMkZpZnJhbWUlM0U=\u00bb][vc_column_text]<strong class=\"verde\">Ponte en contacto con nosotros<\/strong>[\/vc_column_text][vc_empty_space height=\u00bb25px\u00bb]\n<div class=\"wpcf7 no-js\" id=\"wpcf7-f2010-o1\" lang=\"en-US\" dir=\"ltr\">\n<div class=\"screen-reader-response\"><p role=\"status\" aria-live=\"polite\" aria-atomic=\"true\"><\/p> <ul><\/ul><\/div>\n<form action=\"\/es\/wp-json\/wp\/v2\/pages\/3712#wpcf7-f2010-o1\" method=\"post\" class=\"wpcf7-form init cf7_custom_style_2\" aria-label=\"Contact form\" novalidate=\"novalidate\" data-status=\"init\">\n<div style=\"display: none;\">\n<input type=\"hidden\" name=\"_wpcf7\" value=\"2010\" \/>\n<input type=\"hidden\" name=\"_wpcf7_version\" value=\"5.9.8\" \/>\n<input type=\"hidden\" name=\"_wpcf7_locale\" value=\"en_US\" \/>\n<input type=\"hidden\" name=\"_wpcf7_unit_tag\" value=\"wpcf7-f2010-o1\" \/>\n<input type=\"hidden\" name=\"_wpcf7_container_post\" value=\"0\" \/>\n<input type=\"hidden\" name=\"_wpcf7_posted_data_hash\" value=\"\" \/>\n<input type=\"hidden\" name=\"_wpcf7_recaptcha_response\" value=\"\" \/>\n<\/div>\n<p><label> Nombre<strong class=\"kolore\">*<\/strong><br \/>\n<span class=\"wpcf7-form-control-wrap\" data-name=\"your-name\"><input size=\"40\" maxlength=\"400\" class=\"wpcf7-form-control wpcf7-text wpcf7-validates-as-required\" aria-required=\"true\" aria-invalid=\"false\" placeholder=\"Escribe aqu\u00ed tu nombre\" value=\"\" type=\"text\" name=\"your-name\" \/><\/span> <\/label>\n<\/p>\n<p><label> E-mail<strong class=\"kolore\">*<\/strong><br \/>\n<span class=\"wpcf7-form-control-wrap\" data-name=\"your-email\"><input size=\"40\" maxlength=\"400\" class=\"wpcf7-form-control wpcf7-email wpcf7-validates-as-required wpcf7-text wpcf7-validates-as-email\" aria-required=\"true\" aria-invalid=\"false\" placeholder=\"Escribe aqu\u00ed tu direcci\u00f3n de correo electr\u00f3nico\" value=\"\" type=\"email\" name=\"your-email\" \/><\/span> <\/label>\n<\/p>\n<p><label> Mensaje<br \/>\n<span class=\"wpcf7-form-control-wrap\" data-name=\"your-message\"><textarea cols=\"40\" rows=\"10\" maxlength=\"2000\" class=\"wpcf7-form-control wpcf7-textarea\" aria-invalid=\"false\" placeholder=\"Escribe aqu\u00ed tu mensaje\" name=\"your-message\"><\/textarea><\/span> <\/label><br \/>\n<span>*Campos obligatorios<\/span>\n<\/p>\n<p><span class=\"wpcf7-form-control-wrap\" data-name=\"acepta-rgdp\"><span class=\"wpcf7-form-control wpcf7-acceptance\"><span class=\"wpcf7-list-item\"><label><input type=\"checkbox\" name=\"acepta-rgdp\" value=\"1\" aria-invalid=\"false\" \/><span class=\"wpcf7-list-item-label\">He le\u00eddo y acepto la <a href=\"http:\/\/tolosandco.org\/es\/aviso-legal\/\">pol\u00edtica de privacidad<\/a>.<\/span><\/label><\/span><\/span><\/span>\n<\/p>\n<p><input class=\"wpcf7-form-control wpcf7-submit has-spinner\" type=\"submit\" value=\"Enviar\" \/>\n<\/p>\n<p>Responsable de uso y gesti\u00f3n de los datos: Tolosa&Co (NIF: G75029116 \/ Pedro de Tolosa 2, Tolosa). Trataremos esta informaci\u00f3n que se nos facilita con el fin de contactar al usuario solicitante una \u00fanica vez. Los datos no se utilizar\u00e1n para enviar informaci\u00f3n promocional y no se ceder\u00e1n a terceros.\n<\/p><div class=\"wpcf7-response-output\" aria-hidden=\"true\"><\/div>\n<\/form>\n<\/div>\n[vc_empty_space height=\u00bb76px\u00bb][\/vc_column][vc_column offset=\u00bbvc_col-lg-6 vc_col-md-6&#8243;][vc_column_text]<strong class=\"verde\">Como t\u00fa prefieras<\/strong>[\/vc_column_text][vc_empty_space height=\u00bb21px\u00bb][vc_column_text]Si tienes alguna duda o sugerencia sobre los comercios de Tolosa, incluso si te gustar\u00eda hacernos cualquier otro comentario, por favor ponte en contacto con nosotros. Puedes hacerlo rellenando el formulario de contacto y te contestaremos en la mayor brevedad posible. Si lo prefieres, te dejamos los datos de contacto directo aqu\u00ed debajo.[\/vc_column_text][vc_empty_space height=\u00bb43px\u00bb][vc_column_text]<strong class=\"verde\">Informaci\u00f3n de contacto<\/strong>[\/vc_column_text][vc_empty_space height=\u00bb21px\u00bb][vc_raw_html]JTNDZGl2JTIwY2xhc3MlM0QlMjdxX2VsZW1lbnRzX2hvbGRlciUyMG9uZV9jb2x1bW4lMjByZXNwb25zaXZlX21vZGVfZnJvbV83NjglMjclMjAlM0UlM0NkaXYlMjBjbGFzcyUzRCUyN3FfZWxlbWVudHNfaXRlbSUyMCUyNyUyMGRhdGEtYW5pbWF0aW9uJTNEJTI3bm8lMjclM0UlM0NkaXYlMjBjbGFzcyUzRCUyN3FfZWxlbWVudHNfaXRlbV9pbm5lciUyNyUzRSUzQ2RpdiUyMGNsYXNzJTNEJTI3cV9lbGVtZW50c19pdGVtX2NvbnRlbnQlMjBxX2VsZW1lbnRzX2hvbGRlcl9jdXN0b21fODYyODE1JTI3JTIwc3R5bGUlM0QlMjdwYWRkaW5nJTNBMCUyMDM0JTI1JTIwMCUyMDAlMjclM0UlM0NzdHlsZSUyMHR5cGUlM0QlMjJ0ZXh0JTJGY3NzJTIyJTIwZGF0YS10eXBlJTNEJTIycV9lbGVtZW50c19jdXN0b21fcGFkZGluZyUyMiUyMHNjb3BlZCUzRSU0MG1lZGlhJTIwb25seSUyMHNjcmVlbiUyMGFuZCUyMCUyOG1pbi13aWR0aCUzQSUyMDEwMjRweCUyOSUyMGFuZCUyMCUyOG1heC13aWR0aCUzQSUyMDEyODBweCUyOSUyMCU3QiUyMC5xX2VsZW1lbnRzX2l0ZW1fY29udGVudC5xX2VsZW1lbnRzX2hvbGRlcl9jdXN0b21fODYyODE1JTdCJTIwcGFkZGluZyUzQSUyMDAlMjAyMSUyNSUyMDAlMjAwJTIwJTIxaW1wb3J0YW50JTNCJTdEJTdEJTQwbWVkaWElMjBvbmx5JTIwc2NyZWVuJTIwYW5kJTIwJTI4bWluLXdpZHRoJTNBJTIwNzY4cHglMjklMjBhbmQlMjAlMjhtYXgtd2lkdGglM0ElMjAxMDI0cHglMjklMjAlN0IlMjAucV9lbGVtZW50c19pdGVtX2NvbnRlbnQucV9lbGVtZW50c19ob2xkZXJfY3VzdG9tXzg2MjgxNSU3QiUyMHBhZGRpbmclM0ElMjAwJTIwMTclMjUlMjAwJTIwMCUyMCUyMCUyMWltcG9ydGFudCUzQiU3RCU3RCU0MG1lZGlhJTIwb25seSUyMHNjcmVlbiUyMGFuZCUyMCUyOG1pbi13aWR0aCUzQSUyMDYwMHB4JTI5JTIwYW5kJTIwJTI4bWF4LXdpZHRoJTNBJTIwNzY4cHglMjklMjAlN0IlMjAucV9lbGVtZW50c19pdGVtX2NvbnRlbnQucV9lbGVtZW50c19ob2xkZXJfY3VzdG9tXzg2MjgxNSU3QiUyMHBhZGRpbmclM0ElMjAwJTIwMzQlMjUlMjAwJTIwMCUyMCUyMWltcG9ydGFudCUzQiU3RCU3RCU0MG1lZGlhJTIwb25seSUyMHNjcmVlbiUyMGFuZCUyMCUyOG1pbi13aWR0aCUzQSUyMDQ4MHB4JTI5JTIwYW5kJTIwJTI4bWF4LXdpZHRoJTNBJTIwNjAwcHglMjklMjAlN0IlMjAucV9lbGVtZW50c19pdGVtX2NvbnRlbnQucV9lbGVtZW50c19ob2xkZXJfY3VzdG9tXzg2MjgxNSU3QiUyMHBhZGRpbmclM0ElMjAwcHglMjAlMjFpbXBvcnRhbnQlM0IlN0QlN0QlNDBtZWRpYSUyMG9ubHklMjBzY3JlZW4lMjBhbmQlMjAlMjhtYXgtd2lkdGglM0ElMjA0ODBweCUyOSUyMCU3QiUyMC5xX2VsZW1lbnRzX2l0ZW1fY29udGVudC5xX2VsZW1lbnRzX2hvbGRlcl9jdXN0b21fODYyODE1JTdCJTIwcGFkZGluZyUzQSUyMDBweCUyMCUyMWltcG9ydGFudCUzQiU3RCU3RCUzQyUyRnN0eWxlJTNFJTNDZGl2JTIwY2xhc3MlM0QlMjJxX2ljb25fbGlzdCUyMiUzRSUzQ2klMjBjbGFzcyUzRCUyMnFvZGVmLWljb24tZHJpcGljb25zJTIwZHJpcGljb24lMjBkcmlwaWNvbnMtbG9jYXRpb24lMjBxb2RlLWlsaS1pY29uLWhvbGRlciUyMHRyYW5zcGFyZW50JTIyJTIwc3R5bGUlM0QlMjJmb250LXNpemUlM0ElMjAxOXB4JTNCY29sb3IlM0ElMjAlMjM4ZWJiMzYlM0IlMjIlMjAlM0UlM0MlMkZpJTNFJTNDYSUyMGhyZWYlM0QlMjJodHRwcyUzQSUyRiUyRmdvby5nbCUyRm1hcHMlMkZBOEJCUkhZY1pYNTIlMjIlMjB0YXJnZXQlM0QlMjJfYmxhbmslMjIlMjBzdHlsZSUzRCUyMmZvbnQtc2l6ZSUzQSUyMDE1cHglM0Jmb250LXdlaWdodCUzQSUyMDQwMCUzQm1hcmdpbi1ib3R0b20lM0ElMjAwcHglM0IlMjIlM0UlM0NzdHJvbmclM0VQZWRybyUyMFRvbG9zYSUyMFBhc2VhbGVrdWElMjBJYmlsYmlkZWElMkMlMjAyJTJDJTIwMjA0MDAlMjBUb2xvc2ElMkMlMjBHaXB1emtvYSUzQyUyRnN0cm9uZyUzRSUzQyUyRmElM0UlM0MlMkZkaXYlM0UlMDklM0NkaXYlMjBjbGFzcyUzRCUyMnZjX2VtcHR5X3NwYWNlJTIyJTIwJTIwc3R5bGUlM0QlMjJoZWlnaHQlM0ElMjAyM3B4JTIyJTIwJTNFJTNDc3BhbiUwQSUwOSUwOSUwOWNsYXNzJTNEJTIydmNfZW1wdHlfc3BhY2VfaW5uZXIlMjIlM0UlMEElMDklMDklMDklM0NzcGFuJTIwY2xhc3MlM0QlMjJlbXB0eV9zcGFjZV9pbWFnZSUyMiUyMCUyMCUzRSUzQyUyRnNwYW4lM0UlMEElMDklMDklM0MlMkZzcGFuJTNFJTNDJTJGZGl2JTNFJTBBJTBBJTNDJTJGZGl2JTNFJTNDJTJGZGl2JTNFJTNDJTJGZGl2JTNFJTNDJTJGZGl2JTNFJTNDZGl2JTIwY2xhc3MlM0QlMjdxX2VsZW1lbnRzX2hvbGRlciUyMG9uZV9jb2x1bW4lMjByZXNwb25zaXZlX21vZGVfZnJvbV83NjglMjclMjAlM0UlM0NkaXYlMjBjbGFzcyUzRCUyN3FfZWxlbWVudHNfaXRlbSUyMCUyNyUyMGRhdGEtYW5pbWF0aW9uJTNEJTI3bm8lMjclM0UlM0NkaXYlMjBjbGFzcyUzRCUyN3FfZWxlbWVudHNfaXRlbV9pbm5lciUyNyUzRSUzQ2RpdiUyMGNsYXNzJTNEJTI3cV9lbGVtZW50c19pdGVtX2NvbnRlbnQlMjBxX2VsZW1lbnRzX2hvbGRlcl9jdXN0b21fOTM2Mjc0JTI3JTIwc3R5bGUlM0QlMjdwYWRkaW5nJTNBMCUyMDUyJTI1JTIwMCUyMDAlMjclM0UlM0NzdHlsZSUyMHR5cGUlM0QlMjJ0ZXh0JTJGY3NzJTIyJTIwZGF0YS10eXBlJTNEJTIycV9lbGVtZW50c19jdXN0b21fcGFkZGluZyUyMiUyMHNjb3BlZCUzRSU0MG1lZGlhJTIwb25seSUyMHNjcmVlbiUyMGFuZCUyMCUyOG1pbi13aWR0aCUzQSUyMDEwMjRweCUyOSUyMGFuZCUyMCUyOG1heC13aWR0aCUzQSUyMDEyODBweCUyOSUyMCU3QiUyMC5xX2VsZW1lbnRzX2l0ZW1fY29udGVudC5xX2VsZW1lbnRzX2hvbGRlcl9jdXN0b21fOTM2Mjc0JTdCJTIwcGFkZGluZyUzQSUyMDAlMjA0NyUyNSUyMDAlMjAwJTIwJTIxaW1wb3J0YW50JTNCJTdEJTdEJTQwbWVkaWElMjBvbmx5JTIwc2NyZWVuJTIwYW5kJTIwJTI4bWluLXdpZHRoJTNBJTIwNzY4cHglMjklMjBhbmQlMjAlMjhtYXgtd2lkdGglM0ElMjAxMDI0cHglMjklMjAlN0IlMjAucV9lbGVtZW50c19pdGVtX2NvbnRlbnQucV9lbGVtZW50c19ob2xkZXJfY3VzdG9tXzkzNjI3NCU3QiUyMHBhZGRpbmclM0ElMjAwJTIwMzglMjUlMjAwJTIwMCUyMCUyMWltcG9ydGFudCUzQiU3RCU3RCU0MG1lZGlhJTIwb25seSUyMHNjcmVlbiUyMGFuZCUyMCUyOG1pbi13aWR0aCUzQSUyMDYwMHB4JTI5JTIwYW5kJTIwJTI4bWF4LXdpZHRoJTNBJTIwNzY4cHglMjklMjAlN0IlMjAucV9lbGVtZW50c19pdGVtX2NvbnRlbnQucV9lbGVtZW50c19ob2xkZXJfY3VzdG9tXzkzNjI3NCU3QiUyMHBhZGRpbmclM0ElMjAwJTIwNTQlMjUlMjAwJTIwMCUyMCUyMCUyMWltcG9ydGFudCUzQiU3RCU3RCU0MG1lZGlhJTIwb25seSUyMHNjcmVlbiUyMGFuZCUyMCUyOG1pbi13aWR0aCUzQSUyMDQ4MHB4JTI5JTIwYW5kJTIwJTI4bWF4LXdpZHRoJTNBJTIwNjAwcHglMjklMjAlN0IlMjAucV9lbGVtZW50c19pdGVtX2NvbnRlbnQucV9lbGVtZW50c19ob2xkZXJfY3VzdG9tXzkzNjI3NCU3QiUyMHBhZGRpbmclM0ElMjAwcHglMjAlMjFpbXBvcnRhbnQlM0IlN0QlN0QlNDBtZWRpYSUyMG9ubHklMjBzY3JlZW4lMjBhbmQlMjAlMjhtYXgtd2lkdGglM0ElMjA0ODBweCUyOSUyMCU3QiUyMC5xX2VsZW1lbnRzX2l0ZW1fY29udGVudC5xX2VsZW1lbnRzX2hvbGRlcl9jdXN0b21fOTM2Mjc0JTdCJTIwcGFkZGluZyUzQSUyMDBweCUyMCUyMWltcG9ydGFudCUzQiU3RCU3RCUzQyUyRnN0eWxlJTNFJTNDZGl2JTIwY2xhc3MlM0QlMjJxX2ljb25fbGlzdCUyMiUzRSUzQ2klMjBjbGFzcyUzRCUyMnFvZGVmLWljb24tZHJpcGljb25zJTIwZHJpcGljb24lMjBkcmlwaWNvbnMtcGhvbmUlMjBxb2RlLWlsaS1pY29uLWhvbGRlciUyMHRyYW5zcGFyZW50JTIyJTIwc3R5bGUlM0QlMjJmb250LXNpemUlM0ElMjAxOXB4JTNCY29sb3IlM0ElMjAlMjM4ZWJiMzYlM0IlMjIlMjAlM0UlM0MlMkZpJTNFJTNDYSUyMGhyZWYlM0QlMjJ0ZWwlM0E5NDM2NTM1NzglMjIlMjBzdHlsZSUzRCUyMmZvbnQtc2l6ZSUzQSUyMDE1cHglM0Jmb250LXdlaWdodCUzQSUyMDQwMCUzQm1hcmdpbi1ib3R0b20lM0ElMjAwcHglM0IlMjIlM0UlM0NzdHJvbmclM0U5NDMlMjA2NSUyMDM1JTIwNzglM0MlMkZzdHJvbmclM0UlM0MlMkZhJTNFJTNDJTJGZGl2JTNFJTA5JTNDZGl2JTIwY2xhc3MlM0QlMjJ2Y19lbXB0eV9zcGFjZSUyMiUyMCUyMHN0eWxlJTNEJTIyaGVpZ2h0JTNBJTIwMjNweCUyMiUyMCUzRSUzQ3NwYW4lMEElMDklMDklMDljbGFzcyUzRCUyMnZjX2VtcHR5X3NwYWNlX2lubmVyJTIyJTNFJTBBJTA5JTA5JTA5JTNDc3BhbiUyMGNsYXNzJTNEJTIyZW1wdHlfc3BhY2VfaW1hZ2UlMjIlMjAlMjAlM0UlM0MlMkZzcGFuJTNFJTBBJTA5JTA5JTNDJTJGc3BhbiUzRSUzQyUyRmRpdiUzRSUwQSUwQSUzQyUyRmRpdiUzRSUzQyUyRmRpdiUzRSUzQyUyRmRpdiUzRSUzQyUyRmRpdiUzRSUzQ2RpdiUyMGNsYXNzJTNEJTI3cV9lbGVtZW50c19ob2xkZXIlMjBvbmVfY29sdW1uJTIwcmVzcG9uc2l2ZV9tb2RlX2Zyb21fNzY4JTI3JTIwJTNFJTNDZGl2JTIwY2xhc3MlM0QlMjdxX2VsZW1lbnRzX2l0ZW0lMjAlMjclMjBkYXRhLWFuaW1hdGlvbiUzRCUyN25vJTI3JTNFJTNDZGl2JTIwY2xhc3MlM0QlMjdxX2VsZW1lbnRzX2l0ZW1faW5uZXIlMjclM0UlM0NkaXYlMjBjbGFzcyUzRCUyN3FfZWxlbWVudHNfaXRlbV9jb250ZW50JTIwcV9lbGVtZW50c19ob2xkZXJfY3VzdG9tXzQ5MDYzMiUyNyUyMHN0eWxlJTNEJTI3cGFkZGluZyUzQTAlMjAzOCUyNSUyMDAlMjAwJTI3JTNFJTNDc3R5bGUlMjB0eXBlJTNEJTIydGV4dCUyRmNzcyUyMiUyMGRhdGEtdHlwZSUzRCUyMnFfZWxlbWVudHNfY3VzdG9tX3BhZGRpbmclMjIlMjBzY29wZWQlM0UlNDBtZWRpYSUyMG9ubHklMjBzY3JlZW4lMjBhbmQlMjAlMjhtaW4td2lkdGglM0ElMjAxMDI0cHglMjklMjBhbmQlMjAlMjhtYXgtd2lkdGglM0ElMjAxMjgwcHglMjklMjAlN0IlMjAucV9lbGVtZW50c19pdGVtX2NvbnRlbnQucV9lbGVtZW50c19ob2xkZXJfY3VzdG9tXzQ5MDYzMiU3QiUyMHBhZGRpbmclM0ElMjAwJTIwMzElMjUlMjAwJTIwMCUyMCUyMWltcG9ydGFudCUzQiU3RCU3RCU0MG1lZGlhJTIwb25seSUyMHNjcmVlbiUyMGFuZCUyMCUyOG1pbi13aWR0aCUzQSUyMDc2OHB4JTI5JTIwYW5kJTIwJTI4bWF4LXdpZHRoJTNBJTIwMTAyNHB4JTI5JTIwJTdCJTIwLnFfZWxlbWVudHNfaXRlbV9jb250ZW50LnFfZWxlbWVudHNfaG9sZGVyX2N1c3RvbV80OTA2MzIlN0IlMjBwYWRkaW5nJTNBJTIwMCUyMDIwJTI1JTIwMCUyMDAlMjAlMjAlMjFpbXBvcnRhbnQlM0IlN0QlN0QlNDBtZWRpYSUyMG9ubHklMjBzY3JlZW4lMjBhbmQlMjAlMjhtaW4td2lkdGglM0ElMjA2MDBweCUyOSUyMGFuZCUyMCUyOG1heC13aWR0aCUzQSUyMDc2OHB4JTI5JTIwJTdCJTIwLnFfZWxlbWVudHNfaXRlbV9jb250ZW50LnFfZWxlbWVudHNfaG9sZGVyX2N1c3RvbV80OTA2MzIlN0IlMjBwYWRkaW5nJTNBJTIwMCUyMDM4JTI1JTIwMCUyMDAlMjAlMjFpbXBvcnRhbnQlM0IlN0QlN0QlNDBtZWRpYSUyMG9ubHklMjBzY3JlZW4lMjBhbmQlMjAlMjhtaW4td2lkdGglM0ElMjA0ODBweCUyOSUyMGFuZCUyMCUyOG1heC13aWR0aCUzQSUyMDYwMHB4JTI5JTIwJTdCJTIwLnFfZWxlbWVudHNfaXRlbV9jb250ZW50LnFfZWxlbWVudHNfaG9sZGVyX2N1c3RvbV80OTA2MzIlN0IlMjBwYWRkaW5nJTNBJTIwMHB4JTIwMHB4JTIwNjZweCUyMCUyMWltcG9ydGFudCUzQiU3RCU3RCU0MG1lZGlhJTIwb25seSUyMHNjcmVlbiUyMGFuZCUyMCUyOG1heC13aWR0aCUzQSUyMDQ4MHB4JTI5JTIwJTdCJTIwLnFfZWxlbWVudHNfaXRlbV9jb250ZW50LnFfZWxlbWVudHNfaG9sZGVyX2N1c3RvbV80OTA2MzIlN0IlMjBwYWRkaW5nJTNBJTIwMHB4JTIwMHB4JTIwNjZweCUyMCUyMWltcG9ydGFudCUzQiU3RCU3RCUzQyUyRnN0eWxlJTNFJTNDZGl2JTIwY2xhc3MlM0QlMjJxX2ljb25fbGlzdCUyMiUzRSUzQ2klMjBjbGFzcyUzRCUyMnFvZGVmLWljb24tZHJpcGljb25zJTIwZHJpcGljb24lMjBkcmlwaWNvbnMtbWFpbCUyMHFvZGUtaWxpLWljb24taG9sZGVyJTIwdHJhbnNwYXJlbnQlMjIlMjBzdHlsZSUzRCUyMmZvbnQtc2l6ZSUzQSUyMDE5cHglM0Jjb2xvciUzQSUyMCUyMzhlYmIzNiUzQiUyMiUyMCUzRSUzQyUyRmklM0UlM0NhJTIwaHJlZiUzRCUyMm1haWx0byUzQWluZm8lNDB0b2xvc2FuZGNvLm9yZyUyMiUyMHN0eWxlJTNEJTIyZm9udC1zaXplJTNBJTIwMTVweCUzQmZvbnQtd2VpZ2h0JTNBJTIwNDAwJTNCbWFyZ2luLWJvdHRvbSUzQSUyMDBweCUzQiUyMiUzRSUzQ3N0cm9uZyUzRWluZm8lNDB0b2xvc2FuZGNvLm9yZyUzQyUyRnN0cm9uZyUzRSUzQyUyRmElM0UlM0MlMkZkaXYlM0UlMDklM0NkaXYlMjBjbGFzcyUzRCUyMnZjX2VtcHR5X3NwYWNlJTIyJTIwJTIwc3R5bGUlM0QlMjJoZWlnaHQlM0ElMjAyM3B4JTIyJTIwJTNFJTNDc3BhbiUwQSUwOSUwOSUwOWNsYXNzJTNEJTIydmNfZW1wdHlfc3BhY2VfaW5uZXIlMjIlM0UlMEElMDklMDklMDklM0NzcGFuJTIwY2xhc3MlM0QlMjJlbXB0eV9zcGFjZV9pbWFnZSUyMiUyMCUyMCUzRSUzQyUyRnNwYW4lM0UlMEElMDklMDklM0MlMkZzcGFuJTNFJTNDJTJGZGl2JTNFJTBBJTBBJTNDJTJGZGl2JTNFJTNDJTJGZGl2JTNFJTNDJTJGZGl2JTNFJTNDJTJGZGl2JTNF[\/vc_raw_html][\/vc_column][\/vc_row][vc_row css_animation=\u00bb\u00bb row_type=\u00bbrow\u00bb use_row_as_full_screen_section=\u00bbno\u00bb type=\u00bbfull_width\u00bb angled_section=\u00bbno\u00bb text_align=\u00bbleft\u00bb background_image_as_pattern=\u00bbwithout_pattern\u00bb][vc_column][\/vc_column][\/vc_row]<\/p>\n<\/div>","protected":false},"excerpt":{"rendered":"<p>[vc_row css_animation=\u00bb\u00bb row_type=\u00bbrow\u00bb use_row_as_full_screen_section=\u00bbno\u00bb type=\u00bbgrid\u00bb angled_section=\u00bbno\u00bb text_align=\u00bbleft\u00bb background_image_as_pattern=\u00bbwithout_pattern\u00bb css=\u00bb.vc_custom_1502897097830{padding-top: 111px !important;padding-bottom: 24px !important;}\u00bb][vc_column offset=\u00bbvc_col-lg-6 vc_col-md-6&#8243;][vc_gmaps link=\u00bb#E-8_JTNDaWZyYW1lJTIwc3JjJTNEJTIyaHR0cHMlM0ElMkYlMkZ3d3cuZ29vZ2xlLmNvbSUyRm1hcHMlMkZlbWJlZCUzRnBiJTNEJTIxMW0xOCUyMTFtMTIlMjExbTMlMjExZDI5MTEuNjA4NjMzMTYzNTkxJTIxMmQtMi4wODA3NDM3ODUxMzkwNDEzJTIxM2Q0My4xMzM3NDcwOTM4ODMzMyUyMTJtMyUyMTFmMCUyMTJmMCUyMTNmMCUyMTNtMiUyMTFpMTAyNCUyMTJpNzY4JTIxNGYxMy4xJTIxM20zJTIxMW0yJTIxMXMweGQ1MDRiNjhmYzNmY2VjMSUyNTNBMHg0YTJhZGViNjFkYjhjY2U0JTIxMnNUb2xvc2ElMjUyNkNvJTIxNWUwJTIxM20yJTIxMXNlcyUyMTJzZXMlMjE0djE2NDgwMjQxOTA2MzglMjE1bTIlMjExc2VzJTIxMnNlcyUyMiUyMHdpZHRoJTNEJTIyNjAwJTIyJTIwaGVpZ2h0JTNEJTIyNDUwJTIyJTIwc3R5bGUlM0QlMjJib3JkZXIlM0EwJTNCJTIyJTIwYWxsb3dmdWxsc2NyZWVuJTNEJTIyJTIyJTIwbG9hZGluZyUzRCUyMmxhenklMjIlM0UlM0MlMkZpZnJhbWUlM0U=\u00bb][vc_column_text]Ponte en contacto con nosotros[\/vc_column_text][vc_empty_space height=\u00bb25px\u00bb][vc_empty_space height=\u00bb76px\u00bb][\/vc_column][vc_column offset=\u00bbvc_col-lg-6 vc_col-md-6&#8243;][vc_column_text]Como t\u00fa prefieras[\/vc_column_text][vc_empty_space height=\u00bb21px\u00bb][vc_column_text]Si tienes alguna duda o sugerencia sobre los comercios de Tolosa, incluso si te gustar\u00eda hacernos cualquier otro comentario,&#8230;<\/p>\n","protected":false},"author":1,"featured_media":0,"parent":0,"menu_order":0,"comment_status":"closed","ping_status":"closed","template":"contacto.php","meta":{"inline_featured_image":false,"footnotes":""},"yoast_head":"<!-- This site is optimized with the Yoast SEO plugin v23.6 - https:\/\/yoast.com\/wordpress\/plugins\/seo\/ -->\n<title>Ponte en contacto con Tolosa&amp;Co | Tel\u00e9fono, email, formulario<\/title>\n<meta name=\"description\" content=\"Si tienes alguna consulta o comentario que hacer a Tolosa&amp;Co no lo dudes y ponte en contacto. Rellena este formulario o ll\u00e1manos y te contestaremos lo antes posible. Mira el mapa para saber d\u00f3nde nos ubicamos!\" \/>\n<meta name=\"robots\" content=\"index, follow, max-snippet:-1, max-image-preview:large, max-video-preview:-1\" \/>\n<link rel=\"canonical\" href=\"https:\/\/tolosandco.org\/es\/contacto\/\" \/>\n<meta property=\"og:locale\" content=\"es_ES\" \/>\n<meta property=\"og:type\" content=\"article\" \/>\n<meta property=\"og:title\" content=\"Ponte en contacto con Tolosa&amp;Co | Tel\u00e9fono, email, formulario\" \/>\n<meta property=\"og:description\" content=\"Si tienes alguna consulta o comentario que hacer a Tolosa&amp;Co no lo dudes y ponte en contacto. Rellena este formulario o ll\u00e1manos y te contestaremos lo antes posible. Mira el mapa para saber d\u00f3nde nos ubicamos!\" \/>\n<meta property=\"og:url\" content=\"https:\/\/tolosandco.org\/es\/contacto\/\" \/>\n<meta property=\"og:site_name\" content=\"Tolosa&amp;Co\" \/>\n<meta property=\"article:publisher\" content=\"http:\/\/www.facebook.com\/tolosandco\" \/>\n<meta property=\"article:modified_time\" content=\"2022-03-23T08:31:00+00:00\" \/>\n<meta name=\"twitter:card\" content=\"summary_large_image\" \/>\n<meta name=\"twitter:label1\" content=\"Tiempo de lectura\" \/>\n\t<meta name=\"twitter:data1\" content=\"1 minuto\" \/>\n<script type=\"application\/ld+json\" class=\"yoast-schema-graph\">{\"@context\":\"https:\/\/schema.org\",\"@graph\":[{\"@type\":\"WebPage\",\"@id\":\"https:\/\/tolosandco.org\/es\/contacto\/\",\"url\":\"https:\/\/tolosandco.org\/es\/contacto\/\",\"name\":\"Ponte en contacto con Tolosa&Co | Tel\u00e9fono, email, formulario\",\"isPartOf\":{\"@id\":\"https:\/\/tolosandco.org\/#website\"},\"datePublished\":\"2018-04-03T09:33:23+00:00\",\"dateModified\":\"2022-03-23T08:31:00+00:00\",\"description\":\"Si tienes alguna consulta o comentario que hacer a Tolosa&Co no lo dudes y ponte en contacto. Rellena este formulario o ll\u00e1manos y te contestaremos lo antes posible. Mira el mapa para saber d\u00f3nde nos ubicamos!\",\"breadcrumb\":{\"@id\":\"https:\/\/tolosandco.org\/es\/contacto\/#breadcrumb\"},\"inLanguage\":\"es\",\"potentialAction\":[{\"@type\":\"ReadAction\",\"target\":[\"https:\/\/tolosandco.org\/es\/contacto\/\"]}]},{\"@type\":\"BreadcrumbList\",\"@id\":\"https:\/\/tolosandco.org\/es\/contacto\/#breadcrumb\",\"itemListElement\":[{\"@type\":\"ListItem\",\"position\":1,\"name\":\"Home\",\"item\":\"https:\/\/tolosandco.org\/es\/\"},{\"@type\":\"ListItem\",\"position\":2,\"name\":\"CONTACTO\"}]},{\"@type\":\"WebSite\",\"@id\":\"https:\/\/tolosandco.org\/#website\",\"url\":\"https:\/\/tolosandco.org\/\",\"name\":\"Tolosa&amp;Co\",\"description\":\"Tolosako saltoki txikien elkartea\",\"potentialAction\":[{\"@type\":\"SearchAction\",\"target\":{\"@type\":\"EntryPoint\",\"urlTemplate\":\"https:\/\/tolosandco.org\/?s={search_term_string}\"},\"query-input\":{\"@type\":\"PropertyValueSpecification\",\"valueRequired\":true,\"valueName\":\"search_term_string\"}}],\"inLanguage\":\"es\"}]}<\/script>\n<!-- \/ Yoast SEO plugin. -->","yoast_head_json":{"title":"Ponte en contacto con Tolosa&Co | Tel\u00e9fono, email, formulario","description":"Si tienes alguna consulta o comentario que hacer a Tolosa&Co no lo dudes y ponte en contacto. Rellena este formulario o ll\u00e1manos y te contestaremos lo antes posible. Mira el mapa para saber d\u00f3nde nos ubicamos!","robots":{"index":"index","follow":"follow","max-snippet":"max-snippet:-1","max-image-preview":"max-image-preview:large","max-video-preview":"max-video-preview:-1"},"canonical":"https:\/\/tolosandco.org\/es\/contacto\/","og_locale":"es_ES","og_type":"article","og_title":"Ponte en contacto con Tolosa&Co | Tel\u00e9fono, email, formulario","og_description":"Si tienes alguna consulta o comentario que hacer a Tolosa&Co no lo dudes y ponte en contacto. Rellena este formulario o ll\u00e1manos y te contestaremos lo antes posible. Mira el mapa para saber d\u00f3nde nos ubicamos!","og_url":"https:\/\/tolosandco.org\/es\/contacto\/","og_site_name":"Tolosa&amp;Co","article_publisher":"http:\/\/www.facebook.com\/tolosandco","article_modified_time":"2022-03-23T08:31:00+00:00","twitter_card":"summary_large_image","twitter_misc":{"Tiempo de lectura":"1 minuto"},"schema":{"@context":"https:\/\/schema.org","@graph":[{"@type":"WebPage","@id":"https:\/\/tolosandco.org\/es\/contacto\/","url":"https:\/\/tolosandco.org\/es\/contacto\/","name":"Ponte en contacto con Tolosa&Co | Tel\u00e9fono, email, formulario","isPartOf":{"@id":"https:\/\/tolosandco.org\/#website"},"datePublished":"2018-04-03T09:33:23+00:00","dateModified":"2022-03-23T08:31:00+00:00","description":"Si tienes alguna consulta o comentario que hacer a Tolosa&Co no lo dudes y ponte en contacto. Rellena este formulario o ll\u00e1manos y te contestaremos lo antes posible. Mira el mapa para saber d\u00f3nde nos ubicamos!","breadcrumb":{"@id":"https:\/\/tolosandco.org\/es\/contacto\/#breadcrumb"},"inLanguage":"es","potentialAction":[{"@type":"ReadAction","target":["https:\/\/tolosandco.org\/es\/contacto\/"]}]},{"@type":"BreadcrumbList","@id":"https:\/\/tolosandco.org\/es\/contacto\/#breadcrumb","itemListElement":[{"@type":"ListItem","position":1,"name":"Home","item":"https:\/\/tolosandco.org\/es\/"},{"@type":"ListItem","position":2,"name":"CONTACTO"}]},{"@type":"WebSite","@id":"https:\/\/tolosandco.org\/#website","url":"https:\/\/tolosandco.org\/","name":"Tolosa&amp;Co","description":"Tolosako saltoki txikien elkartea","potentialAction":[{"@type":"SearchAction","target":{"@type":"EntryPoint","urlTemplate":"https:\/\/tolosandco.org\/?s={search_term_string}"},"query-input":{"@type":"PropertyValueSpecification","valueRequired":true,"valueName":"search_term_string"}}],"inLanguage":"es"}]}},"_links":{"self":[{"href":"https:\/\/tolosandco.org\/es\/wp-json\/wp\/v2\/pages\/3712"}],"collection":[{"href":"https:\/\/tolosandco.org\/es\/wp-json\/wp\/v2\/pages"}],"about":[{"href":"https:\/\/tolosandco.org\/es\/wp-json\/wp\/v2\/types\/page"}],"author":[{"embeddable":true,"href":"https:\/\/tolosandco.org\/es\/wp-json\/wp\/v2\/users\/1"}],"replies":[{"embeddable":true,"href":"https:\/\/tolosandco.org\/es\/wp-json\/wp\/v2\/comments?post=3712"}],"version-history":[{"count":6,"href":"https:\/\/tolosandco.org\/es\/wp-json\/wp\/v2\/pages\/3712\/revisions"}],"predecessor-version":[{"id":13538,"href":"https:\/\/tolosandco.org\/es\/wp-json\/wp\/v2\/pages\/3712\/revisions\/13538"}],"wp:attachment":[{"href":"https:\/\/tolosandco.org\/es\/wp-json\/wp\/v2\/media?parent=3712"}],"curies":[{"name":"wp","href":"https:\/\/api.w.org\/{rel}","templated":true}]}}